{"id":18892,"date":"2023-09-29T13:49:55","date_gmt":"2023-09-29T10:49:55","guid":{"rendered":"https:\/\/medisfaar.ee\/?page_id=18892"},"modified":"2026-01-15T13:35:23","modified_gmt":"2026-01-15T10:35:23","slug":"uzi-beremennostj-tseny","status":"publish","type":"page","link":"https:\/\/medisfaar.ee\/ru\/uzi-beremennostj-tseny\/","title":{"rendered":"\u0423\u0417\u0418 \u0411\u0415\u0420\u0415\u041c\u0415\u041d\u041d\u041e\u0421\u0422\u0418. \u0426\u0415\u041d\u042b \u0421 01.01.2026"},"content":{"rendered":"<div id=\"cmsmasters_row_hczcjmnzlq\" class=\"cmsmasters_row cmsmasters_color_scheme_default cmsmasters_row_top_default cmsmasters_row_bot_default cmsmasters_row_boxed\">\n<div class=\"cmsmasters_row_outer_parent\">\n<div class=\"cmsmasters_row_outer\">\n<div class=\"cmsmasters_row_inner\">\n<div class=\"cmsmasters_row_margin\">\n<div id=\"cmsmasters_column_0f0xveutie\" class=\"cmsmasters_column one_first\">\n<div class=\"cmsmasters_column_inner\"><div class=\"cmsmasters_wrap_table\"><table class=\"cmsmasters_table\"><caption><\/caption><thead><tr class=\"cmsmasters_table_row_header\"><th class=\"cmsmasters_table_cell_alignleft\">\u041d\u0410\u0418\u041c\u0415\u041d\u041e\u0412\u0410\u041d\u0418\u0415 \u0423\u0421\u041b\u0423\u0413\u0418<\/th><th class=\"cmsmasters_table_cell_alignleft\">\u0426\u0415\u041d\u0410<\/th><\/tr><\/thead><tr><td class=\"cmsmasters_table_cell_alignleft\">\u041e\u0421\u041a\u0410\u0420 \u0442\u0435\u0441\u0442, 11-13 \u043d\u0435\u0434\u0435\u043b\u044f<\/td><td class=\"cmsmasters_table_cell_alignleft\">180<\/td><\/tr><tr><td class=\"cmsmasters_table_cell_alignleft\">\u041e\u0421\u041a\u0410\u0420 \u0442\u0435\u0441\u0442 (\u0431\u043b\u0438\u0437\u043d\u0435\u0446\u044b)<\/td><td class=\"cmsmasters_table_cell_alignleft\">215<\/td><\/tr><tr><td class=\"cmsmasters_table_cell_alignleft\">\u0423\u043b\u044c\u0442\u0440\u0430\u0437\u0432\u0443\u043a\u043e\u0432\u043e\u0435 \u0438\u0441\u0441\u043b\u0435\u0434\u043e\u0432\u0430\u043d\u0438\u0435 \u043f\u043e\u0440\u043e\u043a\u043e\u0432 \u0440\u0430\u0437\u0432\u0438\u0442\u0438\u044f \u043f\u043b\u043e\u0434\u0430 &#8211; \u0410\u043d\u0430\u0442\u043e\u043c\u0438\u0447\u0435\u0441\u043a\u0438\u0439 \u0441\u043a\u0440\u0438\u043d\u0438\u043d\u0433 \u043f\u043b\u043e\u0434\u0430 II \u0442\u0440\u0438\u043c\u0435\u0441\u0442\u0440<\/td><td class=\"cmsmasters_table_cell_alignleft\">150<\/td><\/tr><tr><td class=\"cmsmasters_table_cell_alignleft\">\u0423\u043b\u044c\u0442\u0440\u0430\u0437\u0432\u0443\u043a\u043e\u0432\u043e\u0435 \u0438\u0441\u0441\u043b\u0435\u0434\u043e\u0432\u0430\u043d\u0438\u0435 \u043f\u043e\u0440\u043e\u043a\u043e\u0432 \u0440\u0430\u0437\u0432\u0438\u0442\u0438\u044f \u043f\u043b\u043e\u0434\u0430 &#8211; \u0410\u043d\u0430\u0442\u043e\u043c\u0438\u0447\u0435\u0441\u043a\u0438\u0439 \u0441\u043a\u0440\u0438\u043d\u0438\u043d\u0433 \u043f\u043b\u043e\u0434\u0430 II \u0442\u0440\u0438\u043c\u0435\u0441\u0442\u0440 (\u0431\u043b\u0438\u0437\u043d\u0435\u0446\u044b)<\/td><td class=\"cmsmasters_table_cell_alignleft\">185<\/td><\/tr><tr><td class=\"cmsmasters_table_cell_alignleft\">\u0423\u043b\u044c\u0442\u0440\u0430\u0437\u0432\u0443\u043a\u043e\u0432\u043e\u0435 \u0438\u0441\u0441\u043b\u0435\u0434\u043e\u0432\u0430\u043d\u0438\u0435 \u0446\u0435\u043d\u0442\u0440\u0430\u043b\u044c\u043d\u043e\u0439 \u043d\u0435\u0440\u0432\u043d\u043e\u0439 \u0441\u0438\u0441\u0442\u0435\u043c\u044b \u043f\u043b\u043e\u0434\u0430, 20 &#8211; 22 \u043d\u0435\u0434\u0435\u043b\u044f<\/td><td class=\"cmsmasters_table_cell_alignleft\">270<\/td><\/tr><tr><td class=\"cmsmasters_table_cell_alignleft\">\u0423\u0417\u0418 \u0446\u0435\u043d\u0442\u0440\u0430\u043b\u044c\u043d\u043e\u0439 \u043d\u0435\u0440\u0432\u043d\u043e\u0439 \u0441\u0438\u0441\u0442\u0435\u043c\u044b \u043f\u043b\u043e\u0434\u0430 (\u0431\u043b\u0438\u0437\u043d\u0435\u0446\u044b)<\/td><td class=\"cmsmasters_table_cell_alignleft\">320<\/td><\/tr><tr><td class=\"cmsmasters_table_cell_alignleft\">\u0414\u0435\u0442\u0430\u043b\u044c\u043d\u043e\u0435 \u043e\u0431\u0441\u043b\u0435\u0434\u043e\u0432\u0430\u043d\u0438\u0435 \u0441\u0430\u043c\u043e\u0447\u0443\u0432\u0441\u0442\u0432\u0438\u044f \u043f\u043b\u043e\u0434\u0430, \u043d\u0430 \u043b\u044e\u0431\u043e\u043c \u0441\u0440\u043e\u043a\u0435<\/td><td class=\"cmsmasters_table_cell_alignleft\">190<\/td><\/tr><tr><td class=\"cmsmasters_table_cell_alignleft\">\u0414\u0435\u0442\u0430\u043b\u044c\u043d\u043e\u0435 \u043e\u0431\u0441\u043b\u0435\u0434\u043e\u0432\u0430\u043d\u0438\u0435 \u0441\u0430\u043c\u043e\u0447\u0443\u0432\u0441\u0442\u0432\u0438\u044f \u043f\u043b\u043e\u0434\u0430 (\u0431\u043b\u0438\u0437\u043d\u0435\u0446\u044b)<\/td><td class=\"cmsmasters_table_cell_alignleft\">240.00<\/td><\/tr><tfoot><tr class=\"cmsmasters_table_row_footer\"><td class=\"cmsmasters_table_cell_alignleft\"><\/td><td class=\"cmsmasters_table_cell_alignleft\"><\/td><\/tr><\/tfoot><\/table><\/div>\n<\/div><\/div>\n<\/div>\n<\/div>\n<\/div>\n<\/div>\n<\/div>\n\n","protected":false},"excerpt":{"rendered":"","protected":false},"author":1,"featured_media":0,"parent":0,"menu_order":0,"comment_status":"closed","ping_status":"closed","template":"","meta":{"footnotes":""},"class_list":["post-18892","page","type-page","status-publish","hentry"],"yoast_head":"<!-- This site is optimized with the Yoast SEO plugin v27.6 - https:\/\/yoast.com\/product\/yoast-seo-wordpress\/ -->\n<title>\u0423\u0417\u0418 \u0411\u0415\u0420\u0415\u041c\u0415\u041d\u041d\u041e\u0421\u0422\u0418. \u0426\u0415\u041d\u042b \u0421 01.01.2026 - medisfaar.ee<\/title>\n<meta name=\"robots\" content=\"index, follow, max-snippet:-1, max-image-preview:large, max-video-preview:-1\" \/>\n<link rel=\"canonical\" href=\"https:\/\/medisfaar.ee\/ru\/uzi-beremennostj-tseny\/\" \/>\n<meta property=\"og:locale\" content=\"ru_RU\" \/>\n<meta property=\"og:type\" content=\"article\" \/>\n<meta property=\"og:title\" content=\"\u0423\u0417\u0418 \u0411\u0415\u0420\u0415\u041c\u0415\u041d\u041d\u041e\u0421\u0422\u0418. \u0426\u0415\u041d\u042b \u0421 01.01.2026 - medisfaar.ee\" \/>\n<meta property=\"og:url\" content=\"https:\/\/medisfaar.ee\/ru\/uzi-beremennostj-tseny\/\" \/>\n<meta property=\"og:site_name\" content=\"medisfaar.ee\" \/>\n<meta property=\"article:modified_time\" content=\"2026-01-15T10:35:23+00:00\" \/>\n<meta name=\"twitter:card\" content=\"summary_large_image\" \/>\n<meta name=\"twitter:label1\" content=\"\u041f\u0440\u0438\u043c\u0435\u0440\u043d\u043e\u0435 \u0432\u0440\u0435\u043c\u044f \u0434\u043b\u044f \u0447\u0442\u0435\u043d\u0438\u044f\" \/>\n\t<meta name=\"twitter:data1\" content=\"1 \u043c\u0438\u043d\u0443\u0442\u0430\" \/>\n<script type=\"application\/ld+json\" class=\"yoast-schema-graph\">{\"@context\":\"https:\\\/\\\/schema.org\",\"@graph\":[{\"@type\":\"WebPage\",\"@id\":\"https:\\\/\\\/medisfaar.ee\\\/ru\\\/uzi-beremennostj-tseny\\\/\",\"url\":\"https:\\\/\\\/medisfaar.ee\\\/ru\\\/uzi-beremennostj-tseny\\\/\",\"name\":\"\u0423\u0417\u0418 \u0411\u0415\u0420\u0415\u041c\u0415\u041d\u041d\u041e\u0421\u0422\u0418. \u0426\u0415\u041d\u042b \u0421 01.01.2026 - medisfaar.ee\",\"isPartOf\":{\"@id\":\"https:\\\/\\\/medisfaar.ee\\\/#website\"},\"datePublished\":\"2023-09-29T10:49:55+00:00\",\"dateModified\":\"2026-01-15T10:35:23+00:00\",\"breadcrumb\":{\"@id\":\"https:\\\/\\\/medisfaar.ee\\\/ru\\\/uzi-beremennostj-tseny\\\/#breadcrumb\"},\"inLanguage\":\"ru-RU\",\"potentialAction\":[{\"@type\":\"ReadAction\",\"target\":[\"https:\\\/\\\/medisfaar.ee\\\/ru\\\/uzi-beremennostj-tseny\\\/\"]}]},{\"@type\":\"BreadcrumbList\",\"@id\":\"https:\\\/\\\/medisfaar.ee\\\/ru\\\/uzi-beremennostj-tseny\\\/#breadcrumb\",\"itemListElement\":[{\"@type\":\"ListItem\",\"position\":1,\"name\":\"\u0413\u043b\u0430\u0432\u043d\u0430\u044f\",\"item\":\"https:\\\/\\\/medisfaar.ee\\\/ru\\\/\"},{\"@type\":\"ListItem\",\"position\":2,\"name\":\"\u0423\u0417\u0418 \u0411\u0415\u0420\u0415\u041c\u0415\u041d\u041d\u041e\u0421\u0422\u0418. \u0426\u0415\u041d\u042b \u0421 01.01.2026\"}]},{\"@type\":\"WebSite\",\"@id\":\"https:\\\/\\\/medisfaar.ee\\\/#website\",\"url\":\"https:\\\/\\\/medisfaar.ee\\\/\",\"name\":\"medisfaar.ee\",\"description\":\"Oleme Teie k\u00f5rval, ravime ja t\u00f6\u00f6tame Teie tervise nimel!\",\"potentialAction\":[{\"@type\":\"SearchAction\",\"target\":{\"@type\":\"EntryPoint\",\"urlTemplate\":\"https:\\\/\\\/medisfaar.ee\\\/?s={search_term_string}\"},\"query-input\":{\"@type\":\"PropertyValueSpecification\",\"valueRequired\":true,\"valueName\":\"search_term_string\"}}],\"inLanguage\":\"ru-RU\"}]}<\/script>\n<!-- \/ Yoast SEO plugin. -->","yoast_head_json":{"title":"\u0423\u0417\u0418 \u0411\u0415\u0420\u0415\u041c\u0415\u041d\u041d\u041e\u0421\u0422\u0418. \u0426\u0415\u041d\u042b \u0421 01.01.2026 - medisfaar.ee","robots":{"index":"index","follow":"follow","max-snippet":"max-snippet:-1","max-image-preview":"max-image-preview:large","max-video-preview":"max-video-preview:-1"},"canonical":"https:\/\/medisfaar.ee\/ru\/uzi-beremennostj-tseny\/","og_locale":"ru_RU","og_type":"article","og_title":"\u0423\u0417\u0418 \u0411\u0415\u0420\u0415\u041c\u0415\u041d\u041d\u041e\u0421\u0422\u0418. \u0426\u0415\u041d\u042b \u0421 01.01.2026 - medisfaar.ee","og_url":"https:\/\/medisfaar.ee\/ru\/uzi-beremennostj-tseny\/","og_site_name":"medisfaar.ee","article_modified_time":"2026-01-15T10:35:23+00:00","twitter_card":"summary_large_image","twitter_misc":{"\u041f\u0440\u0438\u043c\u0435\u0440\u043d\u043e\u0435 \u0432\u0440\u0435\u043c\u044f \u0434\u043b\u044f \u0447\u0442\u0435\u043d\u0438\u044f":"1 \u043c\u0438\u043d\u0443\u0442\u0430"},"schema":{"@context":"https:\/\/schema.org","@graph":[{"@type":"WebPage","@id":"https:\/\/medisfaar.ee\/ru\/uzi-beremennostj-tseny\/","url":"https:\/\/medisfaar.ee\/ru\/uzi-beremennostj-tseny\/","name":"\u0423\u0417\u0418 \u0411\u0415\u0420\u0415\u041c\u0415\u041d\u041d\u041e\u0421\u0422\u0418. \u0426\u0415\u041d\u042b \u0421 01.01.2026 - medisfaar.ee","isPartOf":{"@id":"https:\/\/medisfaar.ee\/#website"},"datePublished":"2023-09-29T10:49:55+00:00","dateModified":"2026-01-15T10:35:23+00:00","breadcrumb":{"@id":"https:\/\/medisfaar.ee\/ru\/uzi-beremennostj-tseny\/#breadcrumb"},"inLanguage":"ru-RU","potentialAction":[{"@type":"ReadAction","target":["https:\/\/medisfaar.ee\/ru\/uzi-beremennostj-tseny\/"]}]},{"@type":"BreadcrumbList","@id":"https:\/\/medisfaar.ee\/ru\/uzi-beremennostj-tseny\/#breadcrumb","itemListElement":[{"@type":"ListItem","position":1,"name":"\u0413\u043b\u0430\u0432\u043d\u0430\u044f","item":"https:\/\/medisfaar.ee\/ru\/"},{"@type":"ListItem","position":2,"name":"\u0423\u0417\u0418 \u0411\u0415\u0420\u0415\u041c\u0415\u041d\u041d\u041e\u0421\u0422\u0418. \u0426\u0415\u041d\u042b \u0421 01.01.2026"}]},{"@type":"WebSite","@id":"https:\/\/medisfaar.ee\/#website","url":"https:\/\/medisfaar.ee\/","name":"medisfaar.ee","description":"Oleme Teie k\u00f5rval, ravime ja t\u00f6\u00f6tame Teie tervise nimel!","potentialAction":[{"@type":"SearchAction","target":{"@type":"EntryPoint","urlTemplate":"https:\/\/medisfaar.ee\/?s={search_term_string}"},"query-input":{"@type":"PropertyValueSpecification","valueRequired":true,"valueName":"search_term_string"}}],"inLanguage":"ru-RU"}]}},"_links":{"self":[{"href":"https:\/\/medisfaar.ee\/ru\/wp-json\/wp\/v2\/pages\/18892","targetHints":{"allow":["GET"]}}],"collection":[{"href":"https:\/\/medisfaar.ee\/ru\/wp-json\/wp\/v2\/pages"}],"about":[{"href":"https:\/\/medisfaar.ee\/ru\/wp-json\/wp\/v2\/types\/page"}],"author":[{"embeddable":true,"href":"https:\/\/medisfaar.ee\/ru\/wp-json\/wp\/v2\/users\/1"}],"replies":[{"embeddable":true,"href":"https:\/\/medisfaar.ee\/ru\/wp-json\/wp\/v2\/comments?post=18892"}],"version-history":[{"count":8,"href":"https:\/\/medisfaar.ee\/ru\/wp-json\/wp\/v2\/pages\/18892\/revisions"}],"predecessor-version":[{"id":19422,"href":"https:\/\/medisfaar.ee\/ru\/wp-json\/wp\/v2\/pages\/18892\/revisions\/19422"}],"wp:attachment":[{"href":"https:\/\/medisfaar.ee\/ru\/wp-json\/wp\/v2\/media?parent=18892"}],"curies":[{"name":"wp","href":"https:\/\/api.w.org\/{rel}","templated":true}]}}