{"id":17219,"date":"2021-04-15T15:03:00","date_gmt":"2021-04-15T12:03:00","guid":{"rendered":"https:\/\/medisfaar.ee\/hammaste-proteesimine\/"},"modified":"2021-05-12T12:17:28","modified_gmt":"2021-05-12T09:17:28","slug":"stomatologicheskoe-protezirovanie","status":"publish","type":"page","link":"https:\/\/medisfaar.ee\/ru\/stomatologicheskoe-protezirovanie\/","title":{"rendered":"\u0421\u0422\u041e\u041c\u0410\u0422\u041e\u041b\u041e\u0413\u0418\u0427\u0415\u0421\u041a\u041e\u0415 \u041f\u0420\u041e\u0422\u0415\u0417\u0418\u0420\u041e\u0412\u0410\u041d\u0418\u0415"},"content":{"rendered":"<div id=\"cmsmasters_row_hbvrlh7s7r\" class=\"cmsmasters_row cmsmasters_color_scheme_default cmsmasters_row_top_default cmsmasters_row_bot_default cmsmasters_row_boxed\">\n<div class=\"cmsmasters_row_outer_parent\">\n<div class=\"cmsmasters_row_outer\">\n<div class=\"cmsmasters_row_inner\">\n<div class=\"cmsmasters_row_margin\">\n<div id=\"cmsmasters_column_jbfrijzue\" class=\"cmsmasters_column one_first\">\n<div class=\"cmsmasters_column_inner\"><div class=\"aligncenter\"><div class=\"cmsmasters_img  cmsmasters_image_c\"><img decoding=\"async\" src=\"https:\/\/medisfaar.ee\/wp-content\/uploads\/2021\/04\/protezirovanie-1-300x191.jpg\" \/><\/div><\/div>\n<\/div><\/div>\n<\/div>\n<\/div>\n<\/div>\n<\/div>\n<\/div>\n<div id=\"cmsmasters_row_s4mz6seab\" class=\"cmsmasters_row cmsmasters_color_scheme_default cmsmasters_row_top_default cmsmasters_row_bot_default cmsmasters_row_boxed\">\n<div class=\"cmsmasters_row_outer_parent\">\n<div class=\"cmsmasters_row_outer\">\n<div class=\"cmsmasters_row_inner\">\n<div class=\"cmsmasters_row_margin\">\n<div id=\"cmsmasters_column_k80mwaw94p\" class=\"cmsmasters_column one_first\">\n<div class=\"cmsmasters_column_inner\"><div class=\"cmsmasters_text\">\n<h2 style=\"text-align: center;\"><strong>\u0421\u0422\u041e\u041c\u0410\u0422\u041e\u041b\u041e\u0413\u0418\u0427\u0415\u0421\u041a\u041e\u0415 \u041f\u0420\u041e\u0422\u0415\u0417\u0418\u0420\u041e\u0412\u0410\u041d\u0418\u0415<\/strong><\/h2>\n<p>\u0421\u0442\u043e\u043c\u0430\u0442\u043e\u043b\u043e\u0433\u0438\u0447\u0435\u0441\u043a\u043e\u0435 \u043f\u0440\u043e\u0442\u0435\u0437\u0438\u0440\u043e\u0432\u0430\u043d\u0438\u0435 &#8211; \u044d\u0442\u043e \u043a\u043e\u043c\u043f\u043b\u0435\u043a\u0441 \u043f\u0440\u043e\u0446\u0435\u0434\u0443\u0440 \u043f\u043e \u0432\u043e\u0441\u0441\u0442\u0430\u043d\u043e\u0432\u043b\u0435\u043d\u0438\u044e \u0440\u0430\u0437\u0440\u0443\u0448\u0435\u043d\u043d\u044b\u0445 \u0437\u0443\u0431\u043e\u0432, \u0438\u0445 \u044d\u0441\u0442\u0435\u0442\u0438\u043a\u0438, \u043f\u0443\u0442\u0435\u043c \u0443\u0441\u0442\u0430\u043d\u043e\u0432\u043a\u0438 \u0437\u0443\u0431\u043d\u044b\u0445 \u043f\u0440\u043e\u0442\u0435\u0437\u043e\u0432. \u041f\u0440\u043e\u0442\u0435\u0437\u0438\u0440\u043e\u0432\u0430\u043d\u0438\u0435 \u0437\u0443\u0431\u043e\u0432 \u0431\u044b\u0432\u0430\u0435\u0442 \u0441\u044a\u0451\u043c\u043d\u044b\u043c \u0438 \u043d\u0435\u0441\u044a\u0435\u043c\u043d\u044b\u043c (<a href=\"https:\/\/ru.wikipedia.org\/wiki\/%D0%A1%D1%82%D0%BE%D0%BC%D0%B0%D1%82%D0%BE%D0%BB%D0%BE%D0%B3%D0%B8%D1%87%D0%B5%D1%81%D0%BA%D0%B8%D0%B5_%D0%BA%D0%BE%D1%80%D0%BE%D0%BD%D0%BA%D0%B8\">\u043a\u043e\u0440\u043e\u043d\u043a\u0438<\/a>, \u043c\u043e\u0441\u0442\u043e\u0432\u0438\u0434\u043d\u044b\u0435 \u043a\u043e\u043d\u0441\u0442\u0440\u0443\u043a\u0446\u0438\u0438, \u043a\u043e\u0442\u043e\u0440\u044b\u0435 \u0444\u0438\u043a\u0441\u0438\u0440\u0443\u044e\u0442 \u043d\u0430 \u0441\u0442\u043e\u043c\u0430\u0442\u043e\u043b\u043e\u0433\u0438\u0447\u0435\u0441\u043a\u0438\u0435 \u0446\u0435\u043c\u0435\u043d\u0442\u044b). \u0421\u044a\u0451\u043c\u043d\u044b\u0435 \u043f\u0440\u043e\u0442\u0435\u0437\u044b \u0441\u0442\u0430\u0432\u044f\u0442 \u043f\u0440\u0438 \u043e\u0442\u0441\u0443\u0442\u0441\u0442\u0432\u0438\u0438 \u0431\u043e\u043b\u044c\u0448\u043e\u0433\u043e \u043a\u043e\u043b\u0438\u0447\u0435\u0441\u0442\u0432\u0430 \u0438\u043b\u0438 \u0432\u0441\u0435\u0445 \u0437\u0443\u0431\u043e\u0432 \u0432 \u0440\u044f\u0434\u0443. \u041f\u0440\u043e\u0442\u0435\u0437 \u043c\u043e\u0436\u0435\u0442 \u043a\u0440\u0435\u043f\u0438\u0442\u044c\u0441\u044f \u043a \u043d\u0451\u0431\u0443 \u0438\u043b\u0438 \u0444\u0438\u043a\u0441\u0438\u0440\u043e\u0432\u0430\u0442\u044c\u0441\u044f \u043d\u0430 \u043e\u043f\u043e\u0440\u043d\u044b\u0435 \u0437\u0443\u0431\u044b (\u0438\u043c\u043f\u043b\u0430\u043d\u0442\u044b).<\/p>\n<\/div>\n<\/div><\/div>\n<\/div>\n<\/div>\n<\/div>\n<\/div>\n<\/div>\n<div id=\"cmsmasters_row_kwp7kr438o\" class=\"cmsmasters_row cmsmasters_color_scheme_default cmsmasters_row_top_default cmsmasters_row_bot_default cmsmasters_row_boxed\">\n<div class=\"cmsmasters_row_outer_parent\">\n<div class=\"cmsmasters_row_outer\">\n<div class=\"cmsmasters_row_inner\">\n<div class=\"cmsmasters_row_margin\">\n<div id=\"cmsmasters_column_krxoche6zn\" class=\"cmsmasters_column one_first\">\n<div class=\"cmsmasters_column_inner\"><div id=\"cmsmasters_button_6yd8ozsfgk\" class=\"button_wrap\"><a href=\"https:\/\/medisfaar.ee\/ru\/project\/stomatoloogia-hambaravi-proteesimine-hambaravi-uldnarkoosis\/\" class=\"cmsmasters_button\"><span>\u043d\u0430\u0437\u0430\u0434<\/span><\/a><\/div>\n<\/div><\/div>\n<\/div>\n<\/div>\n<\/div>\n<\/div>\n<\/div>\n\n","protected":false},"excerpt":{"rendered":"","protected":false},"author":1,"featured_media":0,"parent":0,"menu_order":0,"comment_status":"closed","ping_status":"closed","template":"","meta":{"footnotes":""},"class_list":["post-17219","page","type-page","status-publish","hentry"],"yoast_head":"<!-- This site is optimized with the Yoast SEO plugin v27.5 - https:\/\/yoast.com\/product\/yoast-seo-wordpress\/ -->\n<title>\u0421\u0422\u041e\u041c\u0410\u0422\u041e\u041b\u041e\u0413\u0418\u0427\u0415\u0421\u041a\u041e\u0415 \u041f\u0420\u041e\u0422\u0415\u0417\u0418\u0420\u041e\u0412\u0410\u041d\u0418\u0415 - medisfaar.ee<\/title>\n<meta name=\"description\" content=\"\u0421\u0442\u043e\u043c\u0430\u0442\u043e\u043b\u043e\u0433\u0438\u0447\u0435\u0441\u043a\u043e\u0435 \u043f\u0440\u043e\u0442\u0435\u0437\u0438\u0440\u043e\u0432\u0430\u043d\u0438\u0435 - \u044d\u0442\u043e \u043a\u043e\u043c\u043f\u043b\u0435\u043a\u0441 \u043f\u0440\u043e\u0446\u0435\u0434\u0443\u0440 \u043f\u043e \u0432\u043e\u0441\u0441\u0442\u0430\u043d\u043e\u0432\u043b\u0435\u043d\u0438\u044e \u0440\u0430\u0437\u0440\u0443\u0448\u0435\u043d\u043d\u044b\u0445 \u0437\u0443\u0431\u043e\u0432, \u0438\u0445 \u044d\u0441\u0442\u0435\u0442\u0438\u043a\u0438, \u043f\u0443\u0442\u0435\u043c \u0443\u0441\u0442\u0430\u043d\u043e\u0432\u043a\u0438 \u0437\u0443\u0431\u043d\u044b\u0445 \u043f\u0440\u043e\u0442\u0435\u0437\u043e\u0432\" \/>\n<meta name=\"robots\" content=\"index, follow, max-snippet:-1, max-image-preview:large, max-video-preview:-1\" \/>\n<link rel=\"canonical\" href=\"https:\/\/medisfaar.ee\/ru\/\u0441\u0442\u043e\u043c\u0430\u0442\u043e\u043b\u043e\u0433\u0438\u0447\u0435\u0441\u043a\u043e\u0435-\u043f\u0440\u043e\u0442\u0435\u0437\u0438\u0440\u043e\u0432\u0430\u043d\u0438\u0435\/\" \/>\n<meta property=\"og:locale\" content=\"ru_RU\" \/>\n<meta property=\"og:type\" content=\"article\" \/>\n<meta property=\"og:title\" content=\"\u0421\u0422\u041e\u041c\u0410\u0422\u041e\u041b\u041e\u0413\u0418\u0427\u0415\u0421\u041a\u041e\u0415 \u041f\u0420\u041e\u0422\u0415\u0417\u0418\u0420\u041e\u0412\u0410\u041d\u0418\u0415 - medisfaar.ee\" \/>\n<meta property=\"og:description\" content=\"\u0421\u0442\u043e\u043c\u0430\u0442\u043e\u043b\u043e\u0433\u0438\u0447\u0435\u0441\u043a\u043e\u0435 \u043f\u0440\u043e\u0442\u0435\u0437\u0438\u0440\u043e\u0432\u0430\u043d\u0438\u0435 - \u044d\u0442\u043e \u043a\u043e\u043c\u043f\u043b\u0435\u043a\u0441 \u043f\u0440\u043e\u0446\u0435\u0434\u0443\u0440 \u043f\u043e \u0432\u043e\u0441\u0441\u0442\u0430\u043d\u043e\u0432\u043b\u0435\u043d\u0438\u044e \u0440\u0430\u0437\u0440\u0443\u0448\u0435\u043d\u043d\u044b\u0445 \u0437\u0443\u0431\u043e\u0432, \u0438\u0445 \u044d\u0441\u0442\u0435\u0442\u0438\u043a\u0438, \u043f\u0443\u0442\u0435\u043c \u0443\u0441\u0442\u0430\u043d\u043e\u0432\u043a\u0438 \u0437\u0443\u0431\u043d\u044b\u0445 \u043f\u0440\u043e\u0442\u0435\u0437\u043e\u0432\" \/>\n<meta property=\"og:url\" content=\"https:\/\/medisfaar.ee\/ru\/\u0441\u0442\u043e\u043c\u0430\u0442\u043e\u043b\u043e\u0433\u0438\u0447\u0435\u0441\u043a\u043e\u0435-\u043f\u0440\u043e\u0442\u0435\u0437\u0438\u0440\u043e\u0432\u0430\u043d\u0438\u0435\/\" \/>\n<meta property=\"og:site_name\" content=\"medisfaar.ee\" \/>\n<meta property=\"article:modified_time\" content=\"2021-05-12T09:17:28+00:00\" \/>\n<meta name=\"twitter:card\" content=\"summary_large_image\" \/>\n<meta name=\"twitter:label1\" content=\"\u041f\u0440\u0438\u043c\u0435\u0440\u043d\u043e\u0435 \u0432\u0440\u0435\u043c\u044f \u0434\u043b\u044f \u0447\u0442\u0435\u043d\u0438\u044f\" \/>\n\t<meta name=\"twitter:data1\" content=\"1 \u043c\u0438\u043d\u0443\u0442\u0430\" \/>\n<script type=\"application\/ld+json\" class=\"yoast-schema-graph\">{\"@context\":\"https:\\\/\\\/schema.org\",\"@graph\":[{\"@type\":\"WebPage\",\"@id\":\"https:\\\/\\\/medisfaar.ee\\\/ru\\\/%d1%81%d1%82%d0%be%d0%bc%d0%b0%d1%82%d0%be%d0%bb%d0%be%d0%b3%d0%b8%d1%87%d0%b5%d1%81%d0%ba%d0%be%d0%b5-%d0%bf%d1%80%d0%be%d1%82%d0%b5%d0%b7%d0%b8%d1%80%d0%be%d0%b2%d0%b0%d0%bd%d0%b8%d0%b5\\\/\",\"url\":\"https:\\\/\\\/medisfaar.ee\\\/ru\\\/%d1%81%d1%82%d0%be%d0%bc%d0%b0%d1%82%d0%be%d0%bb%d0%be%d0%b3%d0%b8%d1%87%d0%b5%d1%81%d0%ba%d0%be%d0%b5-%d0%bf%d1%80%d0%be%d1%82%d0%b5%d0%b7%d0%b8%d1%80%d0%be%d0%b2%d0%b0%d0%bd%d0%b8%d0%b5\\\/\",\"name\":\"\u0421\u0422\u041e\u041c\u0410\u0422\u041e\u041b\u041e\u0413\u0418\u0427\u0415\u0421\u041a\u041e\u0415 \u041f\u0420\u041e\u0422\u0415\u0417\u0418\u0420\u041e\u0412\u0410\u041d\u0418\u0415 - medisfaar.ee\",\"isPartOf\":{\"@id\":\"https:\\\/\\\/medisfaar.ee\\\/#website\"},\"datePublished\":\"2021-04-15T12:03:00+00:00\",\"dateModified\":\"2021-05-12T09:17:28+00:00\",\"description\":\"\u0421\u0442\u043e\u043c\u0430\u0442\u043e\u043b\u043e\u0433\u0438\u0447\u0435\u0441\u043a\u043e\u0435 \u043f\u0440\u043e\u0442\u0435\u0437\u0438\u0440\u043e\u0432\u0430\u043d\u0438\u0435 - \u044d\u0442\u043e \u043a\u043e\u043c\u043f\u043b\u0435\u043a\u0441 \u043f\u0440\u043e\u0446\u0435\u0434\u0443\u0440 \u043f\u043e \u0432\u043e\u0441\u0441\u0442\u0430\u043d\u043e\u0432\u043b\u0435\u043d\u0438\u044e \u0440\u0430\u0437\u0440\u0443\u0448\u0435\u043d\u043d\u044b\u0445 \u0437\u0443\u0431\u043e\u0432, \u0438\u0445 \u044d\u0441\u0442\u0435\u0442\u0438\u043a\u0438, \u043f\u0443\u0442\u0435\u043c \u0443\u0441\u0442\u0430\u043d\u043e\u0432\u043a\u0438 \u0437\u0443\u0431\u043d\u044b\u0445 \u043f\u0440\u043e\u0442\u0435\u0437\u043e\u0432\",\"breadcrumb\":{\"@id\":\"https:\\\/\\\/medisfaar.ee\\\/ru\\\/%d1%81%d1%82%d0%be%d0%bc%d0%b0%d1%82%d0%be%d0%bb%d0%be%d0%b3%d0%b8%d1%87%d0%b5%d1%81%d0%ba%d0%be%d0%b5-%d0%bf%d1%80%d0%be%d1%82%d0%b5%d0%b7%d0%b8%d1%80%d0%be%d0%b2%d0%b0%d0%bd%d0%b8%d0%b5\\\/#breadcrumb\"},\"inLanguage\":\"ru-RU\",\"potentialAction\":[{\"@type\":\"ReadAction\",\"target\":[\"https:\\\/\\\/medisfaar.ee\\\/ru\\\/%d1%81%d1%82%d0%be%d0%bc%d0%b0%d1%82%d0%be%d0%bb%d0%be%d0%b3%d0%b8%d1%87%d0%b5%d1%81%d0%ba%d0%be%d0%b5-%d0%bf%d1%80%d0%be%d1%82%d0%b5%d0%b7%d0%b8%d1%80%d0%be%d0%b2%d0%b0%d0%bd%d0%b8%d0%b5\\\/\"]}]},{\"@type\":\"BreadcrumbList\",\"@id\":\"https:\\\/\\\/medisfaar.ee\\\/ru\\\/%d1%81%d1%82%d0%be%d0%bc%d0%b0%d1%82%d0%be%d0%bb%d0%be%d0%b3%d0%b8%d1%87%d0%b5%d1%81%d0%ba%d0%be%d0%b5-%d0%bf%d1%80%d0%be%d1%82%d0%b5%d0%b7%d0%b8%d1%80%d0%be%d0%b2%d0%b0%d0%bd%d0%b8%d0%b5\\\/#breadcrumb\",\"itemListElement\":[{\"@type\":\"ListItem\",\"position\":1,\"name\":\"\u0413\u043b\u0430\u0432\u043d\u0430\u044f\",\"item\":\"https:\\\/\\\/medisfaar.ee\\\/ru\\\/\"},{\"@type\":\"ListItem\",\"position\":2,\"name\":\"\u0421\u0422\u041e\u041c\u0410\u0422\u041e\u041b\u041e\u0413\u0418\u0427\u0415\u0421\u041a\u041e\u0415 \u041f\u0420\u041e\u0422\u0415\u0417\u0418\u0420\u041e\u0412\u0410\u041d\u0418\u0415\"}]},{\"@type\":\"WebSite\",\"@id\":\"https:\\\/\\\/medisfaar.ee\\\/#website\",\"url\":\"https:\\\/\\\/medisfaar.ee\\\/\",\"name\":\"medisfaar.ee\",\"description\":\"Oleme Teie k\u00f5rval, ravime ja t\u00f6\u00f6tame Teie tervise nimel!\",\"potentialAction\":[{\"@type\":\"SearchAction\",\"target\":{\"@type\":\"EntryPoint\",\"urlTemplate\":\"https:\\\/\\\/medisfaar.ee\\\/?s={search_term_string}\"},\"query-input\":{\"@type\":\"PropertyValueSpecification\",\"valueRequired\":true,\"valueName\":\"search_term_string\"}}],\"inLanguage\":\"ru-RU\"}]}<\/script>\n<!-- \/ Yoast SEO plugin. -->","yoast_head_json":{"title":"\u0421\u0422\u041e\u041c\u0410\u0422\u041e\u041b\u041e\u0413\u0418\u0427\u0415\u0421\u041a\u041e\u0415 \u041f\u0420\u041e\u0422\u0415\u0417\u0418\u0420\u041e\u0412\u0410\u041d\u0418\u0415 - medisfaar.ee","description":"\u0421\u0442\u043e\u043c\u0430\u0442\u043e\u043b\u043e\u0433\u0438\u0447\u0435\u0441\u043a\u043e\u0435 \u043f\u0440\u043e\u0442\u0435\u0437\u0438\u0440\u043e\u0432\u0430\u043d\u0438\u0435 - \u044d\u0442\u043e \u043a\u043e\u043c\u043f\u043b\u0435\u043a\u0441 \u043f\u0440\u043e\u0446\u0435\u0434\u0443\u0440 \u043f\u043e \u0432\u043e\u0441\u0441\u0442\u0430\u043d\u043e\u0432\u043b\u0435\u043d\u0438\u044e \u0440\u0430\u0437\u0440\u0443\u0448\u0435\u043d\u043d\u044b\u0445 \u0437\u0443\u0431\u043e\u0432, \u0438\u0445 \u044d\u0441\u0442\u0435\u0442\u0438\u043a\u0438, \u043f\u0443\u0442\u0435\u043c \u0443\u0441\u0442\u0430\u043d\u043e\u0432\u043a\u0438 \u0437\u0443\u0431\u043d\u044b\u0445 \u043f\u0440\u043e\u0442\u0435\u0437\u043e\u0432","robots":{"index":"index","follow":"follow","max-snippet":"max-snippet:-1","max-image-preview":"max-image-preview:large","max-video-preview":"max-video-preview:-1"},"canonical":"https:\/\/medisfaar.ee\/ru\/\u0441\u0442\u043e\u043c\u0430\u0442\u043e\u043b\u043e\u0433\u0438\u0447\u0435\u0441\u043a\u043e\u0435-\u043f\u0440\u043e\u0442\u0435\u0437\u0438\u0440\u043e\u0432\u0430\u043d\u0438\u0435\/","og_locale":"ru_RU","og_type":"article","og_title":"\u0421\u0422\u041e\u041c\u0410\u0422\u041e\u041b\u041e\u0413\u0418\u0427\u0415\u0421\u041a\u041e\u0415 \u041f\u0420\u041e\u0422\u0415\u0417\u0418\u0420\u041e\u0412\u0410\u041d\u0418\u0415 - medisfaar.ee","og_description":"\u0421\u0442\u043e\u043c\u0430\u0442\u043e\u043b\u043e\u0433\u0438\u0447\u0435\u0441\u043a\u043e\u0435 \u043f\u0440\u043e\u0442\u0435\u0437\u0438\u0440\u043e\u0432\u0430\u043d\u0438\u0435 - \u044d\u0442\u043e \u043a\u043e\u043c\u043f\u043b\u0435\u043a\u0441 \u043f\u0440\u043e\u0446\u0435\u0434\u0443\u0440 \u043f\u043e \u0432\u043e\u0441\u0441\u0442\u0430\u043d\u043e\u0432\u043b\u0435\u043d\u0438\u044e \u0440\u0430\u0437\u0440\u0443\u0448\u0435\u043d\u043d\u044b\u0445 \u0437\u0443\u0431\u043e\u0432, \u0438\u0445 \u044d\u0441\u0442\u0435\u0442\u0438\u043a\u0438, \u043f\u0443\u0442\u0435\u043c \u0443\u0441\u0442\u0430\u043d\u043e\u0432\u043a\u0438 \u0437\u0443\u0431\u043d\u044b\u0445 \u043f\u0440\u043e\u0442\u0435\u0437\u043e\u0432","og_url":"https:\/\/medisfaar.ee\/ru\/\u0441\u0442\u043e\u043c\u0430\u0442\u043e\u043b\u043e\u0433\u0438\u0447\u0435\u0441\u043a\u043e\u0435-\u043f\u0440\u043e\u0442\u0435\u0437\u0438\u0440\u043e\u0432\u0430\u043d\u0438\u0435\/","og_site_name":"medisfaar.ee","article_modified_time":"2021-05-12T09:17:28+00:00","twitter_card":"summary_large_image","twitter_misc":{"\u041f\u0440\u0438\u043c\u0435\u0440\u043d\u043e\u0435 \u0432\u0440\u0435\u043c\u044f \u0434\u043b\u044f \u0447\u0442\u0435\u043d\u0438\u044f":"1 \u043c\u0438\u043d\u0443\u0442\u0430"},"schema":{"@context":"https:\/\/schema.org","@graph":[{"@type":"WebPage","@id":"https:\/\/medisfaar.ee\/ru\/%d1%81%d1%82%d0%be%d0%bc%d0%b0%d1%82%d0%be%d0%bb%d0%be%d0%b3%d0%b8%d1%87%d0%b5%d1%81%d0%ba%d0%be%d0%b5-%d0%bf%d1%80%d0%be%d1%82%d0%b5%d0%b7%d0%b8%d1%80%d0%be%d0%b2%d0%b0%d0%bd%d0%b8%d0%b5\/","url":"https:\/\/medisfaar.ee\/ru\/%d1%81%d1%82%d0%be%d0%bc%d0%b0%d1%82%d0%be%d0%bb%d0%be%d0%b3%d0%b8%d1%87%d0%b5%d1%81%d0%ba%d0%be%d0%b5-%d0%bf%d1%80%d0%be%d1%82%d0%b5%d0%b7%d0%b8%d1%80%d0%be%d0%b2%d0%b0%d0%bd%d0%b8%d0%b5\/","name":"\u0421\u0422\u041e\u041c\u0410\u0422\u041e\u041b\u041e\u0413\u0418\u0427\u0415\u0421\u041a\u041e\u0415 \u041f\u0420\u041e\u0422\u0415\u0417\u0418\u0420\u041e\u0412\u0410\u041d\u0418\u0415 - medisfaar.ee","isPartOf":{"@id":"https:\/\/medisfaar.ee\/#website"},"datePublished":"2021-04-15T12:03:00+00:00","dateModified":"2021-05-12T09:17:28+00:00","description":"\u0421\u0442\u043e\u043c\u0430\u0442\u043e\u043b\u043e\u0433\u0438\u0447\u0435\u0441\u043a\u043e\u0435 \u043f\u0440\u043e\u0442\u0435\u0437\u0438\u0440\u043e\u0432\u0430\u043d\u0438\u0435 - \u044d\u0442\u043e \u043a\u043e\u043c\u043f\u043b\u0435\u043a\u0441 \u043f\u0440\u043e\u0446\u0435\u0434\u0443\u0440 \u043f\u043e \u0432\u043e\u0441\u0441\u0442\u0430\u043d\u043e\u0432\u043b\u0435\u043d\u0438\u044e \u0440\u0430\u0437\u0440\u0443\u0448\u0435\u043d\u043d\u044b\u0445 \u0437\u0443\u0431\u043e\u0432, \u0438\u0445 \u044d\u0441\u0442\u0435\u0442\u0438\u043a\u0438, \u043f\u0443\u0442\u0435\u043c \u0443\u0441\u0442\u0430\u043d\u043e\u0432\u043a\u0438 \u0437\u0443\u0431\u043d\u044b\u0445 \u043f\u0440\u043e\u0442\u0435\u0437\u043e\u0432","breadcrumb":{"@id":"https:\/\/medisfaar.ee\/ru\/%d1%81%d1%82%d0%be%d0%bc%d0%b0%d1%82%d0%be%d0%bb%d0%be%d0%b3%d0%b8%d1%87%d0%b5%d1%81%d0%ba%d0%be%d0%b5-%d0%bf%d1%80%d0%be%d1%82%d0%b5%d0%b7%d0%b8%d1%80%d0%be%d0%b2%d0%b0%d0%bd%d0%b8%d0%b5\/#breadcrumb"},"inLanguage":"ru-RU","potentialAction":[{"@type":"ReadAction","target":["https:\/\/medisfaar.ee\/ru\/%d1%81%d1%82%d0%be%d0%bc%d0%b0%d1%82%d0%be%d0%bb%d0%be%d0%b3%d0%b8%d1%87%d0%b5%d1%81%d0%ba%d0%be%d0%b5-%d0%bf%d1%80%d0%be%d1%82%d0%b5%d0%b7%d0%b8%d1%80%d0%be%d0%b2%d0%b0%d0%bd%d0%b8%d0%b5\/"]}]},{"@type":"BreadcrumbList","@id":"https:\/\/medisfaar.ee\/ru\/%d1%81%d1%82%d0%be%d0%bc%d0%b0%d1%82%d0%be%d0%bb%d0%be%d0%b3%d0%b8%d1%87%d0%b5%d1%81%d0%ba%d0%be%d0%b5-%d0%bf%d1%80%d0%be%d1%82%d0%b5%d0%b7%d0%b8%d1%80%d0%be%d0%b2%d0%b0%d0%bd%d0%b8%d0%b5\/#breadcrumb","itemListElement":[{"@type":"ListItem","position":1,"name":"\u0413\u043b\u0430\u0432\u043d\u0430\u044f","item":"https:\/\/medisfaar.ee\/ru\/"},{"@type":"ListItem","position":2,"name":"\u0421\u0422\u041e\u041c\u0410\u0422\u041e\u041b\u041e\u0413\u0418\u0427\u0415\u0421\u041a\u041e\u0415 \u041f\u0420\u041e\u0422\u0415\u0417\u0418\u0420\u041e\u0412\u0410\u041d\u0418\u0415"}]},{"@type":"WebSite","@id":"https:\/\/medisfaar.ee\/#website","url":"https:\/\/medisfaar.ee\/","name":"medisfaar.ee","description":"Oleme Teie k\u00f5rval, ravime ja t\u00f6\u00f6tame Teie tervise nimel!","potentialAction":[{"@type":"SearchAction","target":{"@type":"EntryPoint","urlTemplate":"https:\/\/medisfaar.ee\/?s={search_term_string}"},"query-input":{"@type":"PropertyValueSpecification","valueRequired":true,"valueName":"search_term_string"}}],"inLanguage":"ru-RU"}]}},"_links":{"self":[{"href":"https:\/\/medisfaar.ee\/ru\/wp-json\/wp\/v2\/pages\/17219","targetHints":{"allow":["GET"]}}],"collection":[{"href":"https:\/\/medisfaar.ee\/ru\/wp-json\/wp\/v2\/pages"}],"about":[{"href":"https:\/\/medisfaar.ee\/ru\/wp-json\/wp\/v2\/types\/page"}],"author":[{"embeddable":true,"href":"https:\/\/medisfaar.ee\/ru\/wp-json\/wp\/v2\/users\/1"}],"replies":[{"embeddable":true,"href":"https:\/\/medisfaar.ee\/ru\/wp-json\/wp\/v2\/comments?post=17219"}],"version-history":[{"count":5,"href":"https:\/\/medisfaar.ee\/ru\/wp-json\/wp\/v2\/pages\/17219\/revisions"}],"predecessor-version":[{"id":17752,"href":"https:\/\/medisfaar.ee\/ru\/wp-json\/wp\/v2\/pages\/17219\/revisions\/17752"}],"wp:attachment":[{"href":"https:\/\/medisfaar.ee\/ru\/wp-json\/wp\/v2\/media?parent=17219"}],"curies":[{"name":"wp","href":"https:\/\/api.w.org\/{rel}","templated":true}]}}