{"id":17035,"date":"2021-04-15T15:48:12","date_gmt":"2021-04-15T12:48:12","guid":{"rendered":"https:\/\/medisfaar.ee\/kubemepiirkonna-ultraheliuuring\/"},"modified":"2021-05-12T15:27:35","modified_gmt":"2021-05-12T12:27:35","slug":"ultrazvukovoe-issledovanie-moshonki","status":"publish","type":"page","link":"https:\/\/medisfaar.ee\/ru\/ultrazvukovoe-issledovanie-moshonki\/","title":{"rendered":"\u0423\u0417\u0418 \u043c\u043e\u0448\u043e\u043d\u043a\u0438"},"content":{"rendered":"<div id=\"cmsmasters_row_xw4spkmq7b\" class=\"cmsmasters_row cmsmasters_color_scheme_default cmsmasters_row_top_default cmsmasters_row_bot_default cmsmasters_row_boxed\">\n<div class=\"cmsmasters_row_outer_parent\">\n<div class=\"cmsmasters_row_outer\">\n<div class=\"cmsmasters_row_inner\">\n<div class=\"cmsmasters_row_margin\">\n<div id=\"cmsmasters_column_bhidn13xui\" class=\"cmsmasters_column one_first\">\n<div class=\"cmsmasters_column_inner\"><div class=\"aligncenter\"><div class=\"cmsmasters_img  cmsmasters_image_c\"><img decoding=\"async\" src=\"https:\/\/medisfaar.ee\/wp-content\/uploads\/2016\/09\/thumbnail_large-195-uzi-300x200.jpg\" alt=\"Ultraheliuuringud\" \/><\/div><\/div>\n<\/div><\/div>\n<\/div>\n<\/div>\n<\/div>\n<\/div>\n<\/div>\n<div id=\"cmsmasters_row_k8p2uews9c\" class=\"cmsmasters_row cmsmasters_color_scheme_default cmsmasters_row_top_default cmsmasters_row_bot_default cmsmasters_row_boxed\">\n<div class=\"cmsmasters_row_outer_parent\">\n<div class=\"cmsmasters_row_outer\">\n<div class=\"cmsmasters_row_inner\">\n<div class=\"cmsmasters_row_margin\">\n<div id=\"cmsmasters_column_9f9arh50p8\" class=\"cmsmasters_column one_first\">\n<div class=\"cmsmasters_column_inner\"><div class=\"cmsmasters_text\">\n<h3 style=\"text-align: center;\">\u0423\u0417\u0418 \u043c\u043e\u0448\u043e\u043d\u043a\u0438<\/h3>\n<p><a href=\"https:\/\/star-wiki.ru\/wiki\/Scrotal_ultrasound\">\u042d\u0442\u043e\u0442 \u043c\u0435\u0442\u043e\u0434<\/a> ( \u0423\u043b\u044c\u0442\u0440\u0430\u0437\u0432\u0443\u043a\u043e\u0432\u043e\u0435 \u0438\u0441\u0441\u043b\u0435\u0434\u043e\u0432\u0430\u043d\u0438\u0435 \u043c\u043e\u0448\u043e\u043d\u043a\u0438) \u0434\u0430\u0451\u0442 \u0432\u043e\u0437\u043c\u043e\u0436\u043d\u043e\u0441\u0442\u044c \u0443\u0432\u0438\u0434\u0435\u0442\u044c \u0441\u0442\u0440\u0443\u043a\u0442\u0443\u0440\u0443 \u0438 \u0441\u043e\u0441\u0442\u043e\u044f\u043d\u0438\u0435 \u043c\u043e\u0448\u043e\u043d\u043a\u0438, \u044f\u0438\u0447\u0435\u043a \u0438 \u0441\u0435\u043c\u0435\u043d\u043d\u044b\u0445 \u043a\u0430\u043d\u0430\u043b\u043e\u0432 \u0438 \u0441\u0432\u043e\u0435\u0432\u0440\u0435\u043c\u0435\u043d\u043d\u043e \u0432\u044b\u044f\u0432\u0438\u0442\u044c \u043f\u0430\u0442\u043e\u043b\u043e\u0433\u0438\u0438. \u041e\u0441\u043e\u0431\u043e\u0439 \u043f\u043e\u0434\u0433\u043e\u0442\u043e\u0432\u043a\u0438 \u043a \u043f\u0440\u043e\u0446\u0435\u0434\u0443\u0440\u0435 \u043d\u0435 \u0442\u0440\u0435\u0431\u0443\u0435\u0442\u0441\u044f, \u0434\u043e\u0441\u0442\u0430\u0442\u043e\u0447\u043d\u043e \u043f\u0440\u043e\u0432\u0435\u0441\u0442\u0438 \u0433\u0438\u0433\u0438\u0435\u043d\u0438\u0447\u0435\u0441\u043a\u0438\u0435 \u043c\u0430\u043d\u0438\u043f\u0443\u043b\u044f\u0446\u0438\u0438.<\/p>\n<\/div>\n<\/div><\/div>\n<\/div>\n<\/div>\n<\/div>\n<\/div>\n<\/div>\n<div id=\"cmsmasters_row_mwdi817wvl\" class=\"cmsmasters_row cmsmasters_color_scheme_default cmsmasters_row_top_default cmsmasters_row_bot_default cmsmasters_row_boxed\">\n<div class=\"cmsmasters_row_outer_parent\">\n<div class=\"cmsmasters_row_outer\">\n<div class=\"cmsmasters_row_inner\">\n<div class=\"cmsmasters_row_margin\">\n<div id=\"cmsmasters_column_bfxgydlrnb\" class=\"cmsmasters_column one_first\">\n<div class=\"cmsmasters_column_inner\"><div id=\"cmsmasters_button_meiiajimjh\" class=\"button_wrap\"><a href=\"https:\/\/medisfaar.ee\/ru\/project\/ultraheliuuringud\/\" class=\"cmsmasters_button\"><span>\u043d\u0430\u0437\u0430\u0434<\/span><\/a><\/div>\n<\/div><\/div>\n<\/div>\n<\/div>\n<\/div>\n<\/div>\n<\/div>\n\n","protected":false},"excerpt":{"rendered":"","protected":false},"author":1,"featured_media":0,"parent":0,"menu_order":0,"comment_status":"closed","ping_status":"closed","template":"","meta":{"footnotes":""},"class_list":["post-17035","page","type-page","status-publish","hentry"],"yoast_head":"<!-- This site is optimized with the Yoast SEO plugin v27.5 - https:\/\/yoast.com\/product\/yoast-seo-wordpress\/ -->\n<title>\u0423\u0417\u0418 \u043c\u043e\u0448\u043e\u043d\u043a\u0438 \u0423\u043b\u044c\u0442\u0440\u0430\u0437\u0432\u0443\u043a\u043e\u0432\u043e\u0435 \u0438\u0441\u0441\u043b\u0435\u0434\u043e\u0432\u0430\u043d\u0438\u0435 \u043c\u043e\u0448\u043e\u043d\u043a\u0438 - medisfaar.ee<\/title>\n<meta name=\"description\" content=\"\u042d\u0442\u043e\u0442 \u043c\u0435\u0442\u043e\u0434 ( \u0423\u043b\u044c\u0442\u0440\u0430\u0437\u0432\u0443\u043a\u043e\u0432\u043e\u0435 \u0438\u0441\u0441\u043b\u0435\u0434\u043e\u0432\u0430\u043d\u0438\u0435 \u043c\u043e\u0448\u043e\u043d\u043a\u0438) \u0434\u0430\u0451\u0442 \u0432\u043e\u0437\u043c\u043e\u0436\u043d\u043e\u0441\u0442\u044c \u0443\u0432\u0438\u0434\u0435\u0442\u044c \u0441\u0442\u0440\u0443\u043a\u0442\u0443\u0440\u0443 \u0438 \u0441\u043e\u0441\u0442\u043e\u044f\u043d\u0438\u0435 \u043c\u043e\u0448\u043e\u043d\u043a\u0438, \u044f\u0438\u0447\u0435\u043a \u0438 \u0441\u0435\u043c\u0435\u043d\u043d\u044b\u0445 \u043a\u0430\u043d\u0430\u043b\u043e\u0432\" \/>\n<meta name=\"robots\" content=\"index, follow, max-snippet:-1, max-image-preview:large, max-video-preview:-1\" \/>\n<link rel=\"canonical\" href=\"https:\/\/medisfaar.ee\/ru\/\u0443\u043b\u044c\u0442\u0440\u0430\u0437\u0432\u0443\u043a\u043e\u0432\u043e\u0435-\u0438\u0441\u0441\u043b\u0435\u0434\u043e\u0432\u0430\u043d\u0438\u0435-\u043c\u043e\u0448\u043e\u043d\u043a\u0438\/\" \/>\n<meta property=\"og:locale\" content=\"ru_RU\" \/>\n<meta property=\"og:type\" content=\"article\" \/>\n<meta property=\"og:title\" content=\"\u0423\u0417\u0418 \u043c\u043e\u0448\u043e\u043d\u043a\u0438 \u0423\u043b\u044c\u0442\u0440\u0430\u0437\u0432\u0443\u043a\u043e\u0432\u043e\u0435 \u0438\u0441\u0441\u043b\u0435\u0434\u043e\u0432\u0430\u043d\u0438\u0435 \u043c\u043e\u0448\u043e\u043d\u043a\u0438 - medisfaar.ee\" \/>\n<meta property=\"og:description\" content=\"\u042d\u0442\u043e\u0442 \u043c\u0435\u0442\u043e\u0434 ( \u0423\u043b\u044c\u0442\u0440\u0430\u0437\u0432\u0443\u043a\u043e\u0432\u043e\u0435 \u0438\u0441\u0441\u043b\u0435\u0434\u043e\u0432\u0430\u043d\u0438\u0435 \u043c\u043e\u0448\u043e\u043d\u043a\u0438) \u0434\u0430\u0451\u0442 \u0432\u043e\u0437\u043c\u043e\u0436\u043d\u043e\u0441\u0442\u044c \u0443\u0432\u0438\u0434\u0435\u0442\u044c \u0441\u0442\u0440\u0443\u043a\u0442\u0443\u0440\u0443 \u0438 \u0441\u043e\u0441\u0442\u043e\u044f\u043d\u0438\u0435 \u043c\u043e\u0448\u043e\u043d\u043a\u0438, \u044f\u0438\u0447\u0435\u043a \u0438 \u0441\u0435\u043c\u0435\u043d\u043d\u044b\u0445 \u043a\u0430\u043d\u0430\u043b\u043e\u0432\" \/>\n<meta property=\"og:url\" content=\"https:\/\/medisfaar.ee\/ru\/\u0443\u043b\u044c\u0442\u0440\u0430\u0437\u0432\u0443\u043a\u043e\u0432\u043e\u0435-\u0438\u0441\u0441\u043b\u0435\u0434\u043e\u0432\u0430\u043d\u0438\u0435-\u043c\u043e\u0448\u043e\u043d\u043a\u0438\/\" \/>\n<meta property=\"og:site_name\" content=\"medisfaar.ee\" \/>\n<meta property=\"article:modified_time\" content=\"2021-05-12T12:27:35+00:00\" \/>\n<meta name=\"twitter:card\" content=\"summary_large_image\" \/>\n<meta name=\"twitter:label1\" content=\"\u041f\u0440\u0438\u043c\u0435\u0440\u043d\u043e\u0435 \u0432\u0440\u0435\u043c\u044f \u0434\u043b\u044f \u0447\u0442\u0435\u043d\u0438\u044f\" \/>\n\t<meta name=\"twitter:data1\" content=\"1 \u043c\u0438\u043d\u0443\u0442\u0430\" \/>\n<script type=\"application\/ld+json\" class=\"yoast-schema-graph\">{\"@context\":\"https:\\\/\\\/schema.org\",\"@graph\":[{\"@type\":\"WebPage\",\"@id\":\"https:\\\/\\\/medisfaar.ee\\\/ru\\\/%d1%83%d0%bb%d1%8c%d1%82%d1%80%d0%b0%d0%b7%d0%b2%d1%83%d0%ba%d0%be%d0%b2%d0%be%d0%b5-%d0%b8%d1%81%d1%81%d0%bb%d0%b5%d0%b4%d0%be%d0%b2%d0%b0%d0%bd%d0%b8%d0%b5-%d0%bc%d0%be%d1%88%d0%be%d0%bd%d0%ba%d0%b8\\\/\",\"url\":\"https:\\\/\\\/medisfaar.ee\\\/ru\\\/%d1%83%d0%bb%d1%8c%d1%82%d1%80%d0%b0%d0%b7%d0%b2%d1%83%d0%ba%d0%be%d0%b2%d0%be%d0%b5-%d0%b8%d1%81%d1%81%d0%bb%d0%b5%d0%b4%d0%be%d0%b2%d0%b0%d0%bd%d0%b8%d0%b5-%d0%bc%d0%be%d1%88%d0%be%d0%bd%d0%ba%d0%b8\\\/\",\"name\":\"\u0423\u0417\u0418 \u043c\u043e\u0448\u043e\u043d\u043a\u0438 \u0423\u043b\u044c\u0442\u0440\u0430\u0437\u0432\u0443\u043a\u043e\u0432\u043e\u0435 \u0438\u0441\u0441\u043b\u0435\u0434\u043e\u0432\u0430\u043d\u0438\u0435 \u043c\u043e\u0448\u043e\u043d\u043a\u0438 - medisfaar.ee\",\"isPartOf\":{\"@id\":\"https:\\\/\\\/medisfaar.ee\\\/#website\"},\"datePublished\":\"2021-04-15T12:48:12+00:00\",\"dateModified\":\"2021-05-12T12:27:35+00:00\",\"description\":\"\u042d\u0442\u043e\u0442 \u043c\u0435\u0442\u043e\u0434 ( \u0423\u043b\u044c\u0442\u0440\u0430\u0437\u0432\u0443\u043a\u043e\u0432\u043e\u0435 \u0438\u0441\u0441\u043b\u0435\u0434\u043e\u0432\u0430\u043d\u0438\u0435 \u043c\u043e\u0448\u043e\u043d\u043a\u0438) \u0434\u0430\u0451\u0442 \u0432\u043e\u0437\u043c\u043e\u0436\u043d\u043e\u0441\u0442\u044c \u0443\u0432\u0438\u0434\u0435\u0442\u044c \u0441\u0442\u0440\u0443\u043a\u0442\u0443\u0440\u0443 \u0438 \u0441\u043e\u0441\u0442\u043e\u044f\u043d\u0438\u0435 \u043c\u043e\u0448\u043e\u043d\u043a\u0438, \u044f\u0438\u0447\u0435\u043a \u0438 \u0441\u0435\u043c\u0435\u043d\u043d\u044b\u0445 \u043a\u0430\u043d\u0430\u043b\u043e\u0432\",\"breadcrumb\":{\"@id\":\"https:\\\/\\\/medisfaar.ee\\\/ru\\\/%d1%83%d0%bb%d1%8c%d1%82%d1%80%d0%b0%d0%b7%d0%b2%d1%83%d0%ba%d0%be%d0%b2%d0%be%d0%b5-%d0%b8%d1%81%d1%81%d0%bb%d0%b5%d0%b4%d0%be%d0%b2%d0%b0%d0%bd%d0%b8%d0%b5-%d0%bc%d0%be%d1%88%d0%be%d0%bd%d0%ba%d0%b8\\\/#breadcrumb\"},\"inLanguage\":\"ru-RU\",\"potentialAction\":[{\"@type\":\"ReadAction\",\"target\":[\"https:\\\/\\\/medisfaar.ee\\\/ru\\\/%d1%83%d0%bb%d1%8c%d1%82%d1%80%d0%b0%d0%b7%d0%b2%d1%83%d0%ba%d0%be%d0%b2%d0%be%d0%b5-%d0%b8%d1%81%d1%81%d0%bb%d0%b5%d0%b4%d0%be%d0%b2%d0%b0%d0%bd%d0%b8%d0%b5-%d0%bc%d0%be%d1%88%d0%be%d0%bd%d0%ba%d0%b8\\\/\"]}]},{\"@type\":\"BreadcrumbList\",\"@id\":\"https:\\\/\\\/medisfaar.ee\\\/ru\\\/%d1%83%d0%bb%d1%8c%d1%82%d1%80%d0%b0%d0%b7%d0%b2%d1%83%d0%ba%d0%be%d0%b2%d0%be%d0%b5-%d0%b8%d1%81%d1%81%d0%bb%d0%b5%d0%b4%d0%be%d0%b2%d0%b0%d0%bd%d0%b8%d0%b5-%d0%bc%d0%be%d1%88%d0%be%d0%bd%d0%ba%d0%b8\\\/#breadcrumb\",\"itemListElement\":[{\"@type\":\"ListItem\",\"position\":1,\"name\":\"\u0413\u043b\u0430\u0432\u043d\u0430\u044f\",\"item\":\"https:\\\/\\\/medisfaar.ee\\\/ru\\\/\"},{\"@type\":\"ListItem\",\"position\":2,\"name\":\"\u0423\u0417\u0418 \u043c\u043e\u0448\u043e\u043d\u043a\u0438\"}]},{\"@type\":\"WebSite\",\"@id\":\"https:\\\/\\\/medisfaar.ee\\\/#website\",\"url\":\"https:\\\/\\\/medisfaar.ee\\\/\",\"name\":\"medisfaar.ee\",\"description\":\"Oleme Teie k\u00f5rval, ravime ja t\u00f6\u00f6tame Teie tervise nimel!\",\"potentialAction\":[{\"@type\":\"SearchAction\",\"target\":{\"@type\":\"EntryPoint\",\"urlTemplate\":\"https:\\\/\\\/medisfaar.ee\\\/?s={search_term_string}\"},\"query-input\":{\"@type\":\"PropertyValueSpecification\",\"valueRequired\":true,\"valueName\":\"search_term_string\"}}],\"inLanguage\":\"ru-RU\"}]}<\/script>\n<!-- \/ Yoast SEO plugin. -->","yoast_head_json":{"title":"\u0423\u0417\u0418 \u043c\u043e\u0448\u043e\u043d\u043a\u0438 \u0423\u043b\u044c\u0442\u0440\u0430\u0437\u0432\u0443\u043a\u043e\u0432\u043e\u0435 \u0438\u0441\u0441\u043b\u0435\u0434\u043e\u0432\u0430\u043d\u0438\u0435 \u043c\u043e\u0448\u043e\u043d\u043a\u0438 - medisfaar.ee","description":"\u042d\u0442\u043e\u0442 \u043c\u0435\u0442\u043e\u0434 ( \u0423\u043b\u044c\u0442\u0440\u0430\u0437\u0432\u0443\u043a\u043e\u0432\u043e\u0435 \u0438\u0441\u0441\u043b\u0435\u0434\u043e\u0432\u0430\u043d\u0438\u0435 \u043c\u043e\u0448\u043e\u043d\u043a\u0438) \u0434\u0430\u0451\u0442 \u0432\u043e\u0437\u043c\u043e\u0436\u043d\u043e\u0441\u0442\u044c \u0443\u0432\u0438\u0434\u0435\u0442\u044c \u0441\u0442\u0440\u0443\u043a\u0442\u0443\u0440\u0443 \u0438 \u0441\u043e\u0441\u0442\u043e\u044f\u043d\u0438\u0435 \u043c\u043e\u0448\u043e\u043d\u043a\u0438, \u044f\u0438\u0447\u0435\u043a \u0438 \u0441\u0435\u043c\u0435\u043d\u043d\u044b\u0445 \u043a\u0430\u043d\u0430\u043b\u043e\u0432","robots":{"index":"index","follow":"follow","max-snippet":"max-snippet:-1","max-image-preview":"max-image-preview:large","max-video-preview":"max-video-preview:-1"},"canonical":"https:\/\/medisfaar.ee\/ru\/\u0443\u043b\u044c\u0442\u0440\u0430\u0437\u0432\u0443\u043a\u043e\u0432\u043e\u0435-\u0438\u0441\u0441\u043b\u0435\u0434\u043e\u0432\u0430\u043d\u0438\u0435-\u043c\u043e\u0448\u043e\u043d\u043a\u0438\/","og_locale":"ru_RU","og_type":"article","og_title":"\u0423\u0417\u0418 \u043c\u043e\u0448\u043e\u043d\u043a\u0438 \u0423\u043b\u044c\u0442\u0440\u0430\u0437\u0432\u0443\u043a\u043e\u0432\u043e\u0435 \u0438\u0441\u0441\u043b\u0435\u0434\u043e\u0432\u0430\u043d\u0438\u0435 \u043c\u043e\u0448\u043e\u043d\u043a\u0438 - medisfaar.ee","og_description":"\u042d\u0442\u043e\u0442 \u043c\u0435\u0442\u043e\u0434 ( \u0423\u043b\u044c\u0442\u0440\u0430\u0437\u0432\u0443\u043a\u043e\u0432\u043e\u0435 \u0438\u0441\u0441\u043b\u0435\u0434\u043e\u0432\u0430\u043d\u0438\u0435 \u043c\u043e\u0448\u043e\u043d\u043a\u0438) \u0434\u0430\u0451\u0442 \u0432\u043e\u0437\u043c\u043e\u0436\u043d\u043e\u0441\u0442\u044c \u0443\u0432\u0438\u0434\u0435\u0442\u044c \u0441\u0442\u0440\u0443\u043a\u0442\u0443\u0440\u0443 \u0438 \u0441\u043e\u0441\u0442\u043e\u044f\u043d\u0438\u0435 \u043c\u043e\u0448\u043e\u043d\u043a\u0438, \u044f\u0438\u0447\u0435\u043a \u0438 \u0441\u0435\u043c\u0435\u043d\u043d\u044b\u0445 \u043a\u0430\u043d\u0430\u043b\u043e\u0432","og_url":"https:\/\/medisfaar.ee\/ru\/\u0443\u043b\u044c\u0442\u0440\u0430\u0437\u0432\u0443\u043a\u043e\u0432\u043e\u0435-\u0438\u0441\u0441\u043b\u0435\u0434\u043e\u0432\u0430\u043d\u0438\u0435-\u043c\u043e\u0448\u043e\u043d\u043a\u0438\/","og_site_name":"medisfaar.ee","article_modified_time":"2021-05-12T12:27:35+00:00","twitter_card":"summary_large_image","twitter_misc":{"\u041f\u0440\u0438\u043c\u0435\u0440\u043d\u043e\u0435 \u0432\u0440\u0435\u043c\u044f \u0434\u043b\u044f \u0447\u0442\u0435\u043d\u0438\u044f":"1 \u043c\u0438\u043d\u0443\u0442\u0430"},"schema":{"@context":"https:\/\/schema.org","@graph":[{"@type":"WebPage","@id":"https:\/\/medisfaar.ee\/ru\/%d1%83%d0%bb%d1%8c%d1%82%d1%80%d0%b0%d0%b7%d0%b2%d1%83%d0%ba%d0%be%d0%b2%d0%be%d0%b5-%d0%b8%d1%81%d1%81%d0%bb%d0%b5%d0%b4%d0%be%d0%b2%d0%b0%d0%bd%d0%b8%d0%b5-%d0%bc%d0%be%d1%88%d0%be%d0%bd%d0%ba%d0%b8\/","url":"https:\/\/medisfaar.ee\/ru\/%d1%83%d0%bb%d1%8c%d1%82%d1%80%d0%b0%d0%b7%d0%b2%d1%83%d0%ba%d0%be%d0%b2%d0%be%d0%b5-%d0%b8%d1%81%d1%81%d0%bb%d0%b5%d0%b4%d0%be%d0%b2%d0%b0%d0%bd%d0%b8%d0%b5-%d0%bc%d0%be%d1%88%d0%be%d0%bd%d0%ba%d0%b8\/","name":"\u0423\u0417\u0418 \u043c\u043e\u0448\u043e\u043d\u043a\u0438 \u0423\u043b\u044c\u0442\u0440\u0430\u0437\u0432\u0443\u043a\u043e\u0432\u043e\u0435 \u0438\u0441\u0441\u043b\u0435\u0434\u043e\u0432\u0430\u043d\u0438\u0435 \u043c\u043e\u0448\u043e\u043d\u043a\u0438 - medisfaar.ee","isPartOf":{"@id":"https:\/\/medisfaar.ee\/#website"},"datePublished":"2021-04-15T12:48:12+00:00","dateModified":"2021-05-12T12:27:35+00:00","description":"\u042d\u0442\u043e\u0442 \u043c\u0435\u0442\u043e\u0434 ( \u0423\u043b\u044c\u0442\u0440\u0430\u0437\u0432\u0443\u043a\u043e\u0432\u043e\u0435 \u0438\u0441\u0441\u043b\u0435\u0434\u043e\u0432\u0430\u043d\u0438\u0435 \u043c\u043e\u0448\u043e\u043d\u043a\u0438) \u0434\u0430\u0451\u0442 \u0432\u043e\u0437\u043c\u043e\u0436\u043d\u043e\u0441\u0442\u044c \u0443\u0432\u0438\u0434\u0435\u0442\u044c \u0441\u0442\u0440\u0443\u043a\u0442\u0443\u0440\u0443 \u0438 \u0441\u043e\u0441\u0442\u043e\u044f\u043d\u0438\u0435 \u043c\u043e\u0448\u043e\u043d\u043a\u0438, \u044f\u0438\u0447\u0435\u043a \u0438 \u0441\u0435\u043c\u0435\u043d\u043d\u044b\u0445 \u043a\u0430\u043d\u0430\u043b\u043e\u0432","breadcrumb":{"@id":"https:\/\/medisfaar.ee\/ru\/%d1%83%d0%bb%d1%8c%d1%82%d1%80%d0%b0%d0%b7%d0%b2%d1%83%d0%ba%d0%be%d0%b2%d0%be%d0%b5-%d0%b8%d1%81%d1%81%d0%bb%d0%b5%d0%b4%d0%be%d0%b2%d0%b0%d0%bd%d0%b8%d0%b5-%d0%bc%d0%be%d1%88%d0%be%d0%bd%d0%ba%d0%b8\/#breadcrumb"},"inLanguage":"ru-RU","potentialAction":[{"@type":"ReadAction","target":["https:\/\/medisfaar.ee\/ru\/%d1%83%d0%bb%d1%8c%d1%82%d1%80%d0%b0%d0%b7%d0%b2%d1%83%d0%ba%d0%be%d0%b2%d0%be%d0%b5-%d0%b8%d1%81%d1%81%d0%bb%d0%b5%d0%b4%d0%be%d0%b2%d0%b0%d0%bd%d0%b8%d0%b5-%d0%bc%d0%be%d1%88%d0%be%d0%bd%d0%ba%d0%b8\/"]}]},{"@type":"BreadcrumbList","@id":"https:\/\/medisfaar.ee\/ru\/%d1%83%d0%bb%d1%8c%d1%82%d1%80%d0%b0%d0%b7%d0%b2%d1%83%d0%ba%d0%be%d0%b2%d0%be%d0%b5-%d0%b8%d1%81%d1%81%d0%bb%d0%b5%d0%b4%d0%be%d0%b2%d0%b0%d0%bd%d0%b8%d0%b5-%d0%bc%d0%be%d1%88%d0%be%d0%bd%d0%ba%d0%b8\/#breadcrumb","itemListElement":[{"@type":"ListItem","position":1,"name":"\u0413\u043b\u0430\u0432\u043d\u0430\u044f","item":"https:\/\/medisfaar.ee\/ru\/"},{"@type":"ListItem","position":2,"name":"\u0423\u0417\u0418 \u043c\u043e\u0448\u043e\u043d\u043a\u0438"}]},{"@type":"WebSite","@id":"https:\/\/medisfaar.ee\/#website","url":"https:\/\/medisfaar.ee\/","name":"medisfaar.ee","description":"Oleme Teie k\u00f5rval, ravime ja t\u00f6\u00f6tame Teie tervise nimel!","potentialAction":[{"@type":"SearchAction","target":{"@type":"EntryPoint","urlTemplate":"https:\/\/medisfaar.ee\/?s={search_term_string}"},"query-input":{"@type":"PropertyValueSpecification","valueRequired":true,"valueName":"search_term_string"}}],"inLanguage":"ru-RU"}]}},"_links":{"self":[{"href":"https:\/\/medisfaar.ee\/ru\/wp-json\/wp\/v2\/pages\/17035","targetHints":{"allow":["GET"]}}],"collection":[{"href":"https:\/\/medisfaar.ee\/ru\/wp-json\/wp\/v2\/pages"}],"about":[{"href":"https:\/\/medisfaar.ee\/ru\/wp-json\/wp\/v2\/types\/page"}],"author":[{"embeddable":true,"href":"https:\/\/medisfaar.ee\/ru\/wp-json\/wp\/v2\/users\/1"}],"replies":[{"embeddable":true,"href":"https:\/\/medisfaar.ee\/ru\/wp-json\/wp\/v2\/comments?post=17035"}],"version-history":[{"count":3,"href":"https:\/\/medisfaar.ee\/ru\/wp-json\/wp\/v2\/pages\/17035\/revisions"}],"predecessor-version":[{"id":17794,"href":"https:\/\/medisfaar.ee\/ru\/wp-json\/wp\/v2\/pages\/17035\/revisions\/17794"}],"wp:attachment":[{"href":"https:\/\/medisfaar.ee\/ru\/wp-json\/wp\/v2\/media?parent=17035"}],"curies":[{"name":"wp","href":"https:\/\/api.w.org\/{rel}","templated":true}]}}