{"id":17029,"date":"2021-04-14T12:47:31","date_gmt":"2021-04-14T09:47:31","guid":{"rendered":"https:\/\/medisfaar.ee\/kohu-ja-vaagnapiirkonna-ultraheliuuring\/"},"modified":"2021-06-03T15:40:27","modified_gmt":"2021-06-03T12:40:27","slug":"uzi-organov-bryushnoj-polosti-2","status":"publish","type":"page","link":"https:\/\/medisfaar.ee\/ru\/uzi-organov-bryushnoj-polosti-2\/","title":{"rendered":"\u0423\u0417\u0418 \u0431\u0440\u044e\u0448\u043d\u043e\u0439 \u043f\u043e\u043b\u043e\u0441\u0442\u0438 \u0438 \u043e\u0440\u0433\u0430\u043d\u043e\u0432 \u043c\u0430\u043b\u043e\u0433\u043e \u0442\u0430\u0437\u0430"},"content":{"rendered":"<div id=\"cmsmasters_row_1t05p0ili\" class=\"cmsmasters_row cmsmasters_color_scheme_default cmsmasters_row_top_default cmsmasters_row_bot_default cmsmasters_row_boxed\">\n<div class=\"cmsmasters_row_outer_parent\">\n<div class=\"cmsmasters_row_outer\">\n<div class=\"cmsmasters_row_inner\">\n<div class=\"cmsmasters_row_margin\">\n<div id=\"cmsmasters_column_so4thw7ql\" class=\"cmsmasters_column one_first\">\n<div class=\"cmsmasters_column_inner\"><div class=\"cmsmasters_img  cmsmasters_image_l\"><img decoding=\"async\" src=\"https:\/\/medisfaar.ee\/wp-content\/uploads\/2016\/09\/uzi-1-300x153.jpg\" \/><\/div>\n<div id=\"cmsmasters_divider_rj2ddg0e3e\" class=\"cmsmasters_divider cmsmasters_divider_width_long cmsmasters_divider_pos_center\"><\/div>\n<div class=\"cmsmasters_text\">\n<h3 style=\"text-align: center;\">\u0423\u0417\u0418 \u043e\u0440\u0433\u0430\u043d\u043e\u0432 \u0431\u0440\u044e\u0448\u043d\u043e\u0439 \u043f\u043e\u043b\u043e\u0441\u0442\u0438 \u0438 \u043e\u0440\u0433\u0430\u043d\u043e\u0432 \u043c\u0430\u043b\u043e\u0433\u043e \u0442\u0430\u0437\u0430<\/h3>\n<p>\u0423\u0417\u0418 ( \u0423\u0417\u0418 \u043e\u0440\u0433\u0430\u043d\u043e\u0432 \u0431\u0440\u044e\u0448\u043d\u043e\u0439 \u043f\u043e\u043b\u043e\u0441\u0442\u0438 \u0438 \u043e\u0440\u0433\u0430\u043d\u043e\u0432 \u043c\u0430\u043b\u043e\u0433\u043e \u0442\u0430\u0437\u0430 ) \u043f\u043e\u043c\u043e\u0433\u0430\u0435\u0442 \u043e\u0446\u0435\u043d\u0438\u0442\u044c \u0440\u0430\u0437\u043c\u0435\u0440\u044b \u0438\u00a0 \u0441\u0442\u0440\u0443\u043a\u0442\u0443\u0440\u0443 \u0438\u0441\u0441\u043b\u0435\u0434\u0443\u0435\u043c\u044b\u0445 \u043e\u0440\u0433\u0430\u043d\u043e\u0432. \u041e\u0431\u043d\u0430\u0440\u0443\u0436\u0438\u0442\u044c\u00a0 \u0430\u043d\u043e\u043c\u0430\u043b\u0438\u0438 \u0440\u0430\u0437\u0432\u0438\u0442\u0438\u044f, \u0438\u0437\u043c\u0435\u043d\u0435\u043d\u0438\u0435 \u0442\u043a\u0430\u043d\u0435\u0439 \u0432\u043d\u0443\u0442\u0440\u0435\u043d\u043d\u0438\u0445 \u043e\u0440\u0433\u0430\u043d\u043e\u0432, \u0434\u043e\u0431\u0440\u043e\u043a\u0430\u0447\u0435\u0441\u0442\u0432\u0435\u043d\u043d\u044b\u0435 \u0438 \u0437\u043b\u043e\u043a\u0430\u0447\u0435\u0441\u0442\u0432\u0435\u043d\u043d\u044b\u0435 \u043d\u043e\u0432\u043e\u043e\u0431\u0440\u0430\u0437\u043e\u0432\u0430\u043d\u0438\u044f. \u0423\u0432\u0438\u0434\u0435\u0442\u044c \u043a\u0430\u043c\u043d\u0438, \u043f\u043e\u043b\u0438\u043f\u044b\u00a0 \u0432 \u0436\u0435\u043b\u0447\u043d\u043e\u043c \u043f\u0443\u0437\u044b\u0440\u0435 \u0438 \u0435\u0433\u043e \u043f\u0440\u043e\u0442\u043e\u043a\u0430\u0445, \u0434\u0438\u0444\u0444\u0443\u0437\u043d\u044b\u0435 \u0438 \u043e\u0447\u0430\u0433\u043e\u0432\u044b\u0435 \u0438\u0437\u043c\u0435\u043d\u0435\u043d\u0438\u044f \u043f\u0435\u0447\u0435\u043d\u0438, \u0434\u0435\u0444\u0435\u043a\u0442\u044b \u0438 \u043f\u043e\u0432\u0440\u0435\u0436\u0434\u0435\u043d\u0438\u044f \u0441\u0435\u043b\u0435\u0437\u0451\u043d\u043a\u0438.<\/p>\n<p>\u0417\u0430 \u043e\u0434\u0438\u043d \u0434\u0435\u043d\u044c \u043f\u0435\u0440\u0435\u0434 \u0423\u0417\u0418 ( \u0423\u0417\u0418 \u043e\u0440\u0433\u0430\u043d\u043e\u0432 \u0431\u0440\u044e\u0448\u043d\u043e\u0439 \u043f\u043e\u043b\u043e\u0441\u0442\u0438 \u0438 \u043e\u0440\u0433\u0430\u043d\u043e\u0432 \u043c\u0430\u043b\u043e\u0433\u043e \u0442\u0430\u0437\u0430 ) \u043d\u0435 \u0440\u0435\u043a\u043e\u043c\u0435\u043d\u0434\u0443\u0435\u0442\u0441\u044f \u0435\u0441\u0442\u044c \u043f\u0440\u043e\u0434\u0443\u043a\u0442\u044b, \u0432\u044b\u0437\u044b\u0432\u0430\u044e\u0449\u0438\u0435 <a href=\"https:\/\/atlas.ru\/blog\/top-7-produktov-vzdutie\/\">\u0433\u0430\u0437\u043e\u043e\u0431\u0440\u0430\u0437\u043e\u0432\u0430\u043d\u0438\u0435 \u0432 \u043a\u0438\u0448\u0435\u0447\u043d\u0438\u043a\u0435<\/a> (\u0445\u043b\u0435\u0431, \u0441\u0432\u0435\u0436\u0438\u0435\u00a0 \u043e\u0432\u043e\u0449\u0438 \u0438 \u0444\u0440\u0443\u043a\u0442\u044b, \u043c\u043e\u043b\u043e\u043a\u043e).<\/p>\n<p>6 \u0447\u0430\u0441\u043e\u0432 \u0434\u043e \u0438\u0441\u0441\u043b\u0435\u0434\u043e\u0432\u0430\u043d\u0438\u044f \u043d\u0435\u043b\u044c\u0437\u044f \u0435\u0441\u0442\u044c.<\/p>\n<p>&nbsp;<\/p>\n<\/div>\n<\/div><\/div>\n<\/div>\n<\/div>\n<\/div>\n<\/div>\n<\/div>\n<div id=\"cmsmasters_row_ap9ffuqzz\" class=\"cmsmasters_row cmsmasters_color_scheme_default cmsmasters_row_top_default cmsmasters_row_bot_default cmsmasters_row_boxed\">\n<div class=\"cmsmasters_row_outer_parent\">\n<div class=\"cmsmasters_row_outer\">\n<div class=\"cmsmasters_row_inner\">\n<div class=\"cmsmasters_row_margin\">\n<div id=\"cmsmasters_column_132kiebien\" class=\"cmsmasters_column one_first\">\n<div class=\"cmsmasters_column_inner\"><div id=\"cmsmasters_button_q5frpwhw3d\" class=\"button_wrap\"><a href=\"https:\/\/veebiregistratuur.ee\/all\/48?specialty=25\" class=\"cmsmasters_button\"><span>\u0417\u0410\u041f\u0418\u0421\u0410\u0422\u042c\u0421\u042f \u041d\u0410 \u041f\u0420\u0418\u0415\u041c<\/span><\/a><\/div>\n<\/div><\/div>\n<\/div>\n<\/div>\n<\/div>\n<\/div>\n<\/div>\n<div id=\"cmsmasters_row_bxrpgny2j9\" class=\"cmsmasters_row cmsmasters_color_scheme_default cmsmasters_row_top_default cmsmasters_row_bot_default cmsmasters_row_boxed\">\n<div class=\"cmsmasters_row_outer_parent\">\n<div class=\"cmsmasters_row_outer\">\n<div class=\"cmsmasters_row_inner\">\n<div class=\"cmsmasters_row_margin\">\n<div id=\"cmsmasters_column_8d22j2sl5d\" class=\"cmsmasters_column one_first\">\n<div class=\"cmsmasters_column_inner\"><div id=\"cmsmasters_button_joylwbsmo6\" class=\"button_wrap\"><a href=\"#\" class=\"cmsmasters_button\"><span>\u043d\u0430\u0437\u0430\u0434<\/span><\/a><\/div>\n<\/div><\/div>\n<\/div>\n<\/div>\n<\/div>\n<\/div>\n<\/div>\n\n","protected":false},"excerpt":{"rendered":"","protected":false},"author":1,"featured_media":15763,"parent":0,"menu_order":0,"comment_status":"closed","ping_status":"closed","template":"","meta":{"footnotes":""},"class_list":["post-17029","page","type-page","status-publish","has-post-thumbnail","hentry"],"yoast_head":"<!-- This site is optimized with the Yoast SEO plugin v27.4 - https:\/\/yoast.com\/product\/yoast-seo-wordpress\/ -->\n<title>\u0423\u0417\u0418 - \u043e\u0440\u0433\u0430\u043d\u043e\u0432 - \u0431\u0440\u044e\u0448\u043d\u043e\u0439 \u043f\u043e\u043b\u043e\u0441\u0442\u0438 - medisfaar.ee<\/title>\n<meta name=\"description\" content=\"\u0423\u0417\u0418 \u043e\u0440\u0433\u0430\u043d\u043e\u0432 \u0431\u0440\u044e\u0448\u043d\u043e\u0439 \u043f\u043e\u043b\u043e\u0441\u0442\u0438 \u0438 \u043e\u0440\u0433\u0430\u043d\u043e\u0432 \u043c\u0430\u043b\u043e\u0433\u043e \u0442\u0430\u0437\u0430 \u043f\u043e\u043c\u043e\u0433\u0430\u0435\u0442 \u043e\u0446\u0435\u043d\u0438\u0442\u044c \u0440\u0430\u0437\u043c\u0435\u0440\u044b, \u0441\u0442\u0440\u0443\u043a\u0442\u0443\u0440\u0443 \u0438\u0441\u0441\u043b\u0435\u0434\u0443\u0435\u043c\u044b\u0445 \u043e\u0440\u0433\u0430\u043d\u043e\u0432 \u0438 \u0430\u043d\u043e\u043c\u0430\u043b\u0438\u0438 \u0438\u0445 \u0440\u0430\u0437\u0432\u0438\u0442\u0438\u044f,\" \/>\n<meta name=\"robots\" content=\"index, follow, max-snippet:-1, max-image-preview:large, max-video-preview:-1\" \/>\n<link rel=\"canonical\" href=\"https:\/\/medisfaar.ee\/ru\/\u0443\u0437\u0438-\u043e\u0440\u0433\u0430\u043d\u043e\u0432-\u0431\u0440\u044e\u0448\u043d\u043e\u0439-\u043f\u043e\u043b\u043e\u0441\u0442\u0438-2\/\" \/>\n<meta property=\"og:locale\" content=\"ru_RU\" \/>\n<meta property=\"og:type\" content=\"article\" \/>\n<meta property=\"og:title\" content=\"\u0423\u0417\u0418 - \u043e\u0440\u0433\u0430\u043d\u043e\u0432 - \u0431\u0440\u044e\u0448\u043d\u043e\u0439 \u043f\u043e\u043b\u043e\u0441\u0442\u0438 - medisfaar.ee\" \/>\n<meta property=\"og:description\" content=\"\u0423\u0417\u0418 \u043e\u0440\u0433\u0430\u043d\u043e\u0432 \u0431\u0440\u044e\u0448\u043d\u043e\u0439 \u043f\u043e\u043b\u043e\u0441\u0442\u0438 \u0438 \u043e\u0440\u0433\u0430\u043d\u043e\u0432 \u043c\u0430\u043b\u043e\u0433\u043e \u0442\u0430\u0437\u0430 \u043f\u043e\u043c\u043e\u0433\u0430\u0435\u0442 \u043e\u0446\u0435\u043d\u0438\u0442\u044c \u0440\u0430\u0437\u043c\u0435\u0440\u044b, \u0441\u0442\u0440\u0443\u043a\u0442\u0443\u0440\u0443 \u0438\u0441\u0441\u043b\u0435\u0434\u0443\u0435\u043c\u044b\u0445 \u043e\u0440\u0433\u0430\u043d\u043e\u0432 \u0438 \u0430\u043d\u043e\u043c\u0430\u043b\u0438\u0438 \u0438\u0445 \u0440\u0430\u0437\u0432\u0438\u0442\u0438\u044f,\" \/>\n<meta property=\"og:url\" content=\"https:\/\/medisfaar.ee\/ru\/\u0443\u0437\u0438-\u043e\u0440\u0433\u0430\u043d\u043e\u0432-\u0431\u0440\u044e\u0448\u043d\u043e\u0439-\u043f\u043e\u043b\u043e\u0441\u0442\u0438-2\/\" \/>\n<meta property=\"og:site_name\" content=\"medisfaar.ee\" \/>\n<meta property=\"article:modified_time\" content=\"2021-06-03T12:40:27+00:00\" \/>\n<meta property=\"og:image\" content=\"https:\/\/medisfaar.ee\/wp-content\/uploads\/2016\/09\/uzi-1.jpg\" \/>\n\t<meta property=\"og:image:width\" content=\"1568\" \/>\n\t<meta property=\"og:image:height\" content=\"800\" \/>\n\t<meta property=\"og:image:type\" content=\"image\/jpeg\" \/>\n<meta name=\"twitter:card\" content=\"summary_large_image\" \/>\n<meta name=\"twitter:label1\" content=\"\u041f\u0440\u0438\u043c\u0435\u0440\u043d\u043e\u0435 \u0432\u0440\u0435\u043c\u044f \u0434\u043b\u044f \u0447\u0442\u0435\u043d\u0438\u044f\" \/>\n\t<meta name=\"twitter:data1\" content=\"3 \u043c\u0438\u043d\u0443\u0442\u044b\" \/>\n<script type=\"application\/ld+json\" class=\"yoast-schema-graph\">{\"@context\":\"https:\\\/\\\/schema.org\",\"@graph\":[{\"@type\":\"WebPage\",\"@id\":\"https:\\\/\\\/medisfaar.ee\\\/ru\\\/%d1%83%d0%b7%d0%b8-%d0%be%d1%80%d0%b3%d0%b0%d0%bd%d0%be%d0%b2-%d0%b1%d1%80%d1%8e%d1%88%d0%bd%d0%be%d0%b9-%d0%bf%d0%be%d0%bb%d0%be%d1%81%d1%82%d0%b8-2\\\/\",\"url\":\"https:\\\/\\\/medisfaar.ee\\\/ru\\\/%d1%83%d0%b7%d0%b8-%d0%be%d1%80%d0%b3%d0%b0%d0%bd%d0%be%d0%b2-%d0%b1%d1%80%d1%8e%d1%88%d0%bd%d0%be%d0%b9-%d0%bf%d0%be%d0%bb%d0%be%d1%81%d1%82%d0%b8-2\\\/\",\"name\":\"\u0423\u0417\u0418 - \u043e\u0440\u0433\u0430\u043d\u043e\u0432 - \u0431\u0440\u044e\u0448\u043d\u043e\u0439 \u043f\u043e\u043b\u043e\u0441\u0442\u0438 - medisfaar.ee\",\"isPartOf\":{\"@id\":\"https:\\\/\\\/medisfaar.ee\\\/#website\"},\"primaryImageOfPage\":{\"@id\":\"https:\\\/\\\/medisfaar.ee\\\/ru\\\/%d1%83%d0%b7%d0%b8-%d0%be%d1%80%d0%b3%d0%b0%d0%bd%d0%be%d0%b2-%d0%b1%d1%80%d1%8e%d1%88%d0%bd%d0%be%d0%b9-%d0%bf%d0%be%d0%bb%d0%be%d1%81%d1%82%d0%b8-2\\\/#primaryimage\"},\"image\":{\"@id\":\"https:\\\/\\\/medisfaar.ee\\\/ru\\\/%d1%83%d0%b7%d0%b8-%d0%be%d1%80%d0%b3%d0%b0%d0%bd%d0%be%d0%b2-%d0%b1%d1%80%d1%8e%d1%88%d0%bd%d0%be%d0%b9-%d0%bf%d0%be%d0%bb%d0%be%d1%81%d1%82%d0%b8-2\\\/#primaryimage\"},\"thumbnailUrl\":\"https:\\\/\\\/medisfaar.ee\\\/wp-content\\\/uploads\\\/2016\\\/09\\\/uzi-1.jpg\",\"datePublished\":\"2021-04-14T09:47:31+00:00\",\"dateModified\":\"2021-06-03T12:40:27+00:00\",\"description\":\"\u0423\u0417\u0418 \u043e\u0440\u0433\u0430\u043d\u043e\u0432 \u0431\u0440\u044e\u0448\u043d\u043e\u0439 \u043f\u043e\u043b\u043e\u0441\u0442\u0438 \u0438 \u043e\u0440\u0433\u0430\u043d\u043e\u0432 \u043c\u0430\u043b\u043e\u0433\u043e \u0442\u0430\u0437\u0430 \u043f\u043e\u043c\u043e\u0433\u0430\u0435\u0442 \u043e\u0446\u0435\u043d\u0438\u0442\u044c \u0440\u0430\u0437\u043c\u0435\u0440\u044b, \u0441\u0442\u0440\u0443\u043a\u0442\u0443\u0440\u0443 \u0438\u0441\u0441\u043b\u0435\u0434\u0443\u0435\u043c\u044b\u0445 \u043e\u0440\u0433\u0430\u043d\u043e\u0432 \u0438 \u0430\u043d\u043e\u043c\u0430\u043b\u0438\u0438 \u0438\u0445 \u0440\u0430\u0437\u0432\u0438\u0442\u0438\u044f,\",\"breadcrumb\":{\"@id\":\"https:\\\/\\\/medisfaar.ee\\\/ru\\\/%d1%83%d0%b7%d0%b8-%d0%be%d1%80%d0%b3%d0%b0%d0%bd%d0%be%d0%b2-%d0%b1%d1%80%d1%8e%d1%88%d0%bd%d0%be%d0%b9-%d0%bf%d0%be%d0%bb%d0%be%d1%81%d1%82%d0%b8-2\\\/#breadcrumb\"},\"inLanguage\":\"ru-RU\",\"potentialAction\":[{\"@type\":\"ReadAction\",\"target\":[\"https:\\\/\\\/medisfaar.ee\\\/ru\\\/%d1%83%d0%b7%d0%b8-%d0%be%d1%80%d0%b3%d0%b0%d0%bd%d0%be%d0%b2-%d0%b1%d1%80%d1%8e%d1%88%d0%bd%d0%be%d0%b9-%d0%bf%d0%be%d0%bb%d0%be%d1%81%d1%82%d0%b8-2\\\/\"]}]},{\"@type\":\"ImageObject\",\"inLanguage\":\"ru-RU\",\"@id\":\"https:\\\/\\\/medisfaar.ee\\\/ru\\\/%d1%83%d0%b7%d0%b8-%d0%be%d1%80%d0%b3%d0%b0%d0%bd%d0%be%d0%b2-%d0%b1%d1%80%d1%8e%d1%88%d0%bd%d0%be%d0%b9-%d0%bf%d0%be%d0%bb%d0%be%d1%81%d1%82%d0%b8-2\\\/#primaryimage\",\"url\":\"https:\\\/\\\/medisfaar.ee\\\/wp-content\\\/uploads\\\/2016\\\/09\\\/uzi-1.jpg\",\"contentUrl\":\"https:\\\/\\\/medisfaar.ee\\\/wp-content\\\/uploads\\\/2016\\\/09\\\/uzi-1.jpg\",\"width\":1568,\"height\":800},{\"@type\":\"BreadcrumbList\",\"@id\":\"https:\\\/\\\/medisfaar.ee\\\/ru\\\/%d1%83%d0%b7%d0%b8-%d0%be%d1%80%d0%b3%d0%b0%d0%bd%d0%be%d0%b2-%d0%b1%d1%80%d1%8e%d1%88%d0%bd%d0%be%d0%b9-%d0%bf%d0%be%d0%bb%d0%be%d1%81%d1%82%d0%b8-2\\\/#breadcrumb\",\"itemListElement\":[{\"@type\":\"ListItem\",\"position\":1,\"name\":\"\u0413\u043b\u0430\u0432\u043d\u0430\u044f\",\"item\":\"https:\\\/\\\/medisfaar.ee\\\/ru\\\/\"},{\"@type\":\"ListItem\",\"position\":2,\"name\":\"\u0423\u0417\u0418 \u0431\u0440\u044e\u0448\u043d\u043e\u0439 \u043f\u043e\u043b\u043e\u0441\u0442\u0438 \u0438 \u043e\u0440\u0433\u0430\u043d\u043e\u0432 \u043c\u0430\u043b\u043e\u0433\u043e \u0442\u0430\u0437\u0430\"}]},{\"@type\":\"WebSite\",\"@id\":\"https:\\\/\\\/medisfaar.ee\\\/#website\",\"url\":\"https:\\\/\\\/medisfaar.ee\\\/\",\"name\":\"medisfaar.ee\",\"description\":\"Oleme Teie k\u00f5rval, ravime ja t\u00f6\u00f6tame Teie tervise nimel!\",\"potentialAction\":[{\"@type\":\"SearchAction\",\"target\":{\"@type\":\"EntryPoint\",\"urlTemplate\":\"https:\\\/\\\/medisfaar.ee\\\/?s={search_term_string}\"},\"query-input\":{\"@type\":\"PropertyValueSpecification\",\"valueRequired\":true,\"valueName\":\"search_term_string\"}}],\"inLanguage\":\"ru-RU\"}]}<\/script>\n<!-- \/ Yoast SEO plugin. -->","yoast_head_json":{"title":"\u0423\u0417\u0418 - \u043e\u0440\u0433\u0430\u043d\u043e\u0432 - \u0431\u0440\u044e\u0448\u043d\u043e\u0439 \u043f\u043e\u043b\u043e\u0441\u0442\u0438 - medisfaar.ee","description":"\u0423\u0417\u0418 \u043e\u0440\u0433\u0430\u043d\u043e\u0432 \u0431\u0440\u044e\u0448\u043d\u043e\u0439 \u043f\u043e\u043b\u043e\u0441\u0442\u0438 \u0438 \u043e\u0440\u0433\u0430\u043d\u043e\u0432 \u043c\u0430\u043b\u043e\u0433\u043e \u0442\u0430\u0437\u0430 \u043f\u043e\u043c\u043e\u0433\u0430\u0435\u0442 \u043e\u0446\u0435\u043d\u0438\u0442\u044c \u0440\u0430\u0437\u043c\u0435\u0440\u044b, \u0441\u0442\u0440\u0443\u043a\u0442\u0443\u0440\u0443 \u0438\u0441\u0441\u043b\u0435\u0434\u0443\u0435\u043c\u044b\u0445 \u043e\u0440\u0433\u0430\u043d\u043e\u0432 \u0438 \u0430\u043d\u043e\u043c\u0430\u043b\u0438\u0438 \u0438\u0445 \u0440\u0430\u0437\u0432\u0438\u0442\u0438\u044f,","robots":{"index":"index","follow":"follow","max-snippet":"max-snippet:-1","max-image-preview":"max-image-preview:large","max-video-preview":"max-video-preview:-1"},"canonical":"https:\/\/medisfaar.ee\/ru\/\u0443\u0437\u0438-\u043e\u0440\u0433\u0430\u043d\u043e\u0432-\u0431\u0440\u044e\u0448\u043d\u043e\u0439-\u043f\u043e\u043b\u043e\u0441\u0442\u0438-2\/","og_locale":"ru_RU","og_type":"article","og_title":"\u0423\u0417\u0418 - \u043e\u0440\u0433\u0430\u043d\u043e\u0432 - \u0431\u0440\u044e\u0448\u043d\u043e\u0439 \u043f\u043e\u043b\u043e\u0441\u0442\u0438 - medisfaar.ee","og_description":"\u0423\u0417\u0418 \u043e\u0440\u0433\u0430\u043d\u043e\u0432 \u0431\u0440\u044e\u0448\u043d\u043e\u0439 \u043f\u043e\u043b\u043e\u0441\u0442\u0438 \u0438 \u043e\u0440\u0433\u0430\u043d\u043e\u0432 \u043c\u0430\u043b\u043e\u0433\u043e \u0442\u0430\u0437\u0430 \u043f\u043e\u043c\u043e\u0433\u0430\u0435\u0442 \u043e\u0446\u0435\u043d\u0438\u0442\u044c \u0440\u0430\u0437\u043c\u0435\u0440\u044b, \u0441\u0442\u0440\u0443\u043a\u0442\u0443\u0440\u0443 \u0438\u0441\u0441\u043b\u0435\u0434\u0443\u0435\u043c\u044b\u0445 \u043e\u0440\u0433\u0430\u043d\u043e\u0432 \u0438 \u0430\u043d\u043e\u043c\u0430\u043b\u0438\u0438 \u0438\u0445 \u0440\u0430\u0437\u0432\u0438\u0442\u0438\u044f,","og_url":"https:\/\/medisfaar.ee\/ru\/\u0443\u0437\u0438-\u043e\u0440\u0433\u0430\u043d\u043e\u0432-\u0431\u0440\u044e\u0448\u043d\u043e\u0439-\u043f\u043e\u043b\u043e\u0441\u0442\u0438-2\/","og_site_name":"medisfaar.ee","article_modified_time":"2021-06-03T12:40:27+00:00","og_image":[{"width":1568,"height":800,"url":"https:\/\/medisfaar.ee\/wp-content\/uploads\/2016\/09\/uzi-1.jpg","type":"image\/jpeg"}],"twitter_card":"summary_large_image","twitter_misc":{"\u041f\u0440\u0438\u043c\u0435\u0440\u043d\u043e\u0435 \u0432\u0440\u0435\u043c\u044f \u0434\u043b\u044f \u0447\u0442\u0435\u043d\u0438\u044f":"3 \u043c\u0438\u043d\u0443\u0442\u044b"},"schema":{"@context":"https:\/\/schema.org","@graph":[{"@type":"WebPage","@id":"https:\/\/medisfaar.ee\/ru\/%d1%83%d0%b7%d0%b8-%d0%be%d1%80%d0%b3%d0%b0%d0%bd%d0%be%d0%b2-%d0%b1%d1%80%d1%8e%d1%88%d0%bd%d0%be%d0%b9-%d0%bf%d0%be%d0%bb%d0%be%d1%81%d1%82%d0%b8-2\/","url":"https:\/\/medisfaar.ee\/ru\/%d1%83%d0%b7%d0%b8-%d0%be%d1%80%d0%b3%d0%b0%d0%bd%d0%be%d0%b2-%d0%b1%d1%80%d1%8e%d1%88%d0%bd%d0%be%d0%b9-%d0%bf%d0%be%d0%bb%d0%be%d1%81%d1%82%d0%b8-2\/","name":"\u0423\u0417\u0418 - \u043e\u0440\u0433\u0430\u043d\u043e\u0432 - \u0431\u0440\u044e\u0448\u043d\u043e\u0439 \u043f\u043e\u043b\u043e\u0441\u0442\u0438 - medisfaar.ee","isPartOf":{"@id":"https:\/\/medisfaar.ee\/#website"},"primaryImageOfPage":{"@id":"https:\/\/medisfaar.ee\/ru\/%d1%83%d0%b7%d0%b8-%d0%be%d1%80%d0%b3%d0%b0%d0%bd%d0%be%d0%b2-%d0%b1%d1%80%d1%8e%d1%88%d0%bd%d0%be%d0%b9-%d0%bf%d0%be%d0%bb%d0%be%d1%81%d1%82%d0%b8-2\/#primaryimage"},"image":{"@id":"https:\/\/medisfaar.ee\/ru\/%d1%83%d0%b7%d0%b8-%d0%be%d1%80%d0%b3%d0%b0%d0%bd%d0%be%d0%b2-%d0%b1%d1%80%d1%8e%d1%88%d0%bd%d0%be%d0%b9-%d0%bf%d0%be%d0%bb%d0%be%d1%81%d1%82%d0%b8-2\/#primaryimage"},"thumbnailUrl":"https:\/\/medisfaar.ee\/wp-content\/uploads\/2016\/09\/uzi-1.jpg","datePublished":"2021-04-14T09:47:31+00:00","dateModified":"2021-06-03T12:40:27+00:00","description":"\u0423\u0417\u0418 \u043e\u0440\u0433\u0430\u043d\u043e\u0432 \u0431\u0440\u044e\u0448\u043d\u043e\u0439 \u043f\u043e\u043b\u043e\u0441\u0442\u0438 \u0438 \u043e\u0440\u0433\u0430\u043d\u043e\u0432 \u043c\u0430\u043b\u043e\u0433\u043e \u0442\u0430\u0437\u0430 \u043f\u043e\u043c\u043e\u0433\u0430\u0435\u0442 \u043e\u0446\u0435\u043d\u0438\u0442\u044c \u0440\u0430\u0437\u043c\u0435\u0440\u044b, \u0441\u0442\u0440\u0443\u043a\u0442\u0443\u0440\u0443 \u0438\u0441\u0441\u043b\u0435\u0434\u0443\u0435\u043c\u044b\u0445 \u043e\u0440\u0433\u0430\u043d\u043e\u0432 \u0438 \u0430\u043d\u043e\u043c\u0430\u043b\u0438\u0438 \u0438\u0445 \u0440\u0430\u0437\u0432\u0438\u0442\u0438\u044f,","breadcrumb":{"@id":"https:\/\/medisfaar.ee\/ru\/%d1%83%d0%b7%d0%b8-%d0%be%d1%80%d0%b3%d0%b0%d0%bd%d0%be%d0%b2-%d0%b1%d1%80%d1%8e%d1%88%d0%bd%d0%be%d0%b9-%d0%bf%d0%be%d0%bb%d0%be%d1%81%d1%82%d0%b8-2\/#breadcrumb"},"inLanguage":"ru-RU","potentialAction":[{"@type":"ReadAction","target":["https:\/\/medisfaar.ee\/ru\/%d1%83%d0%b7%d0%b8-%d0%be%d1%80%d0%b3%d0%b0%d0%bd%d0%be%d0%b2-%d0%b1%d1%80%d1%8e%d1%88%d0%bd%d0%be%d0%b9-%d0%bf%d0%be%d0%bb%d0%be%d1%81%d1%82%d0%b8-2\/"]}]},{"@type":"ImageObject","inLanguage":"ru-RU","@id":"https:\/\/medisfaar.ee\/ru\/%d1%83%d0%b7%d0%b8-%d0%be%d1%80%d0%b3%d0%b0%d0%bd%d0%be%d0%b2-%d0%b1%d1%80%d1%8e%d1%88%d0%bd%d0%be%d0%b9-%d0%bf%d0%be%d0%bb%d0%be%d1%81%d1%82%d0%b8-2\/#primaryimage","url":"https:\/\/medisfaar.ee\/wp-content\/uploads\/2016\/09\/uzi-1.jpg","contentUrl":"https:\/\/medisfaar.ee\/wp-content\/uploads\/2016\/09\/uzi-1.jpg","width":1568,"height":800},{"@type":"BreadcrumbList","@id":"https:\/\/medisfaar.ee\/ru\/%d1%83%d0%b7%d0%b8-%d0%be%d1%80%d0%b3%d0%b0%d0%bd%d0%be%d0%b2-%d0%b1%d1%80%d1%8e%d1%88%d0%bd%d0%be%d0%b9-%d0%bf%d0%be%d0%bb%d0%be%d1%81%d1%82%d0%b8-2\/#breadcrumb","itemListElement":[{"@type":"ListItem","position":1,"name":"\u0413\u043b\u0430\u0432\u043d\u0430\u044f","item":"https:\/\/medisfaar.ee\/ru\/"},{"@type":"ListItem","position":2,"name":"\u0423\u0417\u0418 \u0431\u0440\u044e\u0448\u043d\u043e\u0439 \u043f\u043e\u043b\u043e\u0441\u0442\u0438 \u0438 \u043e\u0440\u0433\u0430\u043d\u043e\u0432 \u043c\u0430\u043b\u043e\u0433\u043e \u0442\u0430\u0437\u0430"}]},{"@type":"WebSite","@id":"https:\/\/medisfaar.ee\/#website","url":"https:\/\/medisfaar.ee\/","name":"medisfaar.ee","description":"Oleme Teie k\u00f5rval, ravime ja t\u00f6\u00f6tame Teie tervise nimel!","potentialAction":[{"@type":"SearchAction","target":{"@type":"EntryPoint","urlTemplate":"https:\/\/medisfaar.ee\/?s={search_term_string}"},"query-input":{"@type":"PropertyValueSpecification","valueRequired":true,"valueName":"search_term_string"}}],"inLanguage":"ru-RU"}]}},"_links":{"self":[{"href":"https:\/\/medisfaar.ee\/ru\/wp-json\/wp\/v2\/pages\/17029","targetHints":{"allow":["GET"]}}],"collection":[{"href":"https:\/\/medisfaar.ee\/ru\/wp-json\/wp\/v2\/pages"}],"about":[{"href":"https:\/\/medisfaar.ee\/ru\/wp-json\/wp\/v2\/types\/page"}],"author":[{"embeddable":true,"href":"https:\/\/medisfaar.ee\/ru\/wp-json\/wp\/v2\/users\/1"}],"replies":[{"embeddable":true,"href":"https:\/\/medisfaar.ee\/ru\/wp-json\/wp\/v2\/comments?post=17029"}],"version-history":[{"count":7,"href":"https:\/\/medisfaar.ee\/ru\/wp-json\/wp\/v2\/pages\/17029\/revisions"}],"predecessor-version":[{"id":18001,"href":"https:\/\/medisfaar.ee\/ru\/wp-json\/wp\/v2\/pages\/17029\/revisions\/18001"}],"wp:featuredmedia":[{"embeddable":true,"href":"https:\/\/medisfaar.ee\/ru\/wp-json\/wp\/v2\/media\/15763"}],"wp:attachment":[{"href":"https:\/\/medisfaar.ee\/ru\/wp-json\/wp\/v2\/media?parent=17029"}],"curies":[{"name":"wp","href":"https:\/\/api.w.org\/{rel}","templated":true}]}}