{"id":17022,"date":"2021-04-15T15:42:31","date_gmt":"2021-04-15T12:42:31","guid":{"rendered":"https:\/\/medisfaar.ee\/jalaveresoonte-ultraheliuuring\/"},"modified":"2021-05-12T13:04:48","modified_gmt":"2021-05-12T10:04:48","slug":"uzi-ven-nizhnih-konechnostej","status":"publish","type":"page","link":"https:\/\/medisfaar.ee\/ru\/uzi-ven-nizhnih-konechnostej\/","title":{"rendered":"\u0423\u0417\u0418 \u0432\u0435\u043d \u043d\u0438\u0436\u043d\u0438\u0445 \u043a\u043e\u043d\u0435\u0447\u043d\u043e\u0441\u0442\u0435\u0439"},"content":{"rendered":"<div id=\"cmsmasters_row_9l0jl6f496\" class=\"cmsmasters_row cmsmasters_color_scheme_default cmsmasters_row_top_default cmsmasters_row_bot_default cmsmasters_row_boxed\">\n<div class=\"cmsmasters_row_outer_parent\">\n<div class=\"cmsmasters_row_outer\">\n<div class=\"cmsmasters_row_inner\">\n<div class=\"cmsmasters_row_margin\">\n<div id=\"cmsmasters_column_0bq7b3tvq\" class=\"cmsmasters_column one_first\">\n<div class=\"cmsmasters_column_inner\"><div class=\"aligncenter\"><div class=\"cmsmasters_img  cmsmasters_image_c\"><img decoding=\"async\" src=\"https:\/\/medisfaar.ee\/wp-content\/uploads\/2021\/04\/tl-02-uzi-ven-nogi-300x200.jpg\" \/><\/div><\/div>\n<\/div><\/div>\n<\/div>\n<\/div>\n<\/div>\n<\/div>\n<\/div>\n<div id=\"cmsmasters_row_jtucr5bcs\" class=\"cmsmasters_row cmsmasters_color_scheme_default cmsmasters_row_top_default cmsmasters_row_bot_default cmsmasters_row_boxed\">\n<div class=\"cmsmasters_row_outer_parent\">\n<div class=\"cmsmasters_row_outer\">\n<div class=\"cmsmasters_row_inner\">\n<div class=\"cmsmasters_row_margin\">\n<div id=\"cmsmasters_column_0h4bbyh9v\" class=\"cmsmasters_column one_first\">\n<div class=\"cmsmasters_column_inner\"><div class=\"cmsmasters_text\">\n<h3 style=\"text-align: center;\">\u0423\u0417\u0418 \u0432\u0435\u043d \u043d\u0438\u0436\u043d\u0438\u0445 \u043a\u043e\u043d\u0435\u0447\u043d\u043e\u0441\u0442\u0435\u0439<\/h3>\n<p>\u0423\u0417\u0418 \u0432\u0435\u043d \u043d\u0438\u0436\u043d\u0438\u0445 \u043a\u043e\u043d\u0435\u0447\u043d\u043e\u0441\u0442\u0435\u0439 \u043f\u043e\u0437\u0432\u043e\u043b\u044f\u0435\u0442 \u043e\u0431\u043d\u0430\u0440\u0443\u0436\u0438\u0442\u044c \u0440\u0430\u043d\u043d\u0438\u0435 \u043f\u0440\u0438\u0437\u043d\u0430\u043a\u0438 \u0432\u0430\u0440\u0438\u043a\u043e\u0437\u0430, \u0442\u0440\u043e\u043c\u0431\u044b, \u0445\u043e\u043b\u0435\u0441\u0442\u0435\u0440\u0438\u043d\u043e\u0432\u044b\u0435 \u0431\u043b\u044f\u0448\u043a\u0438. \u041f\u043e\u0437\u0432\u043e\u043b\u044f\u0435\u0442 \u0438\u0441\u043a\u043b\u044e\u0447\u0438\u0442\u044c \u043f\u0430\u0442\u043e\u043b\u043e\u0433\u0438\u0447\u0435\u0441\u043a\u0438\u0435 \u043f\u0440\u043e\u0446\u0435\u0441\u0441\u044b \u0438\u043b\u0438 \u043f\u043e\u0434\u0442\u0432\u0435\u0440\u0434\u0438\u0442\u044c \u0442\u043e\u0442 \u0438\u043b\u0438 \u0438\u043d\u043e\u0439 \u0434\u0438\u0430\u0433\u043d\u043e\u0437. \u0427\u0442\u043e\u0431\u044b \u043f\u043e\u0434\u0433\u043e\u0442\u043e\u0432\u0438\u0442\u044c\u0441\u044f \u043a \u0423\u0417\u0418 \u0432\u0435\u043d, \u043d\u0435\u043e\u0431\u0445\u043e\u0434\u0438\u043c\u043e \u0437\u0430 10 \u0447\u0430\u0441\u043e\u0432 \u0432\u043e\u0437\u0434\u0435\u0440\u0436\u0430\u0442\u044c\u0441\u044f \u043e\u0442 \u043a\u0443\u0440\u0435\u043d\u0438\u044f, \u043a\u043e\u0444\u0435, \u043a\u0440\u0435\u043f\u043a\u043e\u0433\u043e \u0447\u0430\u044f, <a href=\"https:\/\/ru.wikipedia.org\/wiki\/%D0%AD%D0%BD%D0%B5%D1%80%D0%B3%D0%B5%D1%82%D0%B8%D1%87%D0%B5%D1%81%D0%BA%D0%B8%D0%B9_%D0%BD%D0%B0%D0%BF%D0%B8%D1%82%D0%BE%D0%BA\">\u044d\u043d\u0435\u0440\u0433\u0435\u0442\u0438\u0447\u0435\u0441\u043a\u0438\u0445 \u043d\u0430\u043f\u0438\u0442\u043a\u043e\u0432<\/a>. \u0417\u0430 \u0434\u0435\u043d\u044c \u043e\u0442\u043a\u0430\u0437\u0430\u0442\u044c\u0441\u044f \u043e\u0442 \u0441\u043f\u0438\u0440\u0442\u043e\u0441\u043e\u0434\u0435\u0440\u0436\u0430\u0449\u0438\u0445 \u043d\u0430\u043f\u0438\u0442\u043a\u043e\u0432. \u0415\u0441\u043b\u0438 \u0432\u044b \u043d\u0430 \u043f\u043e\u0441\u0442\u043e\u044f\u043d\u043d\u043e\u0439 \u043e\u0441\u043d\u043e\u0432\u0435 \u043f\u0440\u0438\u043d\u0438\u043c\u0430\u0435\u0442\u0435 \u043a\u0430\u043a\u0438\u0435 \u043b\u0438\u0431\u043e \u043f\u0440\u0435\u043f\u0430\u0440\u0430\u0442\u044b, \u043a\u043e\u0442\u043e\u0440\u044b\u0435 \u0432\u043b\u0438\u044f\u044e\u0442 \u043d\u0430 \u0441\u043e\u0441\u0442\u043e\u044f\u043d\u0438\u0435 \u0441\u043e\u0441\u0443\u0434\u043e\u0432 \u0438 \u0434\u0430\u0432\u043b\u0435\u043d\u0438\u0435, \u0442\u043e \u043e\u0431 \u044d\u0442\u043e\u043c \u043d\u0430\u0434\u043e \u043e\u0431\u044f\u0437\u0430\u0442\u0435\u043b\u044c\u043d\u043e \u0441\u043e\u043e\u0431\u0449\u0438\u0442\u044c \u0432\u0440\u0430\u0447\u0443.<\/p>\n<\/div>\n<\/div><\/div>\n<\/div>\n<\/div>\n<\/div>\n<\/div>\n<\/div>\n<div id=\"cmsmasters_row_wf3ma0536d\" class=\"cmsmasters_row cmsmasters_color_scheme_default cmsmasters_row_top_default cmsmasters_row_bot_default cmsmasters_row_boxed\">\n<div class=\"cmsmasters_row_outer_parent\">\n<div class=\"cmsmasters_row_outer\">\n<div class=\"cmsmasters_row_inner\">\n<div class=\"cmsmasters_row_margin\">\n<div id=\"cmsmasters_column_uyi9sahiz\" class=\"cmsmasters_column one_first\">\n<div class=\"cmsmasters_column_inner\"><div id=\"cmsmasters_button_lzpi6ca9p8\" class=\"button_wrap\"><a href=\"https:\/\/medisfaar.ee\/ru\/project\/ultraheliuuringud\/\" class=\"cmsmasters_button\"><span>\u043d\u0430\u0437\u0430\u0434<\/span><\/a><\/div>\n<\/div><\/div>\n<\/div>\n<\/div>\n<\/div>\n<\/div>\n<\/div>\n\n","protected":false},"excerpt":{"rendered":"","protected":false},"author":1,"featured_media":0,"parent":0,"menu_order":0,"comment_status":"closed","ping_status":"closed","template":"","meta":{"footnotes":""},"class_list":["post-17022","page","type-page","status-publish","hentry"],"yoast_head":"<!-- This site is optimized with the Yoast SEO plugin v27.5 - https:\/\/yoast.com\/product\/yoast-seo-wordpress\/ -->\n<title>\u0423\u0417\u0418- \u0432\u0435\u043d -\u043d\u0438\u0436\u043d\u0438\u0445 -\u043a\u043e\u043d\u0435\u0447\u043d\u043e\u0441\u0442\u0435\u0439- medisfaar.ee<\/title>\n<meta name=\"description\" content=\"\u0423\u0417\u0418 \u0432\u0435\u043d \u043d\u0438\u0436\u043d\u0438\u0445 \u043a\u043e\u043d\u0435\u0447\u043d\u043e\u0441\u0442\u0435\u0439 \u043f\u043e\u0437\u0432\u043e\u043b\u044f\u0435\u0442 \u043e\u0431\u043d\u0430\u0440\u0443\u0436\u0438\u0442\u044c \u0440\u0430\u043d\u043d\u0438\u0435 \u043f\u0440\u0438\u0437\u043d\u0430\u043a\u0438 \u0432\u0430\u0440\u0438\u043a\u043e\u0437\u0430, \u0442\u0440\u043e\u043c\u0431\u044b, \u0445\u043e\u043b\u0435\u0441\u0442\u0435\u0440\u0438\u043d\u043e\u0432\u044b\u0435 \u0431\u043b\u044f\u0448\u043a\u0438, \u0438\u0441\u043a\u043b\u044e\u0447\u0438\u0442\u044c \u043f\u0430\u0442\u043e\u043b\u043e\u0433\u0438\u0447\u0435\u0441\u043a\u0438\u0435 \u043f\u0440\u043e\u0446\u0435\u0441\u0441\u044b\" \/>\n<meta name=\"robots\" content=\"index, follow, max-snippet:-1, max-image-preview:large, max-video-preview:-1\" \/>\n<link rel=\"canonical\" href=\"https:\/\/medisfaar.ee\/ru\/\u0443\u0437\u0438-\u0432\u0435\u043d-\u043d\u0438\u0436\u043d\u0438\u0445-\u043a\u043e\u043d\u0435\u0447\u043d\u043e\u0441\u0442\u0435\u0439\/\" \/>\n<meta property=\"og:locale\" content=\"ru_RU\" \/>\n<meta property=\"og:type\" content=\"article\" \/>\n<meta property=\"og:title\" content=\"\u0423\u0417\u0418- \u0432\u0435\u043d -\u043d\u0438\u0436\u043d\u0438\u0445 -\u043a\u043e\u043d\u0435\u0447\u043d\u043e\u0441\u0442\u0435\u0439- medisfaar.ee\" \/>\n<meta property=\"og:description\" content=\"\u0423\u0417\u0418 \u0432\u0435\u043d \u043d\u0438\u0436\u043d\u0438\u0445 \u043a\u043e\u043d\u0435\u0447\u043d\u043e\u0441\u0442\u0435\u0439 \u043f\u043e\u0437\u0432\u043e\u043b\u044f\u0435\u0442 \u043e\u0431\u043d\u0430\u0440\u0443\u0436\u0438\u0442\u044c \u0440\u0430\u043d\u043d\u0438\u0435 \u043f\u0440\u0438\u0437\u043d\u0430\u043a\u0438 \u0432\u0430\u0440\u0438\u043a\u043e\u0437\u0430, \u0442\u0440\u043e\u043c\u0431\u044b, \u0445\u043e\u043b\u0435\u0441\u0442\u0435\u0440\u0438\u043d\u043e\u0432\u044b\u0435 \u0431\u043b\u044f\u0448\u043a\u0438, \u0438\u0441\u043a\u043b\u044e\u0447\u0438\u0442\u044c \u043f\u0430\u0442\u043e\u043b\u043e\u0433\u0438\u0447\u0435\u0441\u043a\u0438\u0435 \u043f\u0440\u043e\u0446\u0435\u0441\u0441\u044b\" \/>\n<meta property=\"og:url\" content=\"https:\/\/medisfaar.ee\/ru\/\u0443\u0437\u0438-\u0432\u0435\u043d-\u043d\u0438\u0436\u043d\u0438\u0445-\u043a\u043e\u043d\u0435\u0447\u043d\u043e\u0441\u0442\u0435\u0439\/\" \/>\n<meta property=\"og:site_name\" content=\"medisfaar.ee\" \/>\n<meta property=\"article:modified_time\" content=\"2021-05-12T10:04:48+00:00\" \/>\n<meta name=\"twitter:card\" content=\"summary_large_image\" \/>\n<meta name=\"twitter:label1\" content=\"\u041f\u0440\u0438\u043c\u0435\u0440\u043d\u043e\u0435 \u0432\u0440\u0435\u043c\u044f \u0434\u043b\u044f \u0447\u0442\u0435\u043d\u0438\u044f\" \/>\n\t<meta name=\"twitter:data1\" content=\"1 \u043c\u0438\u043d\u0443\u0442\u0430\" \/>\n<script type=\"application\/ld+json\" class=\"yoast-schema-graph\">{\"@context\":\"https:\\\/\\\/schema.org\",\"@graph\":[{\"@type\":\"WebPage\",\"@id\":\"https:\\\/\\\/medisfaar.ee\\\/ru\\\/%d1%83%d0%b7%d0%b8-%d0%b2%d0%b5%d0%bd-%d0%bd%d0%b8%d0%b6%d0%bd%d0%b8%d1%85-%d0%ba%d0%be%d0%bd%d0%b5%d1%87%d0%bd%d0%be%d1%81%d1%82%d0%b5%d0%b9\\\/\",\"url\":\"https:\\\/\\\/medisfaar.ee\\\/ru\\\/%d1%83%d0%b7%d0%b8-%d0%b2%d0%b5%d0%bd-%d0%bd%d0%b8%d0%b6%d0%bd%d0%b8%d1%85-%d0%ba%d0%be%d0%bd%d0%b5%d1%87%d0%bd%d0%be%d1%81%d1%82%d0%b5%d0%b9\\\/\",\"name\":\"\u0423\u0417\u0418- \u0432\u0435\u043d -\u043d\u0438\u0436\u043d\u0438\u0445 -\u043a\u043e\u043d\u0435\u0447\u043d\u043e\u0441\u0442\u0435\u0439- medisfaar.ee\",\"isPartOf\":{\"@id\":\"https:\\\/\\\/medisfaar.ee\\\/#website\"},\"datePublished\":\"2021-04-15T12:42:31+00:00\",\"dateModified\":\"2021-05-12T10:04:48+00:00\",\"description\":\"\u0423\u0417\u0418 \u0432\u0435\u043d \u043d\u0438\u0436\u043d\u0438\u0445 \u043a\u043e\u043d\u0435\u0447\u043d\u043e\u0441\u0442\u0435\u0439 \u043f\u043e\u0437\u0432\u043e\u043b\u044f\u0435\u0442 \u043e\u0431\u043d\u0430\u0440\u0443\u0436\u0438\u0442\u044c \u0440\u0430\u043d\u043d\u0438\u0435 \u043f\u0440\u0438\u0437\u043d\u0430\u043a\u0438 \u0432\u0430\u0440\u0438\u043a\u043e\u0437\u0430, \u0442\u0440\u043e\u043c\u0431\u044b, \u0445\u043e\u043b\u0435\u0441\u0442\u0435\u0440\u0438\u043d\u043e\u0432\u044b\u0435 \u0431\u043b\u044f\u0448\u043a\u0438, \u0438\u0441\u043a\u043b\u044e\u0447\u0438\u0442\u044c \u043f\u0430\u0442\u043e\u043b\u043e\u0433\u0438\u0447\u0435\u0441\u043a\u0438\u0435 \u043f\u0440\u043e\u0446\u0435\u0441\u0441\u044b\",\"breadcrumb\":{\"@id\":\"https:\\\/\\\/medisfaar.ee\\\/ru\\\/%d1%83%d0%b7%d0%b8-%d0%b2%d0%b5%d0%bd-%d0%bd%d0%b8%d0%b6%d0%bd%d0%b8%d1%85-%d0%ba%d0%be%d0%bd%d0%b5%d1%87%d0%bd%d0%be%d1%81%d1%82%d0%b5%d0%b9\\\/#breadcrumb\"},\"inLanguage\":\"ru-RU\",\"potentialAction\":[{\"@type\":\"ReadAction\",\"target\":[\"https:\\\/\\\/medisfaar.ee\\\/ru\\\/%d1%83%d0%b7%d0%b8-%d0%b2%d0%b5%d0%bd-%d0%bd%d0%b8%d0%b6%d0%bd%d0%b8%d1%85-%d0%ba%d0%be%d0%bd%d0%b5%d1%87%d0%bd%d0%be%d1%81%d1%82%d0%b5%d0%b9\\\/\"]}]},{\"@type\":\"BreadcrumbList\",\"@id\":\"https:\\\/\\\/medisfaar.ee\\\/ru\\\/%d1%83%d0%b7%d0%b8-%d0%b2%d0%b5%d0%bd-%d0%bd%d0%b8%d0%b6%d0%bd%d0%b8%d1%85-%d0%ba%d0%be%d0%bd%d0%b5%d1%87%d0%bd%d0%be%d1%81%d1%82%d0%b5%d0%b9\\\/#breadcrumb\",\"itemListElement\":[{\"@type\":\"ListItem\",\"position\":1,\"name\":\"\u0413\u043b\u0430\u0432\u043d\u0430\u044f\",\"item\":\"https:\\\/\\\/medisfaar.ee\\\/ru\\\/\"},{\"@type\":\"ListItem\",\"position\":2,\"name\":\"\u0423\u0417\u0418 \u0432\u0435\u043d \u043d\u0438\u0436\u043d\u0438\u0445 \u043a\u043e\u043d\u0435\u0447\u043d\u043e\u0441\u0442\u0435\u0439\"}]},{\"@type\":\"WebSite\",\"@id\":\"https:\\\/\\\/medisfaar.ee\\\/#website\",\"url\":\"https:\\\/\\\/medisfaar.ee\\\/\",\"name\":\"medisfaar.ee\",\"description\":\"Oleme Teie k\u00f5rval, ravime ja t\u00f6\u00f6tame Teie tervise nimel!\",\"potentialAction\":[{\"@type\":\"SearchAction\",\"target\":{\"@type\":\"EntryPoint\",\"urlTemplate\":\"https:\\\/\\\/medisfaar.ee\\\/?s={search_term_string}\"},\"query-input\":{\"@type\":\"PropertyValueSpecification\",\"valueRequired\":true,\"valueName\":\"search_term_string\"}}],\"inLanguage\":\"ru-RU\"}]}<\/script>\n<!-- \/ Yoast SEO plugin. -->","yoast_head_json":{"title":"\u0423\u0417\u0418- \u0432\u0435\u043d -\u043d\u0438\u0436\u043d\u0438\u0445 -\u043a\u043e\u043d\u0435\u0447\u043d\u043e\u0441\u0442\u0435\u0439- medisfaar.ee","description":"\u0423\u0417\u0418 \u0432\u0435\u043d \u043d\u0438\u0436\u043d\u0438\u0445 \u043a\u043e\u043d\u0435\u0447\u043d\u043e\u0441\u0442\u0435\u0439 \u043f\u043e\u0437\u0432\u043e\u043b\u044f\u0435\u0442 \u043e\u0431\u043d\u0430\u0440\u0443\u0436\u0438\u0442\u044c \u0440\u0430\u043d\u043d\u0438\u0435 \u043f\u0440\u0438\u0437\u043d\u0430\u043a\u0438 \u0432\u0430\u0440\u0438\u043a\u043e\u0437\u0430, \u0442\u0440\u043e\u043c\u0431\u044b, \u0445\u043e\u043b\u0435\u0441\u0442\u0435\u0440\u0438\u043d\u043e\u0432\u044b\u0435 \u0431\u043b\u044f\u0448\u043a\u0438, \u0438\u0441\u043a\u043b\u044e\u0447\u0438\u0442\u044c \u043f\u0430\u0442\u043e\u043b\u043e\u0433\u0438\u0447\u0435\u0441\u043a\u0438\u0435 \u043f\u0440\u043e\u0446\u0435\u0441\u0441\u044b","robots":{"index":"index","follow":"follow","max-snippet":"max-snippet:-1","max-image-preview":"max-image-preview:large","max-video-preview":"max-video-preview:-1"},"canonical":"https:\/\/medisfaar.ee\/ru\/\u0443\u0437\u0438-\u0432\u0435\u043d-\u043d\u0438\u0436\u043d\u0438\u0445-\u043a\u043e\u043d\u0435\u0447\u043d\u043e\u0441\u0442\u0435\u0439\/","og_locale":"ru_RU","og_type":"article","og_title":"\u0423\u0417\u0418- \u0432\u0435\u043d -\u043d\u0438\u0436\u043d\u0438\u0445 -\u043a\u043e\u043d\u0435\u0447\u043d\u043e\u0441\u0442\u0435\u0439- medisfaar.ee","og_description":"\u0423\u0417\u0418 \u0432\u0435\u043d \u043d\u0438\u0436\u043d\u0438\u0445 \u043a\u043e\u043d\u0435\u0447\u043d\u043e\u0441\u0442\u0435\u0439 \u043f\u043e\u0437\u0432\u043e\u043b\u044f\u0435\u0442 \u043e\u0431\u043d\u0430\u0440\u0443\u0436\u0438\u0442\u044c \u0440\u0430\u043d\u043d\u0438\u0435 \u043f\u0440\u0438\u0437\u043d\u0430\u043a\u0438 \u0432\u0430\u0440\u0438\u043a\u043e\u0437\u0430, \u0442\u0440\u043e\u043c\u0431\u044b, \u0445\u043e\u043b\u0435\u0441\u0442\u0435\u0440\u0438\u043d\u043e\u0432\u044b\u0435 \u0431\u043b\u044f\u0448\u043a\u0438, \u0438\u0441\u043a\u043b\u044e\u0447\u0438\u0442\u044c \u043f\u0430\u0442\u043e\u043b\u043e\u0433\u0438\u0447\u0435\u0441\u043a\u0438\u0435 \u043f\u0440\u043e\u0446\u0435\u0441\u0441\u044b","og_url":"https:\/\/medisfaar.ee\/ru\/\u0443\u0437\u0438-\u0432\u0435\u043d-\u043d\u0438\u0436\u043d\u0438\u0445-\u043a\u043e\u043d\u0435\u0447\u043d\u043e\u0441\u0442\u0435\u0439\/","og_site_name":"medisfaar.ee","article_modified_time":"2021-05-12T10:04:48+00:00","twitter_card":"summary_large_image","twitter_misc":{"\u041f\u0440\u0438\u043c\u0435\u0440\u043d\u043e\u0435 \u0432\u0440\u0435\u043c\u044f \u0434\u043b\u044f \u0447\u0442\u0435\u043d\u0438\u044f":"1 \u043c\u0438\u043d\u0443\u0442\u0430"},"schema":{"@context":"https:\/\/schema.org","@graph":[{"@type":"WebPage","@id":"https:\/\/medisfaar.ee\/ru\/%d1%83%d0%b7%d0%b8-%d0%b2%d0%b5%d0%bd-%d0%bd%d0%b8%d0%b6%d0%bd%d0%b8%d1%85-%d0%ba%d0%be%d0%bd%d0%b5%d1%87%d0%bd%d0%be%d1%81%d1%82%d0%b5%d0%b9\/","url":"https:\/\/medisfaar.ee\/ru\/%d1%83%d0%b7%d0%b8-%d0%b2%d0%b5%d0%bd-%d0%bd%d0%b8%d0%b6%d0%bd%d0%b8%d1%85-%d0%ba%d0%be%d0%bd%d0%b5%d1%87%d0%bd%d0%be%d1%81%d1%82%d0%b5%d0%b9\/","name":"\u0423\u0417\u0418- \u0432\u0435\u043d -\u043d\u0438\u0436\u043d\u0438\u0445 -\u043a\u043e\u043d\u0435\u0447\u043d\u043e\u0441\u0442\u0435\u0439- medisfaar.ee","isPartOf":{"@id":"https:\/\/medisfaar.ee\/#website"},"datePublished":"2021-04-15T12:42:31+00:00","dateModified":"2021-05-12T10:04:48+00:00","description":"\u0423\u0417\u0418 \u0432\u0435\u043d \u043d\u0438\u0436\u043d\u0438\u0445 \u043a\u043e\u043d\u0435\u0447\u043d\u043e\u0441\u0442\u0435\u0439 \u043f\u043e\u0437\u0432\u043e\u043b\u044f\u0435\u0442 \u043e\u0431\u043d\u0430\u0440\u0443\u0436\u0438\u0442\u044c \u0440\u0430\u043d\u043d\u0438\u0435 \u043f\u0440\u0438\u0437\u043d\u0430\u043a\u0438 \u0432\u0430\u0440\u0438\u043a\u043e\u0437\u0430, \u0442\u0440\u043e\u043c\u0431\u044b, \u0445\u043e\u043b\u0435\u0441\u0442\u0435\u0440\u0438\u043d\u043e\u0432\u044b\u0435 \u0431\u043b\u044f\u0448\u043a\u0438, \u0438\u0441\u043a\u043b\u044e\u0447\u0438\u0442\u044c \u043f\u0430\u0442\u043e\u043b\u043e\u0433\u0438\u0447\u0435\u0441\u043a\u0438\u0435 \u043f\u0440\u043e\u0446\u0435\u0441\u0441\u044b","breadcrumb":{"@id":"https:\/\/medisfaar.ee\/ru\/%d1%83%d0%b7%d0%b8-%d0%b2%d0%b5%d0%bd-%d0%bd%d0%b8%d0%b6%d0%bd%d0%b8%d1%85-%d0%ba%d0%be%d0%bd%d0%b5%d1%87%d0%bd%d0%be%d1%81%d1%82%d0%b5%d0%b9\/#breadcrumb"},"inLanguage":"ru-RU","potentialAction":[{"@type":"ReadAction","target":["https:\/\/medisfaar.ee\/ru\/%d1%83%d0%b7%d0%b8-%d0%b2%d0%b5%d0%bd-%d0%bd%d0%b8%d0%b6%d0%bd%d0%b8%d1%85-%d0%ba%d0%be%d0%bd%d0%b5%d1%87%d0%bd%d0%be%d1%81%d1%82%d0%b5%d0%b9\/"]}]},{"@type":"BreadcrumbList","@id":"https:\/\/medisfaar.ee\/ru\/%d1%83%d0%b7%d0%b8-%d0%b2%d0%b5%d0%bd-%d0%bd%d0%b8%d0%b6%d0%bd%d0%b8%d1%85-%d0%ba%d0%be%d0%bd%d0%b5%d1%87%d0%bd%d0%be%d1%81%d1%82%d0%b5%d0%b9\/#breadcrumb","itemListElement":[{"@type":"ListItem","position":1,"name":"\u0413\u043b\u0430\u0432\u043d\u0430\u044f","item":"https:\/\/medisfaar.ee\/ru\/"},{"@type":"ListItem","position":2,"name":"\u0423\u0417\u0418 \u0432\u0435\u043d \u043d\u0438\u0436\u043d\u0438\u0445 \u043a\u043e\u043d\u0435\u0447\u043d\u043e\u0441\u0442\u0435\u0439"}]},{"@type":"WebSite","@id":"https:\/\/medisfaar.ee\/#website","url":"https:\/\/medisfaar.ee\/","name":"medisfaar.ee","description":"Oleme Teie k\u00f5rval, ravime ja t\u00f6\u00f6tame Teie tervise nimel!","potentialAction":[{"@type":"SearchAction","target":{"@type":"EntryPoint","urlTemplate":"https:\/\/medisfaar.ee\/?s={search_term_string}"},"query-input":{"@type":"PropertyValueSpecification","valueRequired":true,"valueName":"search_term_string"}}],"inLanguage":"ru-RU"}]}},"_links":{"self":[{"href":"https:\/\/medisfaar.ee\/ru\/wp-json\/wp\/v2\/pages\/17022","targetHints":{"allow":["GET"]}}],"collection":[{"href":"https:\/\/medisfaar.ee\/ru\/wp-json\/wp\/v2\/pages"}],"about":[{"href":"https:\/\/medisfaar.ee\/ru\/wp-json\/wp\/v2\/types\/page"}],"author":[{"embeddable":true,"href":"https:\/\/medisfaar.ee\/ru\/wp-json\/wp\/v2\/users\/1"}],"replies":[{"embeddable":true,"href":"https:\/\/medisfaar.ee\/ru\/wp-json\/wp\/v2\/comments?post=17022"}],"version-history":[{"count":3,"href":"https:\/\/medisfaar.ee\/ru\/wp-json\/wp\/v2\/pages\/17022\/revisions"}],"predecessor-version":[{"id":17760,"href":"https:\/\/medisfaar.ee\/ru\/wp-json\/wp\/v2\/pages\/17022\/revisions\/17760"}],"wp:attachment":[{"href":"https:\/\/medisfaar.ee\/ru\/wp-json\/wp\/v2\/media?parent=17022"}],"curies":[{"name":"wp","href":"https:\/\/api.w.org\/{rel}","templated":true}]}}