{"id":15978,"date":"2021-04-11T15:43:40","date_gmt":"2021-04-11T12:43:40","guid":{"rendered":"https:\/\/medisfaar.ee\/ultraheliuuringud-hinnad\/"},"modified":"2025-12-29T17:15:39","modified_gmt":"2025-12-29T14:15:39","slug":"ultrazvukovoe-issledovanie","status":"publish","type":"page","link":"https:\/\/medisfaar.ee\/ru\/ultrazvukovoe-issledovanie\/","title":{"rendered":"\u0423\u0417\u0418. \u0426\u0415\u041d\u042b \u0421 01.01.2026"},"content":{"rendered":"<div id=\"cmsmasters_row_t0llmzud8\" class=\"cmsmasters_row cmsmasters_color_scheme_default cmsmasters_row_top_default cmsmasters_row_bot_default cmsmasters_row_boxed\">\n<div class=\"cmsmasters_row_outer_parent\">\n<div class=\"cmsmasters_row_outer\">\n<div class=\"cmsmasters_row_inner\">\n<div class=\"cmsmasters_row_margin\">\n<div id=\"cmsmasters_column_crp50d3hg9\" class=\"cmsmasters_column one_first\">\n<div class=\"cmsmasters_column_inner\"><div class=\"cmsmasters_wrap_table\"><table class=\"cmsmasters_table\"><caption><\/caption><thead><tr class=\"cmsmasters_table_row_header\"><th class=\"cmsmasters_table_cell_alignleft\">\u0423\u0421\u041b\u0423\u0413\u0410<\/th><th class=\"cmsmasters_table_cell_alignleft\">\u0426\u0415\u041d\u0410<\/th><\/tr><\/thead><tr><td class=\"cmsmasters_table_cell_alignleft\">\u0423\u0417\u0418 \u0430\u0440\u0442\u0435\u0440\u0438\u0439 \u043d\u043e\u0433<\/td><td class=\"cmsmasters_table_cell_alignleft\">55.00 \/ 1 \u043d\u043e\u0433\u0430<\/td><\/tr><tr><td class=\"cmsmasters_table_cell_alignleft\">\u0423\u0417\u0418 \u0432\u0435\u043d \u043d\u043e\u0433<\/td><td class=\"cmsmasters_table_cell_alignleft\">55.00 \/ 1 \u043d\u043e\u0433\u0430<\/td><\/tr><tr><td class=\"cmsmasters_table_cell_alignleft\">\u0423\u0417\u0418 \u0430\u0440\u0442\u0435\u0440\u0438\u0439 \u0438 \u0432\u0435\u043d \u043d\u043e\u0433 (\u0433\u043b\u0443\u0431\u043e\u043a\u0438\u0445 \u0438 \u043f\u043e\u0432\u0435\u0440\u0445\u043d\u043e\u0441\u0442\u043d\u044b\u0445)<\/td><td class=\"cmsmasters_table_cell_alignleft\">80.00 \/ 1 \u043d\u043e\u0433\u0430<\/td><\/tr><tr><td class=\"cmsmasters_table_cell_alignleft\">\u0423\u0417\u0418 \u0441\u0443\u0441\u0442\u0430\u0432\u043e\u0432 (1 \u043e\u0431\u043b\u0430\u0441\u0442\u044c)<\/td><td class=\"cmsmasters_table_cell_alignleft\">45.00 \/ 1 \u043e\u0431\u043b\u0430\u0441\u0442\u044c<\/td><\/tr><tr><td class=\"cmsmasters_table_cell_alignleft\">\u0423\u0417\u0418 \u0448\u0435\u0439\u043d\u044b\u0445 \u0430\u0440\u0442\u0435\u0440\u0438\u0439<\/td><td class=\"cmsmasters_table_cell_alignleft\">75.00<\/td><\/tr><tr><td class=\"cmsmasters_table_cell_alignleft\">\u0423\u0417\u0418 \u0441\u043b\u044e\u043d\u043d\u044b\u0445 \u0436\u0435\u043b\u0451\u0437<\/td><td class=\"cmsmasters_table_cell_alignleft\">50.00<\/td><\/tr><tr><td class=\"cmsmasters_table_cell_alignleft\">\u0423\u0417\u0418 \u043c\u043e\u0448\u043e\u043d\u043a\u0438<\/td><td class=\"cmsmasters_table_cell_alignleft\">60.00<\/td><\/tr><tr><td class=\"cmsmasters_table_cell_alignleft\">\u0423\u0417\u0418 \u043c\u043e\u043b\u043e\u0447\u043d\u044b\u0445 \u0436\u0435\u043b\u0435\u0437<\/td><td class=\"cmsmasters_table_cell_alignleft\">50.00 \/ 1 \u0433\u0440\u0443\u0434\u044c<\/td><\/tr><tr><td class=\"cmsmasters_table_cell_alignleft\">\u0423\u0417\u0418 \u0431\u0440\u044e\u0448\u043d\u043e\u0439 \u043f\u043e\u043b\u043e\u0441\u0442\u0438 \u0438 \u043e\u0431\u043b\u0430\u0441\u0442\u0438 \u043c\u0430\u043b\u043e\u0433\u043e \u0442\u0430\u0437\u0430<\/td><td class=\"cmsmasters_table_cell_alignleft\">80.00<\/td><\/tr><tr><td class=\"cmsmasters_table_cell_alignleft\">\u0420\u0435\u043a\u0442\u0430\u043b\u044c\u043d\u043e\u0435 \u0423\u0417\u0418<\/td><td class=\"cmsmasters_table_cell_alignleft\">65.00<\/td><\/tr><tr><td class=\"cmsmasters_table_cell_alignleft\">\u0423\u0417\u0418 \u0432\u0435\u043d \u0438 \u0430\u0440\u0442\u0435\u0440\u0438\u0439 (1 \u043e\u0431\u043b\u0430\u0441\u0442\u044c)<\/td><td class=\"cmsmasters_table_cell_alignleft\">65.00<\/td><\/tr><tr><td class=\"cmsmasters_table_cell_alignleft\">\u0423\u0417\u0418 \u0449\u0438\u0442\u043e\u0432\u0438\u0434\u043d\u043e\u0439 \u0436\u0435\u043b\u0435\u0437\u044b<\/td><td class=\"cmsmasters_table_cell_alignleft\">60.00<\/td><\/tr><\/table><\/div>\n<\/div><\/div>\n<\/div>\n<\/div>\n<\/div>\n<\/div>\n<\/div>\n\n","protected":false},"excerpt":{"rendered":"","protected":false},"author":1,"featured_media":0,"parent":0,"menu_order":0,"comment_status":"closed","ping_status":"closed","template":"","meta":{"footnotes":""},"class_list":["post-15978","page","type-page","status-publish","hentry"],"yoast_head":"<!-- This site is optimized with the Yoast SEO plugin v27.5 - https:\/\/yoast.com\/product\/yoast-seo-wordpress\/ -->\n<title>\u0423\u0417\u0418. \u0426\u0415\u041d\u042b \u0421 01.01.2026 \u0423\u043b\u044c\u0442\u0440\u0430\u0437\u0432\u0443\u043a\u043e\u0432\u043e\u0435 \u0438\u0441\u0441\u043b\u0435\u0434\u043e\u0432\u0430\u043d\u0438\u0435 - medisfaar.ee<\/title>\n<meta name=\"description\" content=\"\u0423\u043b\u044c\u0442\u0440\u0430\u0437\u0432\u0443\u043a\u043e\u0432\u043e\u0435 \u0438\u0441\u0441\u043b\u0435\u0434\u043e\u0432\u0430\u043d\u0438\u0435 \u0423\u0417\u0418 \u043e\u0440\u0433\u0430\u043d\u043e\u0432 \u0431\u0440\u044e\u0448\u043d\u043e\u0439 \u043f\u043e\u043b\u043e\u0441\u0442\u0438, - \u044d\u0442\u043e \u043c\u0435\u0442\u043e\u0434 \u0432\u0438\u0437\u0443\u0430\u043b\u0438\u0437\u0430\u0446\u0438\u0438 \u043d\u0430 \u043e\u0441\u043d\u043e\u0432\u0435 \u0438\u0441\u043f\u043e\u043b\u044c\u0437\u043e\u0432\u0430\u043d\u0438\u044f \u0432\u044b\u0441\u043e\u043a\u043e\u0447\u0430\u0441\u0442\u043e\u0442\u043d\u044b\u0445 \u0437\u0432\u0443\u043a\u043e\u0432\u044b\u0445 \u0432\u043e\u043b\u043d.\" \/>\n<meta name=\"robots\" content=\"index, follow, max-snippet:-1, max-image-preview:large, max-video-preview:-1\" \/>\n<link rel=\"canonical\" href=\"https:\/\/medisfaar.ee\/ru\/ultrazvukovoe-issledovanie\/\" \/>\n<meta property=\"og:locale\" content=\"ru_RU\" \/>\n<meta property=\"og:type\" content=\"article\" \/>\n<meta property=\"og:title\" content=\"\u0423\u0417\u0418. \u0426\u0415\u041d\u042b \u0421 01.01.2026 \u0423\u043b\u044c\u0442\u0440\u0430\u0437\u0432\u0443\u043a\u043e\u0432\u043e\u0435 \u0438\u0441\u0441\u043b\u0435\u0434\u043e\u0432\u0430\u043d\u0438\u0435 - medisfaar.ee\" \/>\n<meta property=\"og:description\" content=\"\u0423\u043b\u044c\u0442\u0440\u0430\u0437\u0432\u0443\u043a\u043e\u0432\u043e\u0435 \u0438\u0441\u0441\u043b\u0435\u0434\u043e\u0432\u0430\u043d\u0438\u0435 \u0423\u0417\u0418 \u043e\u0440\u0433\u0430\u043d\u043e\u0432 \u0431\u0440\u044e\u0448\u043d\u043e\u0439 \u043f\u043e\u043b\u043e\u0441\u0442\u0438, - \u044d\u0442\u043e \u043c\u0435\u0442\u043e\u0434 \u0432\u0438\u0437\u0443\u0430\u043b\u0438\u0437\u0430\u0446\u0438\u0438 \u043d\u0430 \u043e\u0441\u043d\u043e\u0432\u0435 \u0438\u0441\u043f\u043e\u043b\u044c\u0437\u043e\u0432\u0430\u043d\u0438\u044f \u0432\u044b\u0441\u043e\u043a\u043e\u0447\u0430\u0441\u0442\u043e\u0442\u043d\u044b\u0445 \u0437\u0432\u0443\u043a\u043e\u0432\u044b\u0445 \u0432\u043e\u043b\u043d.\" \/>\n<meta property=\"og:url\" content=\"https:\/\/medisfaar.ee\/ru\/ultrazvukovoe-issledovanie\/\" \/>\n<meta property=\"og:site_name\" content=\"medisfaar.ee\" \/>\n<meta property=\"article:modified_time\" content=\"2025-12-29T14:15:39+00:00\" \/>\n<meta name=\"twitter:card\" content=\"summary_large_image\" \/>\n<meta name=\"twitter:label1\" content=\"\u041f\u0440\u0438\u043c\u0435\u0440\u043d\u043e\u0435 \u0432\u0440\u0435\u043c\u044f \u0434\u043b\u044f \u0447\u0442\u0435\u043d\u0438\u044f\" \/>\n\t<meta name=\"twitter:data1\" content=\"1 \u043c\u0438\u043d\u0443\u0442\u0430\" \/>\n<script type=\"application\/ld+json\" class=\"yoast-schema-graph\">{\"@context\":\"https:\\\/\\\/schema.org\",\"@graph\":[{\"@type\":\"WebPage\",\"@id\":\"https:\\\/\\\/medisfaar.ee\\\/ru\\\/ultrazvukovoe-issledovanie\\\/\",\"url\":\"https:\\\/\\\/medisfaar.ee\\\/ru\\\/ultrazvukovoe-issledovanie\\\/\",\"name\":\"\u0423\u0417\u0418. \u0426\u0415\u041d\u042b \u0421 01.01.2026 \u0423\u043b\u044c\u0442\u0440\u0430\u0437\u0432\u0443\u043a\u043e\u0432\u043e\u0435 \u0438\u0441\u0441\u043b\u0435\u0434\u043e\u0432\u0430\u043d\u0438\u0435 - medisfaar.ee\",\"isPartOf\":{\"@id\":\"https:\\\/\\\/medisfaar.ee\\\/#website\"},\"datePublished\":\"2021-04-11T12:43:40+00:00\",\"dateModified\":\"2025-12-29T14:15:39+00:00\",\"description\":\"\u0423\u043b\u044c\u0442\u0440\u0430\u0437\u0432\u0443\u043a\u043e\u0432\u043e\u0435 \u0438\u0441\u0441\u043b\u0435\u0434\u043e\u0432\u0430\u043d\u0438\u0435 \u0423\u0417\u0418 \u043e\u0440\u0433\u0430\u043d\u043e\u0432 \u0431\u0440\u044e\u0448\u043d\u043e\u0439 \u043f\u043e\u043b\u043e\u0441\u0442\u0438, - \u044d\u0442\u043e \u043c\u0435\u0442\u043e\u0434 \u0432\u0438\u0437\u0443\u0430\u043b\u0438\u0437\u0430\u0446\u0438\u0438 \u043d\u0430 \u043e\u0441\u043d\u043e\u0432\u0435 \u0438\u0441\u043f\u043e\u043b\u044c\u0437\u043e\u0432\u0430\u043d\u0438\u044f \u0432\u044b\u0441\u043e\u043a\u043e\u0447\u0430\u0441\u0442\u043e\u0442\u043d\u044b\u0445 \u0437\u0432\u0443\u043a\u043e\u0432\u044b\u0445 \u0432\u043e\u043b\u043d.\",\"breadcrumb\":{\"@id\":\"https:\\\/\\\/medisfaar.ee\\\/ru\\\/ultrazvukovoe-issledovanie\\\/#breadcrumb\"},\"inLanguage\":\"ru-RU\",\"potentialAction\":[{\"@type\":\"ReadAction\",\"target\":[\"https:\\\/\\\/medisfaar.ee\\\/ru\\\/ultrazvukovoe-issledovanie\\\/\"]}]},{\"@type\":\"BreadcrumbList\",\"@id\":\"https:\\\/\\\/medisfaar.ee\\\/ru\\\/ultrazvukovoe-issledovanie\\\/#breadcrumb\",\"itemListElement\":[{\"@type\":\"ListItem\",\"position\":1,\"name\":\"\u0413\u043b\u0430\u0432\u043d\u0430\u044f\",\"item\":\"https:\\\/\\\/medisfaar.ee\\\/ru\\\/\"},{\"@type\":\"ListItem\",\"position\":2,\"name\":\"\u0423\u0417\u0418. \u0426\u0415\u041d\u042b \u0421 01.01.2026\"}]},{\"@type\":\"WebSite\",\"@id\":\"https:\\\/\\\/medisfaar.ee\\\/#website\",\"url\":\"https:\\\/\\\/medisfaar.ee\\\/\",\"name\":\"medisfaar.ee\",\"description\":\"Oleme Teie k\u00f5rval, ravime ja t\u00f6\u00f6tame Teie tervise nimel!\",\"potentialAction\":[{\"@type\":\"SearchAction\",\"target\":{\"@type\":\"EntryPoint\",\"urlTemplate\":\"https:\\\/\\\/medisfaar.ee\\\/?s={search_term_string}\"},\"query-input\":{\"@type\":\"PropertyValueSpecification\",\"valueRequired\":true,\"valueName\":\"search_term_string\"}}],\"inLanguage\":\"ru-RU\"}]}<\/script>\n<!-- \/ Yoast SEO plugin. -->","yoast_head_json":{"title":"\u0423\u0417\u0418. \u0426\u0415\u041d\u042b \u0421 01.01.2026 \u0423\u043b\u044c\u0442\u0440\u0430\u0437\u0432\u0443\u043a\u043e\u0432\u043e\u0435 \u0438\u0441\u0441\u043b\u0435\u0434\u043e\u0432\u0430\u043d\u0438\u0435 - medisfaar.ee","description":"\u0423\u043b\u044c\u0442\u0440\u0430\u0437\u0432\u0443\u043a\u043e\u0432\u043e\u0435 \u0438\u0441\u0441\u043b\u0435\u0434\u043e\u0432\u0430\u043d\u0438\u0435 \u0423\u0417\u0418 \u043e\u0440\u0433\u0430\u043d\u043e\u0432 \u0431\u0440\u044e\u0448\u043d\u043e\u0439 \u043f\u043e\u043b\u043e\u0441\u0442\u0438, - \u044d\u0442\u043e \u043c\u0435\u0442\u043e\u0434 \u0432\u0438\u0437\u0443\u0430\u043b\u0438\u0437\u0430\u0446\u0438\u0438 \u043d\u0430 \u043e\u0441\u043d\u043e\u0432\u0435 \u0438\u0441\u043f\u043e\u043b\u044c\u0437\u043e\u0432\u0430\u043d\u0438\u044f \u0432\u044b\u0441\u043e\u043a\u043e\u0447\u0430\u0441\u0442\u043e\u0442\u043d\u044b\u0445 \u0437\u0432\u0443\u043a\u043e\u0432\u044b\u0445 \u0432\u043e\u043b\u043d.","robots":{"index":"index","follow":"follow","max-snippet":"max-snippet:-1","max-image-preview":"max-image-preview:large","max-video-preview":"max-video-preview:-1"},"canonical":"https:\/\/medisfaar.ee\/ru\/ultrazvukovoe-issledovanie\/","og_locale":"ru_RU","og_type":"article","og_title":"\u0423\u0417\u0418. \u0426\u0415\u041d\u042b \u0421 01.01.2026 \u0423\u043b\u044c\u0442\u0440\u0430\u0437\u0432\u0443\u043a\u043e\u0432\u043e\u0435 \u0438\u0441\u0441\u043b\u0435\u0434\u043e\u0432\u0430\u043d\u0438\u0435 - medisfaar.ee","og_description":"\u0423\u043b\u044c\u0442\u0440\u0430\u0437\u0432\u0443\u043a\u043e\u0432\u043e\u0435 \u0438\u0441\u0441\u043b\u0435\u0434\u043e\u0432\u0430\u043d\u0438\u0435 \u0423\u0417\u0418 \u043e\u0440\u0433\u0430\u043d\u043e\u0432 \u0431\u0440\u044e\u0448\u043d\u043e\u0439 \u043f\u043e\u043b\u043e\u0441\u0442\u0438, - \u044d\u0442\u043e \u043c\u0435\u0442\u043e\u0434 \u0432\u0438\u0437\u0443\u0430\u043b\u0438\u0437\u0430\u0446\u0438\u0438 \u043d\u0430 \u043e\u0441\u043d\u043e\u0432\u0435 \u0438\u0441\u043f\u043e\u043b\u044c\u0437\u043e\u0432\u0430\u043d\u0438\u044f \u0432\u044b\u0441\u043e\u043a\u043e\u0447\u0430\u0441\u0442\u043e\u0442\u043d\u044b\u0445 \u0437\u0432\u0443\u043a\u043e\u0432\u044b\u0445 \u0432\u043e\u043b\u043d.","og_url":"https:\/\/medisfaar.ee\/ru\/ultrazvukovoe-issledovanie\/","og_site_name":"medisfaar.ee","article_modified_time":"2025-12-29T14:15:39+00:00","twitter_card":"summary_large_image","twitter_misc":{"\u041f\u0440\u0438\u043c\u0435\u0440\u043d\u043e\u0435 \u0432\u0440\u0435\u043c\u044f \u0434\u043b\u044f \u0447\u0442\u0435\u043d\u0438\u044f":"1 \u043c\u0438\u043d\u0443\u0442\u0430"},"schema":{"@context":"https:\/\/schema.org","@graph":[{"@type":"WebPage","@id":"https:\/\/medisfaar.ee\/ru\/ultrazvukovoe-issledovanie\/","url":"https:\/\/medisfaar.ee\/ru\/ultrazvukovoe-issledovanie\/","name":"\u0423\u0417\u0418. \u0426\u0415\u041d\u042b \u0421 01.01.2026 \u0423\u043b\u044c\u0442\u0440\u0430\u0437\u0432\u0443\u043a\u043e\u0432\u043e\u0435 \u0438\u0441\u0441\u043b\u0435\u0434\u043e\u0432\u0430\u043d\u0438\u0435 - medisfaar.ee","isPartOf":{"@id":"https:\/\/medisfaar.ee\/#website"},"datePublished":"2021-04-11T12:43:40+00:00","dateModified":"2025-12-29T14:15:39+00:00","description":"\u0423\u043b\u044c\u0442\u0440\u0430\u0437\u0432\u0443\u043a\u043e\u0432\u043e\u0435 \u0438\u0441\u0441\u043b\u0435\u0434\u043e\u0432\u0430\u043d\u0438\u0435 \u0423\u0417\u0418 \u043e\u0440\u0433\u0430\u043d\u043e\u0432 \u0431\u0440\u044e\u0448\u043d\u043e\u0439 \u043f\u043e\u043b\u043e\u0441\u0442\u0438, - \u044d\u0442\u043e \u043c\u0435\u0442\u043e\u0434 \u0432\u0438\u0437\u0443\u0430\u043b\u0438\u0437\u0430\u0446\u0438\u0438 \u043d\u0430 \u043e\u0441\u043d\u043e\u0432\u0435 \u0438\u0441\u043f\u043e\u043b\u044c\u0437\u043e\u0432\u0430\u043d\u0438\u044f \u0432\u044b\u0441\u043e\u043a\u043e\u0447\u0430\u0441\u0442\u043e\u0442\u043d\u044b\u0445 \u0437\u0432\u0443\u043a\u043e\u0432\u044b\u0445 \u0432\u043e\u043b\u043d.","breadcrumb":{"@id":"https:\/\/medisfaar.ee\/ru\/ultrazvukovoe-issledovanie\/#breadcrumb"},"inLanguage":"ru-RU","potentialAction":[{"@type":"ReadAction","target":["https:\/\/medisfaar.ee\/ru\/ultrazvukovoe-issledovanie\/"]}]},{"@type":"BreadcrumbList","@id":"https:\/\/medisfaar.ee\/ru\/ultrazvukovoe-issledovanie\/#breadcrumb","itemListElement":[{"@type":"ListItem","position":1,"name":"\u0413\u043b\u0430\u0432\u043d\u0430\u044f","item":"https:\/\/medisfaar.ee\/ru\/"},{"@type":"ListItem","position":2,"name":"\u0423\u0417\u0418. \u0426\u0415\u041d\u042b \u0421 01.01.2026"}]},{"@type":"WebSite","@id":"https:\/\/medisfaar.ee\/#website","url":"https:\/\/medisfaar.ee\/","name":"medisfaar.ee","description":"Oleme Teie k\u00f5rval, ravime ja t\u00f6\u00f6tame Teie tervise nimel!","potentialAction":[{"@type":"SearchAction","target":{"@type":"EntryPoint","urlTemplate":"https:\/\/medisfaar.ee\/?s={search_term_string}"},"query-input":{"@type":"PropertyValueSpecification","valueRequired":true,"valueName":"search_term_string"}}],"inLanguage":"ru-RU"}]}},"_links":{"self":[{"href":"https:\/\/medisfaar.ee\/ru\/wp-json\/wp\/v2\/pages\/15978","targetHints":{"allow":["GET"]}}],"collection":[{"href":"https:\/\/medisfaar.ee\/ru\/wp-json\/wp\/v2\/pages"}],"about":[{"href":"https:\/\/medisfaar.ee\/ru\/wp-json\/wp\/v2\/types\/page"}],"author":[{"embeddable":true,"href":"https:\/\/medisfaar.ee\/ru\/wp-json\/wp\/v2\/users\/1"}],"replies":[{"embeddable":true,"href":"https:\/\/medisfaar.ee\/ru\/wp-json\/wp\/v2\/comments?post=15978"}],"version-history":[{"count":11,"href":"https:\/\/medisfaar.ee\/ru\/wp-json\/wp\/v2\/pages\/15978\/revisions"}],"predecessor-version":[{"id":19395,"href":"https:\/\/medisfaar.ee\/ru\/wp-json\/wp\/v2\/pages\/15978\/revisions\/19395"}],"wp:attachment":[{"href":"https:\/\/medisfaar.ee\/ru\/wp-json\/wp\/v2\/media?parent=15978"}],"curies":[{"name":"wp","href":"https:\/\/api.w.org\/{rel}","templated":true}]}}