{"id":15966,"date":"2021-04-11T14:47:29","date_gmt":"2021-04-11T11:47:29","guid":{"rendered":"https:\/\/medisfaar.ee\/nahamoodustiste-diagnostika-hinnad\/"},"modified":"2021-10-14T13:27:05","modified_gmt":"2021-10-14T10:27:05","slug":"metod-dermatoskopii-issledovanie-ro-2","status":"publish","type":"page","link":"https:\/\/medisfaar.ee\/ru\/metod-dermatoskopii-issledovanie-ro-2\/","title":{"rendered":"\u0414\u0438\u0430\u0433\u043d\u043e\u0441\u0442\u0438\u043a\u0430 \u043a\u043e\u0436\u043d\u044b\u0445 \u043d\u043e\u0432\u043e\u043e\u0431\u0440\u0430\u0437\u043e\u0432\u0430\u043d\u0438\u0439. \u0426\u0415\u041d\u042b"},"content":{"rendered":"<div id=\"cmsmasters_row_i1eeimn3lq\" class=\"cmsmasters_row cmsmasters_color_scheme_default cmsmasters_row_top_default cmsmasters_row_bot_default cmsmasters_row_boxed\">\n<div class=\"cmsmasters_row_outer_parent\">\n<div class=\"cmsmasters_row_outer\">\n<div class=\"cmsmasters_row_inner\">\n<div class=\"cmsmasters_row_margin\">\n<div id=\"cmsmasters_column_lgi8rhitse\" class=\"cmsmasters_column one_first\">\n<div class=\"cmsmasters_column_inner\"><div class=\"cmsmasters_wrap_table\"><table class=\"cmsmasters_table\"><caption><\/caption><thead><tr class=\"cmsmasters_table_row_header\"><th class=\"cmsmasters_table_cell_alignleft\">\u0423\u0421\u041b\u0423\u0413\u0410<\/th><th class=\"cmsmasters_table_cell_alignleft\">\u0426\u0415\u041d\u0410<\/th><\/tr><\/thead><tr><td class=\"cmsmasters_table_cell_alignleft\">\u041f\u0440\u0438\u0435\u043c \u043c\u0435\u0434\u0441\u0435\u0441\u0442\u0440\u044b (\u0434\u0435\u0440\u043c\u0430\u0442\u043e\u0441\u043a\u043e\u043f\u0438\u044f &#8211; \u0438\u0441\u0441\u043b\u0435\u0434\u043e\u0432\u0430\u043d\u0438\u0435 \u0440\u043e\u0434\u0438\u043d\u043e\u043a \u0438 \u043f\u0440 \u043a\u043e\u0436\u043d\u044b\u0445 \u043e\u0431\u0440\u0430\u0437\u043e\u0432\u0430\u043d\u0438\u0439 \u0438 \u043a\u043e\u043d\u0441\u0443\u043b\u044c\u0442\u0430\u0446\u0438\u044f) <\/td><td class=\"cmsmasters_table_cell_alignleft\">20.00<\/td><\/tr><tr><td class=\"cmsmasters_table_cell_alignleft\">\u041a\u043e\u043d\u0442\u0440\u043e\u043b\u044c \u0440\u043e\u0434\u0438\u043d\u043a\u0438 \u0438 \u043f\u0440 \u043a\u043e\u0436\u043d\u044b\u0445 \u043e\u0431\u0440\u0430\u0437\u043e\u0432\u0430\u043d\u0438\u0439 (\u0442\u0435\u043b\u0435\u043a\u043e\u043d\u0441\u0443\u043b\u044c\u0442\u0430\u0446\u0438\u044f \u0432\u0440\u0430\u0447\u0430-\u0434\u0435\u0440\u043c\u0430\u0442\u043e\u043b\u043e\u0433\u0430)<\/td><td class=\"cmsmasters_table_cell_alignleft\">22.00 &#8211; \u043f\u0435\u0440\u0432\u043e\u0435 \u0444\u043e\u0442\u043e<\/td><\/tr><tr><td class=\"cmsmasters_table_cell_alignleft\">\u041a\u043e\u043d\u0442\u0440\u043e\u043b\u044c \u0440\u043e\u0434\u0438\u043d\u043a\u0438 \u0438 \u043f\u0440 \u043a\u043e\u0436\u043d\u044b\u0445 \u043e\u0431\u0440\u0430\u0437\u043e\u0432\u0430\u043d\u0438\u0439 (\u0442\u0435\u043b\u0435\u043a\u043e\u043d\u0441\u0443\u043b\u044c\u0442\u0430\u0446\u0438\u044f \u0432\u0440\u0430\u0447\u0430-\u0434\u0435\u0440\u043c\u0430\u0442\u043e\u043b\u043e\u0433\u0430)<\/td><td class=\"cmsmasters_table_cell_alignleft\">15.00 &#8211; \u043a\u0430\u0436\u0434\u043e\u0435 \u043f\u043e\u0441\u043b\u0435\u0434\u0443\u0449\u0435\u0435 \u0444\u043e\u0442\u043e<\/td><\/tr><tr><td class=\"cmsmasters_table_cell_alignleft\">\u0423\u0434\u0430\u043b\u0435\u043d\u0438\u0435 \u043c\u043e\u043b\u043b\u044e\u0441\u043a\u043e\u0432 \u0438 \u043c\u0430\u043b\u0435\u043d\u044c\u043a\u0438\u0445 \u043a\u043e\u0436\u043d\u044b\u0445 \u043e\u0431\u0440\u0430\u0437\u043e\u0432\u0430\u043d\u0438\u0439 (\u0434\u043e 5 \u0448\u0442)<\/td><td class=\"cmsmasters_table_cell_alignleft\">\u043e\u0442 15.00<\/td><\/tr><thead><tr class=\"cmsmasters_table_row_header\"><th class=\"cmsmasters_table_cell_alignleft\">\u0418\u0421\u0421\u041b\u0415\u0414\u041e\u0412\u0410\u041d\u0418\u042f<\/th><th class=\"cmsmasters_table_cell_alignleft\"><\/th><\/tr><\/thead><tr><td class=\"cmsmasters_table_cell_alignleft\">\u0413\u0438\u0441\u0442\u043e\u043b\u043e\u0433\u0438\u0447\u0435\u0441\u043a\u043e\u0435 \u0438\u0441\u0441\u043b\u0435\u0434\u043e\u0432\u0430\u043d\u0438\u0435<\/td><td class=\"cmsmasters_table_cell_alignleft\">\u043e\u0442 45.00<\/td><\/tr><tfoot><tr class=\"cmsmasters_table_row_footer\"><td class=\"cmsmasters_table_cell_alignleft\"><\/td><td class=\"cmsmasters_table_cell_alignleft\"><\/td><\/tr><\/tfoot><\/table><\/div>\n<\/div><\/div>\n<\/div>\n<\/div>\n<\/div>\n<\/div>\n<\/div>\n\n","protected":false},"excerpt":{"rendered":"","protected":false},"author":1,"featured_media":0,"parent":0,"menu_order":0,"comment_status":"closed","ping_status":"closed","template":"","meta":{"footnotes":""},"class_list":["post-15966","page","type-page","status-publish","hentry"],"yoast_head":"<!-- This site is optimized with the Yoast SEO plugin v27.2 - https:\/\/yoast.com\/product\/yoast-seo-wordpress\/ -->\n<title>\u041c\u0435\u0442\u043e\u0434 \u0434\u0435\u0440\u043c\u0430\u0442\u043e\u0441\u043a\u043e\u043f\u0438\u0438 \u0438\u0441\u0441\u043b\u0435\u0434\u043e\u0432\u0430\u043d\u0438\u0435 \u0440\u043e\u0434\u0438\u043d\u043e\u043a - medisfaar.ee<\/title>\n<meta name=\"description\" content=\"\u041c\u0435\u0442\u043e\u0434 \u0434\u0435\u0440\u043c\u0430\u0442\u043e\u0441\u043a\u043e\u043f\u0438\u0438 \u0438\u0441\u0441\u043b\u0435\u0434\u043e\u0432\u0430\u043d\u0438\u0435 \u0440\u043e\u0434\u0438\u043d\u043e\u043a \u043f\u043e\u0437\u0432\u043e\u043b\u044f\u0435\u0442 \u0434\u043e\u0441\u0442\u043e\u0432\u0435\u0440\u043d\u043e \u043e\u043f\u0440\u0435\u0434\u0435\u043b\u0438\u0442\u044c \u0431\u0435\u0441\u043a\u043e\u043d\u0442\u0430\u043a\u0442\u043d\u044b\u043c \u043c\u0435\u0442\u043e\u0434\u043e\u043c \u043f\u0440\u0438\u0440\u043e\u0434\u0443 \u043a\u043e\u0436\u043d\u043e\u0433\u043e \u043e\u0431\u0440\u0430\u0437\u043e\u0432\u0430\u043d\u0438\u044f\" \/>\n<meta name=\"robots\" content=\"index, follow, max-snippet:-1, max-image-preview:large, max-video-preview:-1\" \/>\n<link rel=\"canonical\" href=\"https:\/\/medisfaar.ee\/ru\/\u043c\u0435\u0442\u043e\u0434-\u0434\u0435\u0440\u043c\u0430\u0442\u043e\u0441\u043a\u043e\u043f\u0438\u0438-\u0438\u0441\u0441\u043b\u0435\u0434\u043e\u0432\u0430\u043d\u0438\u0435-\u0440\u043e-2\/\" \/>\n<meta property=\"og:locale\" content=\"ru_RU\" \/>\n<meta property=\"og:type\" content=\"article\" \/>\n<meta property=\"og:title\" content=\"\u041c\u0435\u0442\u043e\u0434 \u0434\u0435\u0440\u043c\u0430\u0442\u043e\u0441\u043a\u043e\u043f\u0438\u0438 \u0438\u0441\u0441\u043b\u0435\u0434\u043e\u0432\u0430\u043d\u0438\u0435 \u0440\u043e\u0434\u0438\u043d\u043e\u043a - medisfaar.ee\" \/>\n<meta property=\"og:description\" content=\"\u041c\u0435\u0442\u043e\u0434 \u0434\u0435\u0440\u043c\u0430\u0442\u043e\u0441\u043a\u043e\u043f\u0438\u0438 \u0438\u0441\u0441\u043b\u0435\u0434\u043e\u0432\u0430\u043d\u0438\u0435 \u0440\u043e\u0434\u0438\u043d\u043e\u043a \u043f\u043e\u0437\u0432\u043e\u043b\u044f\u0435\u0442 \u0434\u043e\u0441\u0442\u043e\u0432\u0435\u0440\u043d\u043e \u043e\u043f\u0440\u0435\u0434\u0435\u043b\u0438\u0442\u044c \u0431\u0435\u0441\u043a\u043e\u043d\u0442\u0430\u043a\u0442\u043d\u044b\u043c \u043c\u0435\u0442\u043e\u0434\u043e\u043c \u043f\u0440\u0438\u0440\u043e\u0434\u0443 \u043a\u043e\u0436\u043d\u043e\u0433\u043e \u043e\u0431\u0440\u0430\u0437\u043e\u0432\u0430\u043d\u0438\u044f\" \/>\n<meta property=\"og:url\" content=\"https:\/\/medisfaar.ee\/ru\/\u043c\u0435\u0442\u043e\u0434-\u0434\u0435\u0440\u043c\u0430\u0442\u043e\u0441\u043a\u043e\u043f\u0438\u0438-\u0438\u0441\u0441\u043b\u0435\u0434\u043e\u0432\u0430\u043d\u0438\u0435-\u0440\u043e-2\/\" \/>\n<meta property=\"og:site_name\" content=\"medisfaar.ee\" \/>\n<meta property=\"article:modified_time\" content=\"2021-10-14T10:27:05+00:00\" \/>\n<meta name=\"twitter:card\" content=\"summary_large_image\" \/>\n<meta name=\"twitter:label1\" content=\"\u041f\u0440\u0438\u043c\u0435\u0440\u043d\u043e\u0435 \u0432\u0440\u0435\u043c\u044f \u0434\u043b\u044f \u0447\u0442\u0435\u043d\u0438\u044f\" \/>\n\t<meta name=\"twitter:data1\" content=\"1 \u043c\u0438\u043d\u0443\u0442\u0430\" \/>\n<script type=\"application\/ld+json\" class=\"yoast-schema-graph\">{\"@context\":\"https:\/\/schema.org\",\"@graph\":[{\"@type\":\"WebPage\",\"@id\":\"https:\/\/medisfaar.ee\/ru\/%d0%bc%d0%b5%d1%82%d0%be%d0%b4-%d0%b4%d0%b5%d1%80%d0%bc%d0%b0%d1%82%d0%be%d1%81%d0%ba%d0%be%d0%bf%d0%b8%d0%b8-%d0%b8%d1%81%d1%81%d0%bb%d0%b5%d0%b4%d0%be%d0%b2%d0%b0%d0%bd%d0%b8%d0%b5-%d1%80%d0%be-2\/\",\"url\":\"https:\/\/medisfaar.ee\/ru\/%d0%bc%d0%b5%d1%82%d0%be%d0%b4-%d0%b4%d0%b5%d1%80%d0%bc%d0%b0%d1%82%d0%be%d1%81%d0%ba%d0%be%d0%bf%d0%b8%d0%b8-%d0%b8%d1%81%d1%81%d0%bb%d0%b5%d0%b4%d0%be%d0%b2%d0%b0%d0%bd%d0%b8%d0%b5-%d1%80%d0%be-2\/\",\"name\":\"\u041c\u0435\u0442\u043e\u0434 \u0434\u0435\u0440\u043c\u0430\u0442\u043e\u0441\u043a\u043e\u043f\u0438\u0438 \u0438\u0441\u0441\u043b\u0435\u0434\u043e\u0432\u0430\u043d\u0438\u0435 \u0440\u043e\u0434\u0438\u043d\u043e\u043a - medisfaar.ee\",\"isPartOf\":{\"@id\":\"https:\/\/medisfaar.ee\/#website\"},\"datePublished\":\"2021-04-11T11:47:29+00:00\",\"dateModified\":\"2021-10-14T10:27:05+00:00\",\"description\":\"\u041c\u0435\u0442\u043e\u0434 \u0434\u0435\u0440\u043c\u0430\u0442\u043e\u0441\u043a\u043e\u043f\u0438\u0438 \u0438\u0441\u0441\u043b\u0435\u0434\u043e\u0432\u0430\u043d\u0438\u0435 \u0440\u043e\u0434\u0438\u043d\u043e\u043a \u043f\u043e\u0437\u0432\u043e\u043b\u044f\u0435\u0442 \u0434\u043e\u0441\u0442\u043e\u0432\u0435\u0440\u043d\u043e \u043e\u043f\u0440\u0435\u0434\u0435\u043b\u0438\u0442\u044c \u0431\u0435\u0441\u043a\u043e\u043d\u0442\u0430\u043a\u0442\u043d\u044b\u043c \u043c\u0435\u0442\u043e\u0434\u043e\u043c \u043f\u0440\u0438\u0440\u043e\u0434\u0443 \u043a\u043e\u0436\u043d\u043e\u0433\u043e \u043e\u0431\u0440\u0430\u0437\u043e\u0432\u0430\u043d\u0438\u044f\",\"breadcrumb\":{\"@id\":\"https:\/\/medisfaar.ee\/ru\/%d0%bc%d0%b5%d1%82%d0%be%d0%b4-%d0%b4%d0%b5%d1%80%d0%bc%d0%b0%d1%82%d0%be%d1%81%d0%ba%d0%be%d0%bf%d0%b8%d0%b8-%d0%b8%d1%81%d1%81%d0%bb%d0%b5%d0%b4%d0%be%d0%b2%d0%b0%d0%bd%d0%b8%d0%b5-%d1%80%d0%be-2\/#breadcrumb\"},\"inLanguage\":\"ru-RU\",\"potentialAction\":[{\"@type\":\"ReadAction\",\"target\":[\"https:\/\/medisfaar.ee\/ru\/%d0%bc%d0%b5%d1%82%d0%be%d0%b4-%d0%b4%d0%b5%d1%80%d0%bc%d0%b0%d1%82%d0%be%d1%81%d0%ba%d0%be%d0%bf%d0%b8%d0%b8-%d0%b8%d1%81%d1%81%d0%bb%d0%b5%d0%b4%d0%be%d0%b2%d0%b0%d0%bd%d0%b8%d0%b5-%d1%80%d0%be-2\/\"]}]},{\"@type\":\"BreadcrumbList\",\"@id\":\"https:\/\/medisfaar.ee\/ru\/%d0%bc%d0%b5%d1%82%d0%be%d0%b4-%d0%b4%d0%b5%d1%80%d0%bc%d0%b0%d1%82%d0%be%d1%81%d0%ba%d0%be%d0%bf%d0%b8%d0%b8-%d0%b8%d1%81%d1%81%d0%bb%d0%b5%d0%b4%d0%be%d0%b2%d0%b0%d0%bd%d0%b8%d0%b5-%d1%80%d0%be-2\/#breadcrumb\",\"itemListElement\":[{\"@type\":\"ListItem\",\"position\":1,\"name\":\"\u0413\u043b\u0430\u0432\u043d\u0430\u044f\",\"item\":\"https:\/\/medisfaar.ee\/ru\/\"},{\"@type\":\"ListItem\",\"position\":2,\"name\":\"\u0414\u0438\u0430\u0433\u043d\u043e\u0441\u0442\u0438\u043a\u0430 \u043a\u043e\u0436\u043d\u044b\u0445 \u043d\u043e\u0432\u043e\u043e\u0431\u0440\u0430\u0437\u043e\u0432\u0430\u043d\u0438\u0439. \u0426\u0415\u041d\u042b\"}]},{\"@type\":\"WebSite\",\"@id\":\"https:\/\/medisfaar.ee\/#website\",\"url\":\"https:\/\/medisfaar.ee\/\",\"name\":\"medisfaar.ee\",\"description\":\"Oleme Teie k\u00f5rval, ravime ja t\u00f6\u00f6tame Teie tervise nimel!\",\"potentialAction\":[{\"@type\":\"SearchAction\",\"target\":{\"@type\":\"EntryPoint\",\"urlTemplate\":\"https:\/\/medisfaar.ee\/?s={search_term_string}\"},\"query-input\":{\"@type\":\"PropertyValueSpecification\",\"valueRequired\":true,\"valueName\":\"search_term_string\"}}],\"inLanguage\":\"ru-RU\"}]}<\/script>\n<!-- \/ Yoast SEO plugin. -->","yoast_head_json":{"title":"\u041c\u0435\u0442\u043e\u0434 \u0434\u0435\u0440\u043c\u0430\u0442\u043e\u0441\u043a\u043e\u043f\u0438\u0438 \u0438\u0441\u0441\u043b\u0435\u0434\u043e\u0432\u0430\u043d\u0438\u0435 \u0440\u043e\u0434\u0438\u043d\u043e\u043a - medisfaar.ee","description":"\u041c\u0435\u0442\u043e\u0434 \u0434\u0435\u0440\u043c\u0430\u0442\u043e\u0441\u043a\u043e\u043f\u0438\u0438 \u0438\u0441\u0441\u043b\u0435\u0434\u043e\u0432\u0430\u043d\u0438\u0435 \u0440\u043e\u0434\u0438\u043d\u043e\u043a \u043f\u043e\u0437\u0432\u043e\u043b\u044f\u0435\u0442 \u0434\u043e\u0441\u0442\u043e\u0432\u0435\u0440\u043d\u043e \u043e\u043f\u0440\u0435\u0434\u0435\u043b\u0438\u0442\u044c \u0431\u0435\u0441\u043a\u043e\u043d\u0442\u0430\u043a\u0442\u043d\u044b\u043c \u043c\u0435\u0442\u043e\u0434\u043e\u043c \u043f\u0440\u0438\u0440\u043e\u0434\u0443 \u043a\u043e\u0436\u043d\u043e\u0433\u043e \u043e\u0431\u0440\u0430\u0437\u043e\u0432\u0430\u043d\u0438\u044f","robots":{"index":"index","follow":"follow","max-snippet":"max-snippet:-1","max-image-preview":"max-image-preview:large","max-video-preview":"max-video-preview:-1"},"canonical":"https:\/\/medisfaar.ee\/ru\/\u043c\u0435\u0442\u043e\u0434-\u0434\u0435\u0440\u043c\u0430\u0442\u043e\u0441\u043a\u043e\u043f\u0438\u0438-\u0438\u0441\u0441\u043b\u0435\u0434\u043e\u0432\u0430\u043d\u0438\u0435-\u0440\u043e-2\/","og_locale":"ru_RU","og_type":"article","og_title":"\u041c\u0435\u0442\u043e\u0434 \u0434\u0435\u0440\u043c\u0430\u0442\u043e\u0441\u043a\u043e\u043f\u0438\u0438 \u0438\u0441\u0441\u043b\u0435\u0434\u043e\u0432\u0430\u043d\u0438\u0435 \u0440\u043e\u0434\u0438\u043d\u043e\u043a - medisfaar.ee","og_description":"\u041c\u0435\u0442\u043e\u0434 \u0434\u0435\u0440\u043c\u0430\u0442\u043e\u0441\u043a\u043e\u043f\u0438\u0438 \u0438\u0441\u0441\u043b\u0435\u0434\u043e\u0432\u0430\u043d\u0438\u0435 \u0440\u043e\u0434\u0438\u043d\u043e\u043a \u043f\u043e\u0437\u0432\u043e\u043b\u044f\u0435\u0442 \u0434\u043e\u0441\u0442\u043e\u0432\u0435\u0440\u043d\u043e \u043e\u043f\u0440\u0435\u0434\u0435\u043b\u0438\u0442\u044c \u0431\u0435\u0441\u043a\u043e\u043d\u0442\u0430\u043a\u0442\u043d\u044b\u043c \u043c\u0435\u0442\u043e\u0434\u043e\u043c \u043f\u0440\u0438\u0440\u043e\u0434\u0443 \u043a\u043e\u0436\u043d\u043e\u0433\u043e \u043e\u0431\u0440\u0430\u0437\u043e\u0432\u0430\u043d\u0438\u044f","og_url":"https:\/\/medisfaar.ee\/ru\/\u043c\u0435\u0442\u043e\u0434-\u0434\u0435\u0440\u043c\u0430\u0442\u043e\u0441\u043a\u043e\u043f\u0438\u0438-\u0438\u0441\u0441\u043b\u0435\u0434\u043e\u0432\u0430\u043d\u0438\u0435-\u0440\u043e-2\/","og_site_name":"medisfaar.ee","article_modified_time":"2021-10-14T10:27:05+00:00","twitter_card":"summary_large_image","twitter_misc":{"\u041f\u0440\u0438\u043c\u0435\u0440\u043d\u043e\u0435 \u0432\u0440\u0435\u043c\u044f \u0434\u043b\u044f \u0447\u0442\u0435\u043d\u0438\u044f":"1 \u043c\u0438\u043d\u0443\u0442\u0430"},"schema":{"@context":"https:\/\/schema.org","@graph":[{"@type":"WebPage","@id":"https:\/\/medisfaar.ee\/ru\/%d0%bc%d0%b5%d1%82%d0%be%d0%b4-%d0%b4%d0%b5%d1%80%d0%bc%d0%b0%d1%82%d0%be%d1%81%d0%ba%d0%be%d0%bf%d0%b8%d0%b8-%d0%b8%d1%81%d1%81%d0%bb%d0%b5%d0%b4%d0%be%d0%b2%d0%b0%d0%bd%d0%b8%d0%b5-%d1%80%d0%be-2\/","url":"https:\/\/medisfaar.ee\/ru\/%d0%bc%d0%b5%d1%82%d0%be%d0%b4-%d0%b4%d0%b5%d1%80%d0%bc%d0%b0%d1%82%d0%be%d1%81%d0%ba%d0%be%d0%bf%d0%b8%d0%b8-%d0%b8%d1%81%d1%81%d0%bb%d0%b5%d0%b4%d0%be%d0%b2%d0%b0%d0%bd%d0%b8%d0%b5-%d1%80%d0%be-2\/","name":"\u041c\u0435\u0442\u043e\u0434 \u0434\u0435\u0440\u043c\u0430\u0442\u043e\u0441\u043a\u043e\u043f\u0438\u0438 \u0438\u0441\u0441\u043b\u0435\u0434\u043e\u0432\u0430\u043d\u0438\u0435 \u0440\u043e\u0434\u0438\u043d\u043e\u043a - medisfaar.ee","isPartOf":{"@id":"https:\/\/medisfaar.ee\/#website"},"datePublished":"2021-04-11T11:47:29+00:00","dateModified":"2021-10-14T10:27:05+00:00","description":"\u041c\u0435\u0442\u043e\u0434 \u0434\u0435\u0440\u043c\u0430\u0442\u043e\u0441\u043a\u043e\u043f\u0438\u0438 \u0438\u0441\u0441\u043b\u0435\u0434\u043e\u0432\u0430\u043d\u0438\u0435 \u0440\u043e\u0434\u0438\u043d\u043e\u043a \u043f\u043e\u0437\u0432\u043e\u043b\u044f\u0435\u0442 \u0434\u043e\u0441\u0442\u043e\u0432\u0435\u0440\u043d\u043e \u043e\u043f\u0440\u0435\u0434\u0435\u043b\u0438\u0442\u044c \u0431\u0435\u0441\u043a\u043e\u043d\u0442\u0430\u043a\u0442\u043d\u044b\u043c \u043c\u0435\u0442\u043e\u0434\u043e\u043c \u043f\u0440\u0438\u0440\u043e\u0434\u0443 \u043a\u043e\u0436\u043d\u043e\u0433\u043e \u043e\u0431\u0440\u0430\u0437\u043e\u0432\u0430\u043d\u0438\u044f","breadcrumb":{"@id":"https:\/\/medisfaar.ee\/ru\/%d0%bc%d0%b5%d1%82%d0%be%d0%b4-%d0%b4%d0%b5%d1%80%d0%bc%d0%b0%d1%82%d0%be%d1%81%d0%ba%d0%be%d0%bf%d0%b8%d0%b8-%d0%b8%d1%81%d1%81%d0%bb%d0%b5%d0%b4%d0%be%d0%b2%d0%b0%d0%bd%d0%b8%d0%b5-%d1%80%d0%be-2\/#breadcrumb"},"inLanguage":"ru-RU","potentialAction":[{"@type":"ReadAction","target":["https:\/\/medisfaar.ee\/ru\/%d0%bc%d0%b5%d1%82%d0%be%d0%b4-%d0%b4%d0%b5%d1%80%d0%bc%d0%b0%d1%82%d0%be%d1%81%d0%ba%d0%be%d0%bf%d0%b8%d0%b8-%d0%b8%d1%81%d1%81%d0%bb%d0%b5%d0%b4%d0%be%d0%b2%d0%b0%d0%bd%d0%b8%d0%b5-%d1%80%d0%be-2\/"]}]},{"@type":"BreadcrumbList","@id":"https:\/\/medisfaar.ee\/ru\/%d0%bc%d0%b5%d1%82%d0%be%d0%b4-%d0%b4%d0%b5%d1%80%d0%bc%d0%b0%d1%82%d0%be%d1%81%d0%ba%d0%be%d0%bf%d0%b8%d0%b8-%d0%b8%d1%81%d1%81%d0%bb%d0%b5%d0%b4%d0%be%d0%b2%d0%b0%d0%bd%d0%b8%d0%b5-%d1%80%d0%be-2\/#breadcrumb","itemListElement":[{"@type":"ListItem","position":1,"name":"\u0413\u043b\u0430\u0432\u043d\u0430\u044f","item":"https:\/\/medisfaar.ee\/ru\/"},{"@type":"ListItem","position":2,"name":"\u0414\u0438\u0430\u0433\u043d\u043e\u0441\u0442\u0438\u043a\u0430 \u043a\u043e\u0436\u043d\u044b\u0445 \u043d\u043e\u0432\u043e\u043e\u0431\u0440\u0430\u0437\u043e\u0432\u0430\u043d\u0438\u0439. \u0426\u0415\u041d\u042b"}]},{"@type":"WebSite","@id":"https:\/\/medisfaar.ee\/#website","url":"https:\/\/medisfaar.ee\/","name":"medisfaar.ee","description":"Oleme Teie k\u00f5rval, ravime ja t\u00f6\u00f6tame Teie tervise nimel!","potentialAction":[{"@type":"SearchAction","target":{"@type":"EntryPoint","urlTemplate":"https:\/\/medisfaar.ee\/?s={search_term_string}"},"query-input":{"@type":"PropertyValueSpecification","valueRequired":true,"valueName":"search_term_string"}}],"inLanguage":"ru-RU"}]}},"_links":{"self":[{"href":"https:\/\/medisfaar.ee\/ru\/wp-json\/wp\/v2\/pages\/15966","targetHints":{"allow":["GET"]}}],"collection":[{"href":"https:\/\/medisfaar.ee\/ru\/wp-json\/wp\/v2\/pages"}],"about":[{"href":"https:\/\/medisfaar.ee\/ru\/wp-json\/wp\/v2\/types\/page"}],"author":[{"embeddable":true,"href":"https:\/\/medisfaar.ee\/ru\/wp-json\/wp\/v2\/users\/1"}],"replies":[{"embeddable":true,"href":"https:\/\/medisfaar.ee\/ru\/wp-json\/wp\/v2\/comments?post=15966"}],"version-history":[{"count":4,"href":"https:\/\/medisfaar.ee\/ru\/wp-json\/wp\/v2\/pages\/15966\/revisions"}],"predecessor-version":[{"id":18164,"href":"https:\/\/medisfaar.ee\/ru\/wp-json\/wp\/v2\/pages\/15966\/revisions\/18164"}],"wp:attachment":[{"href":"https:\/\/medisfaar.ee\/ru\/wp-json\/wp\/v2\/media?parent=15966"}],"curies":[{"name":"wp","href":"https:\/\/api.w.org\/{rel}","templated":true}]}}