{"id":15960,"date":"2021-04-10T17:30:51","date_gmt":"2021-04-10T14:30:51","guid":{"rendered":"https:\/\/medisfaar.ee\/korva-nina-kurguhaigused-hinnad\/"},"modified":"2026-01-13T11:00:09","modified_gmt":"2026-01-13T08:00:09","slug":"uho-gorlo-nos","status":"publish","type":"page","link":"https:\/\/medisfaar.ee\/ru\/uho-gorlo-nos\/","title":{"rendered":"\u041e\u0422\u041e\u0420\u0418\u041d\u041e\u041b\u0410\u0420\u0418\u041d\u0413\u041e\u041b\u041e\u0413\u0418\u042f. \u0426\u0415\u041d\u042b C 01.01.2026"},"content":{"rendered":"<div id=\"cmsmasters_row_wvia365v9s\" class=\"cmsmasters_row cmsmasters_color_scheme_default cmsmasters_row_top_default cmsmasters_row_bot_default cmsmasters_row_boxed\">\n<div class=\"cmsmasters_row_outer_parent\">\n<div class=\"cmsmasters_row_outer\">\n<div class=\"cmsmasters_row_inner\">\n<div class=\"cmsmasters_row_margin\">\n<div id=\"cmsmasters_column_hj326d2b0d\" class=\"cmsmasters_column one_first\">\n<div class=\"cmsmasters_column_inner\"><div class=\"cmsmasters_wrap_table\"><table class=\"cmsmasters_table\"><caption><\/caption><thead><tr class=\"cmsmasters_table_row_header\"><th class=\"cmsmasters_table_cell_alignleft\">\u041d\u0430\u0438\u043c\u0435\u043d\u043e\u0432\u0430\u043d\u0438\u0435 \u0443\u0441\u043b\u0443\u0433\u0438<\/th><th class=\"cmsmasters_table_cell_alignleft\">\u0426\u0435\u043d\u0430<\/th><\/tr><\/thead><tr><td class=\"cmsmasters_table_cell_alignleft\">\u041f\u0435\u0440\u0432\u0438\u0447\u043d\u044b\u0439 \u043f\u0440\u0438\u0435\u043c \u0432\u0440\u0430\u0447\u0430-\u0441\u043f\u0435\u0446\u0438\u0430\u043b\u0438\u0441\u0442\u0430<\/td><td class=\"cmsmasters_table_cell_alignleft\">95.00<\/td><\/tr><tr><td class=\"cmsmasters_table_cell_alignleft\">\u041f\u043e\u0432\u0442\u043e\u0440\u043d\u044b\u0439 \u043f\u0440\u0438\u0435\u043c \u0432\u0440\u0430\u0447\u0430-\u0441\u043f\u0435\u0446\u0438\u0430\u043b\u0438\u0441\u0442\u0430<\/td><td class=\"cmsmasters_table_cell_alignleft\">35.00<\/td><\/tr><thead><tr class=\"cmsmasters_table_row_header\"><th class=\"cmsmasters_table_cell_alignleft\">\u041f\u0420\u041e\u0426\u0415\u0414\u0423\u0420\u042b<\/th><th class=\"cmsmasters_table_cell_alignleft\"><\/th><\/tr><\/thead><tr><td class=\"cmsmasters_table_cell_alignleft\">\u041e\u0442\u043e\u043c\u0438\u043a\u0440\u043e\u0441\u043a\u043e\u043f\u0438\u044f<\/td><td class=\"cmsmasters_table_cell_alignleft\">35.00<\/td><\/tr><tr><td class=\"cmsmasters_table_cell_alignleft\">\u0420\u0438\u043d\u043e\u043c\u0438\u043a\u0440\u043e\u0441\u043a\u043e\u043f\u0438\u044f<\/td><td class=\"cmsmasters_table_cell_alignleft\">40.00<\/td><\/tr><tr><td class=\"cmsmasters_table_cell_alignleft\">\u0422\u0438\u043c\u043f\u0430\u043d\u043e\u043c\u0435\u0442\u0440\u0438\u044f<\/td><td class=\"cmsmasters_table_cell_alignleft\">25.00<\/td><\/tr><tr><td class=\"cmsmasters_table_cell_alignleft\">\u0412\u0438\u0434\u0435\u043e\u044d\u043d\u0434\u043e\u0441\u043a\u043e\u043f\u0438\u0447\u0435\u0441\u043a\u043e\u0435 \u0438\u0441\u0441\u043b\u0435\u0434\u043e\u0432\u0430\u043d\u0438\u0435 \u0432\u0435\u0440\u0445\u043d\u0438\u0445 \u0434\u044b\u0445\u0430\u0442\u0435\u043b\u044c\u043d\u044b\u0445 \u043f\u0443\u0442\u0435\u0439<\/td><td class=\"cmsmasters_table_cell_alignleft\">130<\/td><\/tr><thead><tr class=\"cmsmasters_table_row_header\"><th class=\"cmsmasters_table_cell_alignleft\">\u0414\u041d\u0415\u0412\u041d\u0410\u042f \u0425\u0418\u0420\u0423\u0420\u0413\u0418\u042f<\/th><th class=\"cmsmasters_table_cell_alignleft\"><\/th><\/tr><\/thead><tr><td class=\"cmsmasters_table_cell_alignleft\">\u0423\u0434\u0430\u043b\u0435\u043d\u0438\u0435 \u0430\u0434\u0435\u043d\u043e\u0438\u0434\u0430<\/td><td class=\"cmsmasters_table_cell_alignleft\">950<\/td><\/tr><tr><td class=\"cmsmasters_table_cell_alignleft\">\u0423\u0434\u0430\u043b\u0435\u043d\u0438\u0435 \u043c\u0438\u043d\u0434\u0430\u043b\u0438\u043d<\/td><td class=\"cmsmasters_table_cell_alignleft\">1200<\/td><\/tr><tr><td class=\"cmsmasters_table_cell_alignleft\">\u0423\u0434\u0430\u043b\u0435\u043d\u0438\u0435 \u0430\u0434\u0435\u043d\u043e\u0438\u0434\u0430 \u0438 \u043c\u0438\u043d\u0434\u0430\u043b\u0438\u043d<\/td><td class=\"cmsmasters_table_cell_alignleft\">1500<\/td><\/tr><tr><td class=\"cmsmasters_table_cell_alignleft\">\u0423\u0434\u0430\u043b\u0435\u043d\u0438\u0435 \u0430\u0434\u0435\u043d\u043e\u0438\u0434\u0430 \u0438 \u0442\u0438\u043c\u043f\u0430\u043d\u043e\u0441\u0442\u043e\u043c\u0438\u044f<\/td><td class=\"cmsmasters_table_cell_alignleft\">1500<\/td><\/tr><tr><td class=\"cmsmasters_table_cell_alignleft\">\u0423\u0434\u0430\u043b\u0435\u043d\u0438\u0435 \u0430\u0434\u0435\u043d\u043e\u0438\u0434\u0430 + \u0448\u0443\u043d\u0442\u0438\u0440\u043e\u0432\u0430\u043d\u0438\u0435<\/td><td class=\"cmsmasters_table_cell_alignleft\">1500<\/td><\/tr><tr><td class=\"cmsmasters_table_cell_alignleft\">\u041f\u043b\u0430\u0441\u0442\u0438\u043a\u0430 \u043f\u0435\u0440\u0435\u0433\u043e\u0440\u043e\u0434\u043a\u0438 \u043d\u043e\u0441\u0430 (\u0421\u0435\u043f\u0442\u043e\u043f\u043b\u0430\u0441\u0442\u0438\u043a\u0430)<\/td><td class=\"cmsmasters_table_cell_alignleft\">2000-3500<\/td><\/tr><tr><td class=\"cmsmasters_table_cell_alignleft\">\u041f\u043b\u0430\u0441\u0442\u0438\u043a\u0430 \u0443\u0437\u0434\u0435\u0447\u043a\u0438 \u044f\u0437\u044b\u043a\u0430 \u0438\u043b\u0438 \u0433\u0443\u0431\u044b<\/td><td class=\"cmsmasters_table_cell_alignleft\">750<\/td><\/tr><tr><td class=\"cmsmasters_table_cell_alignleft\">\u041a\u043e\u043d\u0445\u043e\u0442\u043e\u043c\u0438\u044f \u043d\u043e\u0441\u043e\u0432\u044b\u0445 \u0440\u0430\u043a\u043e\u0432\u0438\u043d<\/td><td class=\"cmsmasters_table_cell_alignleft\">790<\/td><\/tr><tr><td class=\"cmsmasters_table_cell_alignleft\">\u041a\u043e\u043d\u0445\u043e\u043f\u043b\u0430\u0441\u0442\u0438\u043a\u0430 \u043d\u043e\u0441\u043e\u0432\u044b\u0445 \u0440\u0430\u043a\u043e\u0432\u0438\u043d<\/td><td class=\"cmsmasters_table_cell_alignleft\">810<\/td><\/tr><tr><td class=\"cmsmasters_table_cell_alignleft\">\u0422\u0438\u043c\u043f\u0430\u043d\u043e\u0441\u0442\u043e\u043c\u0438\u044f<\/td><td class=\"cmsmasters_table_cell_alignleft\">790<\/td><\/tr><tr><td class=\"cmsmasters_table_cell_alignleft\">\u0423\u0432\u0443\u043b\u043e\u043f\u0430\u043b\u0430\u0442\u043e\u043f\u043b\u0430\u0441\u0442\u0438\u043a\u0430<\/td><td class=\"cmsmasters_table_cell_alignleft\">1450<\/td><\/tr><thead><tr class=\"cmsmasters_table_row_header\"><th class=\"cmsmasters_table_cell_alignleft\">\u0414\u041e\u041f \u0423\u0421\u041b\u0423\u0413\u0418<\/th><th class=\"cmsmasters_table_cell_alignleft\"><\/th><\/tr><\/thead><tr><td class=\"cmsmasters_table_cell_alignleft\">\u041f\u0440\u0435\u0431\u044b\u0432\u0430\u043d\u0438\u0435 \u0432 \u043f\u0430\u043b\u0430\u0442\u0435 \u043d\u0430 \u0432\u043e\u0441\u0441\u0442\u0430\u043d\u043e\u0432\u043b\u0435\u043d\u0438\u0435 \u0434\u043e 2\u0445 \u0447\u0430\u0441\u043e\u0432<\/td><td class=\"cmsmasters_table_cell_alignleft\">120<\/td><\/tr><tr><td class=\"cmsmasters_table_cell_alignleft\">\u041f\u0440\u0435\u0431\u044b\u0432\u0430\u043d\u0438\u0435 \u0432 \u043f\u0430\u043b\u0430\u0442\u0435 (\u043a\u0430\u0436\u0434\u044b\u0439 \u0434\u043e\u043f \u0447\u0430\u0441)<\/td><td class=\"cmsmasters_table_cell_alignleft\">60<\/td><\/tr><tfoot><tr class=\"cmsmasters_table_row_footer\"><td class=\"cmsmasters_table_cell_alignleft\"><\/td><td class=\"cmsmasters_table_cell_alignleft\"><\/td><\/tr><\/tfoot><\/table><\/div>\n<\/div><\/div>\n<\/div>\n<\/div>\n<\/div>\n<\/div>\n<\/div>\n\n","protected":false},"excerpt":{"rendered":"","protected":false},"author":1,"featured_media":0,"parent":0,"menu_order":0,"comment_status":"closed","ping_status":"closed","template":"","meta":{"footnotes":""},"class_list":["post-15960","page","type-page","status-publish","hentry"],"yoast_head":"<!-- This site is optimized with the Yoast SEO plugin v27.4 - https:\/\/yoast.com\/product\/yoast-seo-wordpress\/ -->\n<title>\u041e\u0422\u041e\u0420\u0418\u041d\u041e\u041b\u0410\u0420\u0418\u041d\u0413\u041e\u041b\u041e\u0413\u0418\u042f. \u0426\u0415\u041d\u042b C 01.01.2026 \u0443\u0445\u043e \u0433\u043e\u0440\u043b\u043e \u043d\u043e\u0441 - medisfaar.ee<\/title>\n<meta name=\"description\" content=\"\u0412\u0440\u0430\u0447 \u0443\u0445\u043e-\u0433\u043e\u0440\u043b\u043e-\u043d\u043e\u0441 \u0438\u0441\u0441\u043b\u0435\u0434\u0443\u0435\u0442 \u0438 \u043b\u0435\u0447\u0438\u0442 \u0431\u043e\u043b\u0435\u0437\u043d\u0438 \u043e\u0440\u0433\u0430\u043d\u043e\u0432 \u043e\u0431\u043e\u043d\u044f\u043d\u0438\u044f \u0438 \u0441\u043b\u0443\u0445\u0430 (\u0432\u043d\u0443\u0442\u0440\u0435\u043d\u043d\u0435\u0433\u043e \u0438 \u0441\u0440\u0435\u0434\u043d\u0435\u0433\u043e \u0443\u0445\u0430, \u0433\u043e\u0440\u0442\u0430\u043d\u0438 \u0438 \u0433\u043b\u043e\u0442\u043a\u0438, \u043d\u043e\u0441\u0430 \u0438 \u043f\u0430\u0437\u0443\u0445).\" \/>\n<meta name=\"robots\" content=\"index, follow, max-snippet:-1, max-image-preview:large, max-video-preview:-1\" \/>\n<link rel=\"canonical\" href=\"https:\/\/medisfaar.ee\/ru\/uho-gorlo-nos\/\" \/>\n<meta property=\"og:locale\" content=\"ru_RU\" \/>\n<meta property=\"og:type\" content=\"article\" \/>\n<meta property=\"og:title\" content=\"\u041e\u0422\u041e\u0420\u0418\u041d\u041e\u041b\u0410\u0420\u0418\u041d\u0413\u041e\u041b\u041e\u0413\u0418\u042f. \u0426\u0415\u041d\u042b C 01.01.2026 \u0443\u0445\u043e \u0433\u043e\u0440\u043b\u043e \u043d\u043e\u0441 - medisfaar.ee\" \/>\n<meta property=\"og:description\" content=\"\u0412\u0440\u0430\u0447 \u0443\u0445\u043e-\u0433\u043e\u0440\u043b\u043e-\u043d\u043e\u0441 \u0438\u0441\u0441\u043b\u0435\u0434\u0443\u0435\u0442 \u0438 \u043b\u0435\u0447\u0438\u0442 \u0431\u043e\u043b\u0435\u0437\u043d\u0438 \u043e\u0440\u0433\u0430\u043d\u043e\u0432 \u043e\u0431\u043e\u043d\u044f\u043d\u0438\u044f \u0438 \u0441\u043b\u0443\u0445\u0430 (\u0432\u043d\u0443\u0442\u0440\u0435\u043d\u043d\u0435\u0433\u043e \u0438 \u0441\u0440\u0435\u0434\u043d\u0435\u0433\u043e \u0443\u0445\u0430, \u0433\u043e\u0440\u0442\u0430\u043d\u0438 \u0438 \u0433\u043b\u043e\u0442\u043a\u0438, \u043d\u043e\u0441\u0430 \u0438 \u043f\u0430\u0437\u0443\u0445).\" \/>\n<meta property=\"og:url\" content=\"https:\/\/medisfaar.ee\/ru\/uho-gorlo-nos\/\" \/>\n<meta property=\"og:site_name\" content=\"medisfaar.ee\" \/>\n<meta property=\"article:modified_time\" content=\"2026-01-13T08:00:09+00:00\" \/>\n<meta name=\"twitter:card\" content=\"summary_large_image\" \/>\n<meta name=\"twitter:label1\" content=\"\u041f\u0440\u0438\u043c\u0435\u0440\u043d\u043e\u0435 \u0432\u0440\u0435\u043c\u044f \u0434\u043b\u044f \u0447\u0442\u0435\u043d\u0438\u044f\" \/>\n\t<meta name=\"twitter:data1\" content=\"1 \u043c\u0438\u043d\u0443\u0442\u0430\" \/>\n<script type=\"application\/ld+json\" class=\"yoast-schema-graph\">{\"@context\":\"https:\\\/\\\/schema.org\",\"@graph\":[{\"@type\":\"WebPage\",\"@id\":\"https:\\\/\\\/medisfaar.ee\\\/ru\\\/uho-gorlo-nos\\\/\",\"url\":\"https:\\\/\\\/medisfaar.ee\\\/ru\\\/uho-gorlo-nos\\\/\",\"name\":\"\u041e\u0422\u041e\u0420\u0418\u041d\u041e\u041b\u0410\u0420\u0418\u041d\u0413\u041e\u041b\u041e\u0413\u0418\u042f. \u0426\u0415\u041d\u042b C 01.01.2026 \u0443\u0445\u043e \u0433\u043e\u0440\u043b\u043e \u043d\u043e\u0441 - medisfaar.ee\",\"isPartOf\":{\"@id\":\"https:\\\/\\\/medisfaar.ee\\\/#website\"},\"datePublished\":\"2021-04-10T14:30:51+00:00\",\"dateModified\":\"2026-01-13T08:00:09+00:00\",\"description\":\"\u0412\u0440\u0430\u0447 \u0443\u0445\u043e-\u0433\u043e\u0440\u043b\u043e-\u043d\u043e\u0441 \u0438\u0441\u0441\u043b\u0435\u0434\u0443\u0435\u0442 \u0438 \u043b\u0435\u0447\u0438\u0442 \u0431\u043e\u043b\u0435\u0437\u043d\u0438 \u043e\u0440\u0433\u0430\u043d\u043e\u0432 \u043e\u0431\u043e\u043d\u044f\u043d\u0438\u044f \u0438 \u0441\u043b\u0443\u0445\u0430 (\u0432\u043d\u0443\u0442\u0440\u0435\u043d\u043d\u0435\u0433\u043e \u0438 \u0441\u0440\u0435\u0434\u043d\u0435\u0433\u043e \u0443\u0445\u0430, \u0433\u043e\u0440\u0442\u0430\u043d\u0438 \u0438 \u0433\u043b\u043e\u0442\u043a\u0438, \u043d\u043e\u0441\u0430 \u0438 \u043f\u0430\u0437\u0443\u0445).\",\"breadcrumb\":{\"@id\":\"https:\\\/\\\/medisfaar.ee\\\/ru\\\/uho-gorlo-nos\\\/#breadcrumb\"},\"inLanguage\":\"ru-RU\",\"potentialAction\":[{\"@type\":\"ReadAction\",\"target\":[\"https:\\\/\\\/medisfaar.ee\\\/ru\\\/uho-gorlo-nos\\\/\"]}]},{\"@type\":\"BreadcrumbList\",\"@id\":\"https:\\\/\\\/medisfaar.ee\\\/ru\\\/uho-gorlo-nos\\\/#breadcrumb\",\"itemListElement\":[{\"@type\":\"ListItem\",\"position\":1,\"name\":\"\u0413\u043b\u0430\u0432\u043d\u0430\u044f\",\"item\":\"https:\\\/\\\/medisfaar.ee\\\/ru\\\/\"},{\"@type\":\"ListItem\",\"position\":2,\"name\":\"\u041e\u0422\u041e\u0420\u0418\u041d\u041e\u041b\u0410\u0420\u0418\u041d\u0413\u041e\u041b\u041e\u0413\u0418\u042f. \u0426\u0415\u041d\u042b C 01.01.2026\"}]},{\"@type\":\"WebSite\",\"@id\":\"https:\\\/\\\/medisfaar.ee\\\/#website\",\"url\":\"https:\\\/\\\/medisfaar.ee\\\/\",\"name\":\"medisfaar.ee\",\"description\":\"Oleme Teie k\u00f5rval, ravime ja t\u00f6\u00f6tame Teie tervise nimel!\",\"potentialAction\":[{\"@type\":\"SearchAction\",\"target\":{\"@type\":\"EntryPoint\",\"urlTemplate\":\"https:\\\/\\\/medisfaar.ee\\\/?s={search_term_string}\"},\"query-input\":{\"@type\":\"PropertyValueSpecification\",\"valueRequired\":true,\"valueName\":\"search_term_string\"}}],\"inLanguage\":\"ru-RU\"}]}<\/script>\n<!-- \/ Yoast SEO plugin. -->","yoast_head_json":{"title":"\u041e\u0422\u041e\u0420\u0418\u041d\u041e\u041b\u0410\u0420\u0418\u041d\u0413\u041e\u041b\u041e\u0413\u0418\u042f. \u0426\u0415\u041d\u042b C 01.01.2026 \u0443\u0445\u043e \u0433\u043e\u0440\u043b\u043e \u043d\u043e\u0441 - medisfaar.ee","description":"\u0412\u0440\u0430\u0447 \u0443\u0445\u043e-\u0433\u043e\u0440\u043b\u043e-\u043d\u043e\u0441 \u0438\u0441\u0441\u043b\u0435\u0434\u0443\u0435\u0442 \u0438 \u043b\u0435\u0447\u0438\u0442 \u0431\u043e\u043b\u0435\u0437\u043d\u0438 \u043e\u0440\u0433\u0430\u043d\u043e\u0432 \u043e\u0431\u043e\u043d\u044f\u043d\u0438\u044f \u0438 \u0441\u043b\u0443\u0445\u0430 (\u0432\u043d\u0443\u0442\u0440\u0435\u043d\u043d\u0435\u0433\u043e \u0438 \u0441\u0440\u0435\u0434\u043d\u0435\u0433\u043e \u0443\u0445\u0430, \u0433\u043e\u0440\u0442\u0430\u043d\u0438 \u0438 \u0433\u043b\u043e\u0442\u043a\u0438, \u043d\u043e\u0441\u0430 \u0438 \u043f\u0430\u0437\u0443\u0445).","robots":{"index":"index","follow":"follow","max-snippet":"max-snippet:-1","max-image-preview":"max-image-preview:large","max-video-preview":"max-video-preview:-1"},"canonical":"https:\/\/medisfaar.ee\/ru\/uho-gorlo-nos\/","og_locale":"ru_RU","og_type":"article","og_title":"\u041e\u0422\u041e\u0420\u0418\u041d\u041e\u041b\u0410\u0420\u0418\u041d\u0413\u041e\u041b\u041e\u0413\u0418\u042f. \u0426\u0415\u041d\u042b C 01.01.2026 \u0443\u0445\u043e \u0433\u043e\u0440\u043b\u043e \u043d\u043e\u0441 - medisfaar.ee","og_description":"\u0412\u0440\u0430\u0447 \u0443\u0445\u043e-\u0433\u043e\u0440\u043b\u043e-\u043d\u043e\u0441 \u0438\u0441\u0441\u043b\u0435\u0434\u0443\u0435\u0442 \u0438 \u043b\u0435\u0447\u0438\u0442 \u0431\u043e\u043b\u0435\u0437\u043d\u0438 \u043e\u0440\u0433\u0430\u043d\u043e\u0432 \u043e\u0431\u043e\u043d\u044f\u043d\u0438\u044f \u0438 \u0441\u043b\u0443\u0445\u0430 (\u0432\u043d\u0443\u0442\u0440\u0435\u043d\u043d\u0435\u0433\u043e \u0438 \u0441\u0440\u0435\u0434\u043d\u0435\u0433\u043e \u0443\u0445\u0430, \u0433\u043e\u0440\u0442\u0430\u043d\u0438 \u0438 \u0433\u043b\u043e\u0442\u043a\u0438, \u043d\u043e\u0441\u0430 \u0438 \u043f\u0430\u0437\u0443\u0445).","og_url":"https:\/\/medisfaar.ee\/ru\/uho-gorlo-nos\/","og_site_name":"medisfaar.ee","article_modified_time":"2026-01-13T08:00:09+00:00","twitter_card":"summary_large_image","twitter_misc":{"\u041f\u0440\u0438\u043c\u0435\u0440\u043d\u043e\u0435 \u0432\u0440\u0435\u043c\u044f \u0434\u043b\u044f \u0447\u0442\u0435\u043d\u0438\u044f":"1 \u043c\u0438\u043d\u0443\u0442\u0430"},"schema":{"@context":"https:\/\/schema.org","@graph":[{"@type":"WebPage","@id":"https:\/\/medisfaar.ee\/ru\/uho-gorlo-nos\/","url":"https:\/\/medisfaar.ee\/ru\/uho-gorlo-nos\/","name":"\u041e\u0422\u041e\u0420\u0418\u041d\u041e\u041b\u0410\u0420\u0418\u041d\u0413\u041e\u041b\u041e\u0413\u0418\u042f. \u0426\u0415\u041d\u042b C 01.01.2026 \u0443\u0445\u043e \u0433\u043e\u0440\u043b\u043e \u043d\u043e\u0441 - medisfaar.ee","isPartOf":{"@id":"https:\/\/medisfaar.ee\/#website"},"datePublished":"2021-04-10T14:30:51+00:00","dateModified":"2026-01-13T08:00:09+00:00","description":"\u0412\u0440\u0430\u0447 \u0443\u0445\u043e-\u0433\u043e\u0440\u043b\u043e-\u043d\u043e\u0441 \u0438\u0441\u0441\u043b\u0435\u0434\u0443\u0435\u0442 \u0438 \u043b\u0435\u0447\u0438\u0442 \u0431\u043e\u043b\u0435\u0437\u043d\u0438 \u043e\u0440\u0433\u0430\u043d\u043e\u0432 \u043e\u0431\u043e\u043d\u044f\u043d\u0438\u044f \u0438 \u0441\u043b\u0443\u0445\u0430 (\u0432\u043d\u0443\u0442\u0440\u0435\u043d\u043d\u0435\u0433\u043e \u0438 \u0441\u0440\u0435\u0434\u043d\u0435\u0433\u043e \u0443\u0445\u0430, \u0433\u043e\u0440\u0442\u0430\u043d\u0438 \u0438 \u0433\u043b\u043e\u0442\u043a\u0438, \u043d\u043e\u0441\u0430 \u0438 \u043f\u0430\u0437\u0443\u0445).","breadcrumb":{"@id":"https:\/\/medisfaar.ee\/ru\/uho-gorlo-nos\/#breadcrumb"},"inLanguage":"ru-RU","potentialAction":[{"@type":"ReadAction","target":["https:\/\/medisfaar.ee\/ru\/uho-gorlo-nos\/"]}]},{"@type":"BreadcrumbList","@id":"https:\/\/medisfaar.ee\/ru\/uho-gorlo-nos\/#breadcrumb","itemListElement":[{"@type":"ListItem","position":1,"name":"\u0413\u043b\u0430\u0432\u043d\u0430\u044f","item":"https:\/\/medisfaar.ee\/ru\/"},{"@type":"ListItem","position":2,"name":"\u041e\u0422\u041e\u0420\u0418\u041d\u041e\u041b\u0410\u0420\u0418\u041d\u0413\u041e\u041b\u041e\u0413\u0418\u042f. \u0426\u0415\u041d\u042b C 01.01.2026"}]},{"@type":"WebSite","@id":"https:\/\/medisfaar.ee\/#website","url":"https:\/\/medisfaar.ee\/","name":"medisfaar.ee","description":"Oleme Teie k\u00f5rval, ravime ja t\u00f6\u00f6tame Teie tervise nimel!","potentialAction":[{"@type":"SearchAction","target":{"@type":"EntryPoint","urlTemplate":"https:\/\/medisfaar.ee\/?s={search_term_string}"},"query-input":{"@type":"PropertyValueSpecification","valueRequired":true,"valueName":"search_term_string"}}],"inLanguage":"ru-RU"}]}},"_links":{"self":[{"href":"https:\/\/medisfaar.ee\/ru\/wp-json\/wp\/v2\/pages\/15960","targetHints":{"allow":["GET"]}}],"collection":[{"href":"https:\/\/medisfaar.ee\/ru\/wp-json\/wp\/v2\/pages"}],"about":[{"href":"https:\/\/medisfaar.ee\/ru\/wp-json\/wp\/v2\/types\/page"}],"author":[{"embeddable":true,"href":"https:\/\/medisfaar.ee\/ru\/wp-json\/wp\/v2\/users\/1"}],"replies":[{"embeddable":true,"href":"https:\/\/medisfaar.ee\/ru\/wp-json\/wp\/v2\/comments?post=15960"}],"version-history":[{"count":8,"href":"https:\/\/medisfaar.ee\/ru\/wp-json\/wp\/v2\/pages\/15960\/revisions"}],"predecessor-version":[{"id":19411,"href":"https:\/\/medisfaar.ee\/ru\/wp-json\/wp\/v2\/pages\/15960\/revisions\/19411"}],"wp:attachment":[{"href":"https:\/\/medisfaar.ee\/ru\/wp-json\/wp\/v2\/media?parent=15960"}],"curies":[{"name":"wp","href":"https:\/\/api.w.org\/{rel}","templated":true}]}}