{"id":15953,"date":"2021-04-04T17:51:11","date_gmt":"2021-04-04T14:51:11","guid":{"rendered":"https:\/\/medisfaar.ee\/hinnad\/"},"modified":"2025-12-23T13:47:11","modified_gmt":"2025-12-23T10:47:11","slug":"prejskurant-kliniki-as-medisfaar","status":"publish","type":"page","link":"https:\/\/medisfaar.ee\/ru\/prejskurant-kliniki-as-medisfaar\/","title":{"rendered":"\u0426\u0415\u041d\u042b"},"content":{"rendered":"<div id=\"cmsmasters_row_\" class=\"cmsmasters_row cmsmasters_color_scheme_default cmsmasters_row_top_default cmsmasters_row_bot_default cmsmasters_row_boxed\">\n<div class=\"cmsmasters_row_outer_parent\">\n<div class=\"cmsmasters_row_outer\">\n<div class=\"cmsmasters_row_inner\">\n<div class=\"cmsmasters_row_margin\">\n<div id=\"cmsmasters_column_\" class=\"cmsmasters_column one_first\">\n<div class=\"cmsmasters_column_inner\"><div class=\"cmsmasters_text\">\n<p>&nbsp;<\/p>\n<\/div>\n<\/div><\/div>\n<\/div>\n<\/div>\n<\/div>\n<\/div>\n<\/div>\n<div id=\"cmsmasters_row_4a1eo3d5g\" class=\"cmsmasters_row cmsmasters_color_scheme_default cmsmasters_row_top_default cmsmasters_row_bot_default cmsmasters_row_boxed\">\n<div class=\"cmsmasters_row_outer_parent\">\n<div class=\"cmsmasters_row_outer\">\n<div class=\"cmsmasters_row_inner\">\n<div class=\"cmsmasters_row_margin\">\n<div id=\"cmsmasters_column_2r86letwgk\" class=\"cmsmasters_column one_first\">\n<div class=\"cmsmasters_column_inner\"><div id=\"cmsmasters_heading_5aaxnmx2q5\" class=\"cmsmasters_heading_wrap cmsmasters_heading_align_left\">\n\t<h1 class=\"cmsmasters_heading\">\u041f\u0440\u0435\u0439\u0441\u043a\u0443\u0440\u0430\u043d\u0442 AS Medisf\u00e4\u00e4r<\/h1>\n<\/div>\n<\/div><\/div>\n<\/div>\n<\/div>\n<\/div>\n<\/div>\n<\/div>\n<div id=\"cmsmasters_row_mjdbclgw2b\" class=\"cmsmasters_row cmsmasters_color_scheme_default cmsmasters_row_top_default cmsmasters_row_bot_default cmsmasters_row_boxed\">\n<div class=\"cmsmasters_row_outer_parent\">\n<div class=\"cmsmasters_row_outer\">\n<div class=\"cmsmasters_row_inner\">\n<div class=\"cmsmasters_row_margin\">\n<div id=\"cmsmasters_column_da5550o2i\" class=\"cmsmasters_column one_first\">\n<div class=\"cmsmasters_column_inner\"><div id=\"cmsmasters_button_9uqubyo8ni\" class=\"button_wrap\"><a href=\"https:\/\/medisfaar.ee\/ru\/gunekoloogia-ja-rasedus-hinnad\/\" class=\"cmsmasters_button\"><span>\u0413\u0418\u041d\u0415\u041a\u041e\u041b\u041e\u0413\u0418\u042f. \u0426\u0415\u041d\u042b<\/span><\/a><\/div>\n<\/div><\/div>\n<\/div>\n<\/div>\n<\/div>\n<\/div>\n<\/div>\n<div id=\"cmsmasters_row_7y3bt1o5j7\" class=\"cmsmasters_row cmsmasters_color_scheme_default cmsmasters_row_top_default cmsmasters_row_bot_default cmsmasters_row_boxed\">\n<div class=\"cmsmasters_row_outer_parent\">\n<div class=\"cmsmasters_row_outer\">\n<div class=\"cmsmasters_row_inner\">\n<div class=\"cmsmasters_row_margin\">\n<div id=\"cmsmasters_column_tluxhmq65\" class=\"cmsmasters_column one_first\">\n<div class=\"cmsmasters_column_inner\"><div id=\"cmsmasters_button_ew37cmo53e\" class=\"button_wrap\"><a href=\"https:\/\/medisfaar.ee\/korva-nina-kurguhaigused-hinnad\/\" class=\"cmsmasters_button\"><span>\u041e\u0422\u041e\u0420\u0418\u041d\u041e\u041b\u0410\u0420\u0418\u041d\u0413\u041e\u041b\u041e\u0413\u0418\u042f. \u0426\u0415\u041d\u042b<\/span><\/a><\/div>\n<\/div><\/div>\n<\/div>\n<\/div>\n<\/div>\n<\/div>\n<\/div>\n<div id=\"cmsmasters_row_g44369ndba\" class=\"cmsmasters_row cmsmasters_color_scheme_default cmsmasters_row_top_default cmsmasters_row_bot_default cmsmasters_row_boxed\">\n<div class=\"cmsmasters_row_outer_parent\">\n<div class=\"cmsmasters_row_outer\">\n<div class=\"cmsmasters_row_inner\">\n<div class=\"cmsmasters_row_margin\">\n<div id=\"cmsmasters_column_n611z63i5\" class=\"cmsmasters_column one_first\">\n<div class=\"cmsmasters_column_inner\"><div id=\"cmsmasters_button_5hb35dgkmg\" class=\"button_wrap\"><a href=\"https:\/\/medisfaar.ee\/ru\/%d1%83%d0%b7%d0%b8-%d0%b3%d0%b0%d1%81%d1%82%d1%80%d0%be%d1%8d%d0%bd%d1%82%d0%b5%d1%80%d0%be%d0%bb%d0%be%d0%b3\/\" class=\"cmsmasters_button\"><span>\u0413\u0410\u0421\u0422\u0420\u041e\u042d\u041d\u0422\u0415\u0420\u041e\u041b\u041e\u0413\u0418\u042f. \u0426\u0415\u041d\u042b<\/span><\/a><\/div>\n<\/div><\/div>\n<\/div>\n<\/div>\n<\/div>\n<\/div>\n<\/div>\n<div id=\"cmsmasters_row_75otmfkwok\" class=\"cmsmasters_row cmsmasters_color_scheme_default cmsmasters_row_top_default cmsmasters_row_bot_default cmsmasters_row_boxed\">\n<div class=\"cmsmasters_row_outer_parent\">\n<div class=\"cmsmasters_row_outer\">\n<div class=\"cmsmasters_row_inner\">\n<div class=\"cmsmasters_row_margin\">\n<div id=\"cmsmasters_column_um646adq3\" class=\"cmsmasters_column one_first\">\n<div class=\"cmsmasters_column_inner\"><div id=\"cmsmasters_button_ig5q86z2kd\" class=\"button_wrap\"><a href=\"https:\/\/medisfaar.ee\/ru\/%d0%bf%d1%80%d0%b8%d0%b5%d0%bc-%d0%b2%d1%80%d0%b0%d1%87%d0%b0-%d0%bc%d0%b0%d0%bc%d0%bc%d0%be%d0%bb%d0%be%d0%b3%d0%b0\/\" class=\"cmsmasters_button\"><span>\u041c\u0410\u041c\u041c\u041e\u041b\u041e\u0413\u0418\u042f. \u0426\u0415\u041d\u042b<\/span><\/a><\/div>\n<\/div><\/div>\n<\/div>\n<\/div>\n<\/div>\n<\/div>\n<\/div>\n<div id=\"cmsmasters_row_8rqyj8bos8\" class=\"cmsmasters_row cmsmasters_color_scheme_default cmsmasters_row_top_default cmsmasters_row_bot_default cmsmasters_row_boxed\">\n<div class=\"cmsmasters_row_outer_parent\">\n<div class=\"cmsmasters_row_outer\">\n<div class=\"cmsmasters_row_inner\">\n<div class=\"cmsmasters_row_margin\">\n<div id=\"cmsmasters_column_ymvsw7hr3\" class=\"cmsmasters_column one_first\">\n<div class=\"cmsmasters_column_inner\"><div id=\"cmsmasters_button_v8tuxhr7bs\" class=\"button_wrap\"><a href=\"https:\/\/medisfaar.ee\/ru\/zubnoj-vrach\/\" class=\"cmsmasters_button\"><span>\u0421\u0422\u041e\u041c\u0410\u0422\u041e\u041b\u041e\u0413\u0418\u042f. \u0426\u0415\u041d\u042b<\/span><\/a><\/div>\n<\/div><\/div>\n<\/div>\n<\/div>\n<\/div>\n<\/div>\n<\/div>\n<div id=\"cmsmasters_row_nx364gr6y\" class=\"cmsmasters_row cmsmasters_color_scheme_default cmsmasters_row_top_default cmsmasters_row_bot_default cmsmasters_row_boxed\">\n<div class=\"cmsmasters_row_outer_parent\">\n<div class=\"cmsmasters_row_outer\">\n<div class=\"cmsmasters_row_inner\">\n<div class=\"cmsmasters_row_margin\">\n<div id=\"cmsmasters_column_5fh06mtix9\" class=\"cmsmasters_column one_first\">\n<div class=\"cmsmasters_column_inner\"><div id=\"cmsmasters_button_0okee34k1\" class=\"button_wrap\"><a href=\"https:\/\/medisfaar.ee\/ru\/%d1%83%d0%bb%d1%8c%d1%82%d1%80%d0%b0%d0%b7%d0%b2%d1%83%d0%ba%d0%be%d0%b2%d0%be%d0%b5-%d0%b8%d1%81%d1%81%d0%bb%d0%b5%d0%b4%d0%be%d0%b2%d0%b0%d0%bd%d0%b8%d0%b5\/\" class=\"cmsmasters_button\"><span>\u0423\u041b\u042c\u0422\u0420\u0410\u0417\u0412\u0423\u041a\u041e\u0412\u042b\u0415 \u0418\u0421\u0421\u041b\u0415\u0414\u041e\u0412\u0410\u041d\u0418\u042f. \u0426\u0415\u041d\u042b<\/span><\/a><\/div>\n<\/div><\/div>\n<\/div>\n<\/div>\n<\/div>\n<\/div>\n<\/div>\n\n","protected":false},"excerpt":{"rendered":"","protected":false},"author":1,"featured_media":0,"parent":0,"menu_order":0,"comment_status":"closed","ping_status":"closed","template":"","meta":{"footnotes":""},"class_list":["post-15953","page","type-page","status-publish","hentry"],"yoast_head":"<!-- This site is optimized with the Yoast SEO plugin v27.5 - https:\/\/yoast.com\/product\/yoast-seo-wordpress\/ -->\n<title>\u043f\u0440\u0435\u0439\u0441\u043a\u0443\u0440\u0430\u043d\u0442 \u043a\u043b\u0438\u043d\u0438\u043a\u0438 AS Medisf\u00e4\u00e4r - medisfaar.ee<\/title>\n<meta name=\"description\" content=\"\u0414\u0435\u0439\u0441\u0442\u0432\u0443\u044e\u0449\u0438\u0439 \u043f\u0440\u0435\u0439\u0441\u043a\u0443\u0440\u0430\u043d\u0442 \u043d\u0430 \u0443\u0441\u043b\u0443\u0433\u0438 \u043a\u043b\u0438\u043d\u0438\u043a\u0438 AS Medisf\u00e4\u00e4r. \u0413\u0438\u043d\u0435\u043a\u043e\u043b\u043e\u0433\u0438\u044f, \u0433\u0430\u0441\u0442\u0440\u043e\u044d\u043d\u0442\u0435\u0440\u043e\u043b\u043e\u0433\u0438\u044f, \u0441\u0442\u043e\u043c\u0430\u0442\u043e\u043b\u043e\u0433\u0438\u044f, \u0440\u043e\u0434\u0438\u043d\u043a\u0438, \u041b\u041e\u0420, \u043f\u0441\u0438\u0445\u043e\u043b\u043e\u0433 \u0438 \u043f\u0440.\" \/>\n<meta name=\"robots\" content=\"index, follow, max-snippet:-1, max-image-preview:large, max-video-preview:-1\" \/>\n<link rel=\"canonical\" href=\"https:\/\/medisfaar.ee\/ru\/prejskurant-kliniki-as-medisfaar\/\" \/>\n<meta property=\"og:locale\" content=\"ru_RU\" \/>\n<meta property=\"og:type\" content=\"article\" \/>\n<meta property=\"og:title\" content=\"\u043f\u0440\u0435\u0439\u0441\u043a\u0443\u0440\u0430\u043d\u0442 \u043a\u043b\u0438\u043d\u0438\u043a\u0438 AS Medisf\u00e4\u00e4r - medisfaar.ee\" \/>\n<meta property=\"og:description\" content=\"\u0414\u0435\u0439\u0441\u0442\u0432\u0443\u044e\u0449\u0438\u0439 \u043f\u0440\u0435\u0439\u0441\u043a\u0443\u0440\u0430\u043d\u0442 \u043d\u0430 \u0443\u0441\u043b\u0443\u0433\u0438 \u043a\u043b\u0438\u043d\u0438\u043a\u0438 AS Medisf\u00e4\u00e4r. \u0413\u0438\u043d\u0435\u043a\u043e\u043b\u043e\u0433\u0438\u044f, \u0433\u0430\u0441\u0442\u0440\u043e\u044d\u043d\u0442\u0435\u0440\u043e\u043b\u043e\u0433\u0438\u044f, \u0441\u0442\u043e\u043c\u0430\u0442\u043e\u043b\u043e\u0433\u0438\u044f, \u0440\u043e\u0434\u0438\u043d\u043a\u0438, \u041b\u041e\u0420, \u043f\u0441\u0438\u0445\u043e\u043b\u043e\u0433 \u0438 \u043f\u0440.\" \/>\n<meta property=\"og:url\" content=\"https:\/\/medisfaar.ee\/ru\/prejskurant-kliniki-as-medisfaar\/\" \/>\n<meta property=\"og:site_name\" content=\"medisfaar.ee\" \/>\n<meta property=\"article:modified_time\" content=\"2025-12-23T10:47:11+00:00\" \/>\n<meta name=\"twitter:card\" content=\"summary_large_image\" \/>\n<meta name=\"twitter:label1\" content=\"\u041f\u0440\u0438\u043c\u0435\u0440\u043d\u043e\u0435 \u0432\u0440\u0435\u043c\u044f \u0434\u043b\u044f \u0447\u0442\u0435\u043d\u0438\u044f\" \/>\n\t<meta name=\"twitter:data1\" content=\"2 \u043c\u0438\u043d\u0443\u0442\u044b\" \/>\n<script type=\"application\/ld+json\" class=\"yoast-schema-graph\">{\"@context\":\"https:\\\/\\\/schema.org\",\"@graph\":[{\"@type\":\"WebPage\",\"@id\":\"https:\\\/\\\/medisfaar.ee\\\/ru\\\/prejskurant-kliniki-as-medisfaar\\\/\",\"url\":\"https:\\\/\\\/medisfaar.ee\\\/ru\\\/prejskurant-kliniki-as-medisfaar\\\/\",\"name\":\"\u043f\u0440\u0435\u0439\u0441\u043a\u0443\u0440\u0430\u043d\u0442 \u043a\u043b\u0438\u043d\u0438\u043a\u0438 AS Medisf\u00e4\u00e4r - medisfaar.ee\",\"isPartOf\":{\"@id\":\"https:\\\/\\\/medisfaar.ee\\\/#website\"},\"datePublished\":\"2021-04-04T14:51:11+00:00\",\"dateModified\":\"2025-12-23T10:47:11+00:00\",\"description\":\"\u0414\u0435\u0439\u0441\u0442\u0432\u0443\u044e\u0449\u0438\u0439 \u043f\u0440\u0435\u0439\u0441\u043a\u0443\u0440\u0430\u043d\u0442 \u043d\u0430 \u0443\u0441\u043b\u0443\u0433\u0438 \u043a\u043b\u0438\u043d\u0438\u043a\u0438 AS Medisf\u00e4\u00e4r. \u0413\u0438\u043d\u0435\u043a\u043e\u043b\u043e\u0433\u0438\u044f, \u0433\u0430\u0441\u0442\u0440\u043e\u044d\u043d\u0442\u0435\u0440\u043e\u043b\u043e\u0433\u0438\u044f, \u0441\u0442\u043e\u043c\u0430\u0442\u043e\u043b\u043e\u0433\u0438\u044f, \u0440\u043e\u0434\u0438\u043d\u043a\u0438, \u041b\u041e\u0420, \u043f\u0441\u0438\u0445\u043e\u043b\u043e\u0433 \u0438 \u043f\u0440.\",\"breadcrumb\":{\"@id\":\"https:\\\/\\\/medisfaar.ee\\\/ru\\\/prejskurant-kliniki-as-medisfaar\\\/#breadcrumb\"},\"inLanguage\":\"ru-RU\",\"potentialAction\":[{\"@type\":\"ReadAction\",\"target\":[\"https:\\\/\\\/medisfaar.ee\\\/ru\\\/prejskurant-kliniki-as-medisfaar\\\/\"]}]},{\"@type\":\"BreadcrumbList\",\"@id\":\"https:\\\/\\\/medisfaar.ee\\\/ru\\\/prejskurant-kliniki-as-medisfaar\\\/#breadcrumb\",\"itemListElement\":[{\"@type\":\"ListItem\",\"position\":1,\"name\":\"\u0413\u043b\u0430\u0432\u043d\u0430\u044f\",\"item\":\"https:\\\/\\\/medisfaar.ee\\\/ru\\\/\"},{\"@type\":\"ListItem\",\"position\":2,\"name\":\"\u0426\u0415\u041d\u042b\"}]},{\"@type\":\"WebSite\",\"@id\":\"https:\\\/\\\/medisfaar.ee\\\/#website\",\"url\":\"https:\\\/\\\/medisfaar.ee\\\/\",\"name\":\"medisfaar.ee\",\"description\":\"Oleme Teie k\u00f5rval, ravime ja t\u00f6\u00f6tame Teie tervise nimel!\",\"potentialAction\":[{\"@type\":\"SearchAction\",\"target\":{\"@type\":\"EntryPoint\",\"urlTemplate\":\"https:\\\/\\\/medisfaar.ee\\\/?s={search_term_string}\"},\"query-input\":{\"@type\":\"PropertyValueSpecification\",\"valueRequired\":true,\"valueName\":\"search_term_string\"}}],\"inLanguage\":\"ru-RU\"}]}<\/script>\n<!-- \/ Yoast SEO plugin. -->","yoast_head_json":{"title":"\u043f\u0440\u0435\u0439\u0441\u043a\u0443\u0440\u0430\u043d\u0442 \u043a\u043b\u0438\u043d\u0438\u043a\u0438 AS Medisf\u00e4\u00e4r - medisfaar.ee","description":"\u0414\u0435\u0439\u0441\u0442\u0432\u0443\u044e\u0449\u0438\u0439 \u043f\u0440\u0435\u0439\u0441\u043a\u0443\u0440\u0430\u043d\u0442 \u043d\u0430 \u0443\u0441\u043b\u0443\u0433\u0438 \u043a\u043b\u0438\u043d\u0438\u043a\u0438 AS Medisf\u00e4\u00e4r. \u0413\u0438\u043d\u0435\u043a\u043e\u043b\u043e\u0433\u0438\u044f, \u0433\u0430\u0441\u0442\u0440\u043e\u044d\u043d\u0442\u0435\u0440\u043e\u043b\u043e\u0433\u0438\u044f, \u0441\u0442\u043e\u043c\u0430\u0442\u043e\u043b\u043e\u0433\u0438\u044f, \u0440\u043e\u0434\u0438\u043d\u043a\u0438, \u041b\u041e\u0420, \u043f\u0441\u0438\u0445\u043e\u043b\u043e\u0433 \u0438 \u043f\u0440.","robots":{"index":"index","follow":"follow","max-snippet":"max-snippet:-1","max-image-preview":"max-image-preview:large","max-video-preview":"max-video-preview:-1"},"canonical":"https:\/\/medisfaar.ee\/ru\/prejskurant-kliniki-as-medisfaar\/","og_locale":"ru_RU","og_type":"article","og_title":"\u043f\u0440\u0435\u0439\u0441\u043a\u0443\u0440\u0430\u043d\u0442 \u043a\u043b\u0438\u043d\u0438\u043a\u0438 AS Medisf\u00e4\u00e4r - medisfaar.ee","og_description":"\u0414\u0435\u0439\u0441\u0442\u0432\u0443\u044e\u0449\u0438\u0439 \u043f\u0440\u0435\u0439\u0441\u043a\u0443\u0440\u0430\u043d\u0442 \u043d\u0430 \u0443\u0441\u043b\u0443\u0433\u0438 \u043a\u043b\u0438\u043d\u0438\u043a\u0438 AS Medisf\u00e4\u00e4r. \u0413\u0438\u043d\u0435\u043a\u043e\u043b\u043e\u0433\u0438\u044f, \u0433\u0430\u0441\u0442\u0440\u043e\u044d\u043d\u0442\u0435\u0440\u043e\u043b\u043e\u0433\u0438\u044f, \u0441\u0442\u043e\u043c\u0430\u0442\u043e\u043b\u043e\u0433\u0438\u044f, \u0440\u043e\u0434\u0438\u043d\u043a\u0438, \u041b\u041e\u0420, \u043f\u0441\u0438\u0445\u043e\u043b\u043e\u0433 \u0438 \u043f\u0440.","og_url":"https:\/\/medisfaar.ee\/ru\/prejskurant-kliniki-as-medisfaar\/","og_site_name":"medisfaar.ee","article_modified_time":"2025-12-23T10:47:11+00:00","twitter_card":"summary_large_image","twitter_misc":{"\u041f\u0440\u0438\u043c\u0435\u0440\u043d\u043e\u0435 \u0432\u0440\u0435\u043c\u044f \u0434\u043b\u044f \u0447\u0442\u0435\u043d\u0438\u044f":"2 \u043c\u0438\u043d\u0443\u0442\u044b"},"schema":{"@context":"https:\/\/schema.org","@graph":[{"@type":"WebPage","@id":"https:\/\/medisfaar.ee\/ru\/prejskurant-kliniki-as-medisfaar\/","url":"https:\/\/medisfaar.ee\/ru\/prejskurant-kliniki-as-medisfaar\/","name":"\u043f\u0440\u0435\u0439\u0441\u043a\u0443\u0440\u0430\u043d\u0442 \u043a\u043b\u0438\u043d\u0438\u043a\u0438 AS Medisf\u00e4\u00e4r - medisfaar.ee","isPartOf":{"@id":"https:\/\/medisfaar.ee\/#website"},"datePublished":"2021-04-04T14:51:11+00:00","dateModified":"2025-12-23T10:47:11+00:00","description":"\u0414\u0435\u0439\u0441\u0442\u0432\u0443\u044e\u0449\u0438\u0439 \u043f\u0440\u0435\u0439\u0441\u043a\u0443\u0440\u0430\u043d\u0442 \u043d\u0430 \u0443\u0441\u043b\u0443\u0433\u0438 \u043a\u043b\u0438\u043d\u0438\u043a\u0438 AS Medisf\u00e4\u00e4r. \u0413\u0438\u043d\u0435\u043a\u043e\u043b\u043e\u0433\u0438\u044f, \u0433\u0430\u0441\u0442\u0440\u043e\u044d\u043d\u0442\u0435\u0440\u043e\u043b\u043e\u0433\u0438\u044f, \u0441\u0442\u043e\u043c\u0430\u0442\u043e\u043b\u043e\u0433\u0438\u044f, \u0440\u043e\u0434\u0438\u043d\u043a\u0438, \u041b\u041e\u0420, \u043f\u0441\u0438\u0445\u043e\u043b\u043e\u0433 \u0438 \u043f\u0440.","breadcrumb":{"@id":"https:\/\/medisfaar.ee\/ru\/prejskurant-kliniki-as-medisfaar\/#breadcrumb"},"inLanguage":"ru-RU","potentialAction":[{"@type":"ReadAction","target":["https:\/\/medisfaar.ee\/ru\/prejskurant-kliniki-as-medisfaar\/"]}]},{"@type":"BreadcrumbList","@id":"https:\/\/medisfaar.ee\/ru\/prejskurant-kliniki-as-medisfaar\/#breadcrumb","itemListElement":[{"@type":"ListItem","position":1,"name":"\u0413\u043b\u0430\u0432\u043d\u0430\u044f","item":"https:\/\/medisfaar.ee\/ru\/"},{"@type":"ListItem","position":2,"name":"\u0426\u0415\u041d\u042b"}]},{"@type":"WebSite","@id":"https:\/\/medisfaar.ee\/#website","url":"https:\/\/medisfaar.ee\/","name":"medisfaar.ee","description":"Oleme Teie k\u00f5rval, ravime ja t\u00f6\u00f6tame Teie tervise nimel!","potentialAction":[{"@type":"SearchAction","target":{"@type":"EntryPoint","urlTemplate":"https:\/\/medisfaar.ee\/?s={search_term_string}"},"query-input":{"@type":"PropertyValueSpecification","valueRequired":true,"valueName":"search_term_string"}}],"inLanguage":"ru-RU"}]}},"_links":{"self":[{"href":"https:\/\/medisfaar.ee\/ru\/wp-json\/wp\/v2\/pages\/15953","targetHints":{"allow":["GET"]}}],"collection":[{"href":"https:\/\/medisfaar.ee\/ru\/wp-json\/wp\/v2\/pages"}],"about":[{"href":"https:\/\/medisfaar.ee\/ru\/wp-json\/wp\/v2\/types\/page"}],"author":[{"embeddable":true,"href":"https:\/\/medisfaar.ee\/ru\/wp-json\/wp\/v2\/users\/1"}],"replies":[{"embeddable":true,"href":"https:\/\/medisfaar.ee\/ru\/wp-json\/wp\/v2\/comments?post=15953"}],"version-history":[{"count":9,"href":"https:\/\/medisfaar.ee\/ru\/wp-json\/wp\/v2\/pages\/15953\/revisions"}],"predecessor-version":[{"id":19384,"href":"https:\/\/medisfaar.ee\/ru\/wp-json\/wp\/v2\/pages\/15953\/revisions\/19384"}],"wp:attachment":[{"href":"https:\/\/medisfaar.ee\/ru\/wp-json\/wp\/v2\/media?parent=15953"}],"curies":[{"name":"wp","href":"https:\/\/api.w.org\/{rel}","templated":true}]}}